{"id":163162,"date":"2024-05-23T13:38:19","date_gmt":"2024-05-23T11:38:19","guid":{"rendered":"https:\/\/zpsv-cz.webvalleypreview.com\/mostni-konstrukce-a-propustky\/mostni-prvky\/zakazkova-vyroba-mostnich-nosniku-mk-t-petra\/"},"modified":"2024-05-23T13:38:19","modified_gmt":"2024-05-23T11:38:19","slug":"zakazkova-vyroba-mostnich-nosniku-mk-t-petra","status":"publish","type":"page","link":"https:\/\/zpsv-cz.webvalleypreview.com\/en\/mostni-konstrukce-a-propustky\/mostni-prvky\/zakazkova-vyroba-mostnich-nosniku-mk-t-petra\/","title":{"rendered":"Zak\u00e1zkov\u00e1 v\u00fdroba mostn\u00edch nosn\u00edk\u016f MK-T; PETRA"},"content":{"rendered":"<p>{&#8222;DateCreate&#8220;:&#8220;10.09.2009 12:33:58&#8243;,&#8220;ID&#8220;:&#8220;1157&#8243;,&#8220;GUID&#8220;:&#8220;BE049A7594CC03B9C125762D003A0AEA&#8220;,&#8220;Nazev&#8220;:&#8220;Zak\\u00e1zkov\\u00e1 v\\u00fdroba mostn\\u00edch nosn\\u00edk\\u016f MK-T; PETRA&#8220;,&#8220;Number&#8220;:&#8220;000000000010&#8243;,&#8220;ObchodniZnacka&#8220;:&#8220;ZV 010&#8243;,&#8220;Zavods&#8220;:&#8220;41 Litice&#8220;,&#8220;VyrPopisCZ&#8220;:&#8220;&#8220;,&#8220;VyrPopisDE&#8220;:&#8220;&#8220;,&#8220;VyrPopisEN&#8220;:&#8220;&#8220;,&#8220;VyrUrceniAPouzitCZ&#8220;:&#8220;* &#8211; dle projektov\\u00e9 dokumentace, bez omezen\\u00ed\\r\\rNosn\\u00edky MK-T (MK-T \\u010cD)  jsou navr\\u017eeny pro nosn\\u00e9 konstrukce silni\\u010dn\\u00edch, d\\u00e1lni\\u010dn\\u00edch a \\u017eelezni\\u010dn\\u00edch most\\u016f.\\rNosn\\u00edk MK-T m\\u00e1 tvar p\\u00edsmene \\u201eT\\u201c. Svisl\\u00e1 stojina je naho\\u0159e ukon\\u010dena konzolovit\\u011b vylo\\u017een\\u00fdmi bedn\\u00edc\\u00edmi deskami, tzv. k\\u0159\\u00eddly. Sklon horn\\u00edch bedn\\u00edc\\u00edch desek je mo\\u017en\\u00e9 p\\u0159izp\\u016fsobit p\\u0159\\u00ed\\u010dn\\u00e9mu sklonu vozovky. V p\\u0159\\u00edpad\\u011b, \\u017ee je most opat\\u0159en nadpodp\\u011brov\\u00fdmi monolitick\\u00fdmi p\\u0159\\u00ed\\u010dn\\u00edky, jsou konce nosn\\u00edk\\u016f bez k\\u0159\\u00eddel.\\r\\rVariabilita nosn\\u00edk\\u016f MK-T umo\\u017e\\u0148uje prov\\u00e1d\\u011bt sp\\u0159a\\u017een\\u00e9 nosn\\u00e9 konstrukce syst\\u00e9mu beton\\\/beton pro:\\r\\r- silni\\u010dn\\u00ed a d\\u00e1lni\\u010dn\\u00ed mosty o jednom poli, p\\u0159i d\\u00e9lk\\u00e1ch nosn\\u00edk\\u016f do cca 36,0 m vcelku, p\\u0159i v\\u011bt\\u0161\\u00edch d\\u00e9lk\\u00e1ch ze 2 a\\u017e 3 d\\u00edl\\u016f  s mo\\u017enost\\u00ed prov\\u00e1d\\u011bn\\u00ed n\\u00e1b\\u011bh\\u016f p\\u0159\\u00edm\\u00fdch nebo parabolick\\u00fdch\\r- silni\\u010dn\\u00ed a d\\u00e1lni\\u010dn\\u00ed mosty o v\\u00edce pol\\u00edch, prov\\u00e1d\\u011bn\\u00e9 jako spojit\\u00e9 konstrukce\\r- \\u017eelezni\\u010dn\\u00ed mosty o jednom nebo v\\u00edce pol\\u00edch \\r- zakryt\\u00ed hlouben\\u00fdch tunel\\u016f, stanic metra a jin\\u00fdch podzemn\\u00edch konstrukc\\u00ed s mo\\u017enost\\u00ed proveden\\u00ed v\\u011bj\\u00ed\\u0159ovit\\u00e9ho uspo\\u0159\\u00e1d\\u00e1n\\u00ed\\r- vazn\\u00edky pro zakryt\\u00ed velk\\u00fdch ploch (gar\\u00e1\\u017ee, sklady aj.)\\r- l\\u00e1vky pro p\\u011b\\u0161\\u00ed o jednom nebo v\\u00edce pol\\u00edch\\r- op\\u011brn\\u00e9 zdi\\r\\rNosn\\u00edky MK-T a MK-\\u010cD (pro jednokolejn\\u00e9 a v\\u00edcekolejn\\u00e9 mosty \\u017eelezni\\u010dn\\u00edch trat\\u00ed) nahrazuj\\u00ed d\\u0159\\u00edve pou\\u017e\\u00edvan\\u00e9 nosn\\u00edky \\u0159ady \\rKA-73 a I &#8211; 73 (I &#8211; 90).  V\\u00fdrobce na po\\u017e\\u00e1d\\u00e1n\\u00ed poskytne podklad pro projektov\\u00e1n\\u00ed, pop\\u0159. realiza\\u010dn\\u00ed dokumentaci s\\u00e1m zajist\\u00ed.\\rMimo uveden\\u00e9 typy mostn\\u00edch nosn\\u00edk\\u016f lze na z\\u00e1klad\\u011b projektov\\u00e9 dokumentace vyrobit i nosn\\u00edky typu VSTI, PETRA a dal\\u0161\\u00edch tvar\\u016f T, IT a I.&#8220;,&#8220;VyrUrceniAPouzitDE&#8220;:&#8220;&#8220;,&#8220;VyrUrceniAPouzitEN&#8220;:&#8220;* &#8211; as per the project documentation, without any limitations\\r\\rBeams MK-T (MK-T \\u010cD) are designed for bearing structures of road, highway and railway bridges.\\rBeam MK-T is \\&#8220;T\\&#8220;-shaped. Vertical web is terminated at the upper part with the shuttering plates arranged in an overhanging way, so called wings. The slant of upper shuttering plates can be accommodated to the road transverse inclination. In case the bridge is equipped with support monolithic cross beams the beam endings are without wings.\\r\\rThe MK-T variability enables making coupled bearing structures of the concrete\\\/concrete system for:\\r\\r- road and highway bridges with one field, with beam lenght up to approx. 32.0 m total, at larger length from 2 to 3 blocks with the possibility of direct or parabolic drive-ins\\r- road and highway bridges with more fields made as continuous structures\\r- railway bridges with one or more fields \\r- coverage of excavated tunnels, underground stations and other subterranean structures with the option of flabbellate arrangement\\r- joining beams for covering large areas (garages, storages, etc.)\\r- foot bridges with one or more fields\\r- retaining walls\\r\\rBeams MK-T and MK-\\u010cD (for single-track and multi-track railway bridges) replace originally used beams of lines \\rKA-73 and I &#8211; 73 (I &#8211; 90). On demand the manufacturer will provide the design information or can prepare the implementation documentation on its own.&#8220;,&#8220;VyrNazevCZ&#8220;:&#8220;Zak\\u00e1zkov\\u00e1 v\\u00fdroba mostn\\u00edch nosn\\u00edk\\u016f MK-T&#8220;,&#8220;VyrNazevDE&#8220;:&#8220;&#8220;,&#8220;VyrNazevEN&#8220;:&#8220;Custom manufacturing of bridge beam MK-T, PETRA&#8220;,&#8220;Beton&#8220;:&#8220;&#8220;,&#8220;ObjemPrvku&#8220;:&#8220;&#8220;,&#8220;HmotnostPrvku&#8220;:&#8220;max 70 000&#8243;,&#8220;L&#8220;:&#8220;max 3000&#8243;,&#8220;B&#8220;:&#8220;40 &#8211; 197&#8243;,&#8220;H&#8220;:&#8220;60 &#8211; 165&#8243;,&#8220;T&#8220;:&#8220;&#8220;,&#8220;D&#8220;:&#8220;&#8220;,&#8220;R&#8220;:&#8220;&#8220;,&#8220;L_2&#8243;:&#8220;&#8220;,&#8220;B_2&#8243;:&#8220;&#8220;,&#8220;H_2&#8243;:&#8220;&#8220;,&#8220;T_2&#8243;:&#8220;&#8220;,&#8220;D_2&#8243;:&#8220;&#8220;,&#8220;R_2&#8243;:&#8220;&#8220;,&#8220;L_1&#8243;:&#8220;&#8220;,&#8220;B_1&#8243;:&#8220;&#8220;,&#8220;H_1&#8243;:&#8220;&#8220;,&#8220;T_1&#8243;:&#8220;&#8220;,&#8220;D_1&#8243;:&#8220;&#8220;,&#8220;R_1&#8243;:&#8220;&#8220;,&#8220;KategorieName&#8220;:&#8220;Dopravn\\u00ed a in\\u017een\\u00fdrsk\\u00e9 stavby&#8220;,&#8220;PodkategorieName&#8220;:&#8220;Mostn\\u00ed prvky&#8220;,&#8220;attachments&#8220;:{&#8222;pvl&#8220;:[{&#8222;DateCreate&#8220;:&#8220;18.05.2023 14:21:46&#8243;,&#8220;ID&#8220;:&#8220;122&#8243;,&#8220;GUID&#8220;:&#8220;055559084AFEBBBFC12589B30043E973&#8243;,&#8220;VYR_ID&#8220;:&#8220;1157&#8243;,&#8220;VYR_Number&#8220;:&#8220;000000000010&#8243;,&#8220;VYR_ObchodniZnacka&#8220;:&#8220;ZV 010&#8243;,&#8220;Number&#8220;:&#8220;41-02\\\/23&#8243;,&#8220;Nazev&#8220;:&#8220;Mostn\\u00ed prvky&#8220;,&#8220;DatePlatnostDo&#8220;:&#8220;03.05.2024 0:00:00&#8243;,&#8220;ZavodName&#8220;:&#8220;41 Litice&#8220;,&#8220;file&#8220;:[{&#8222;ID&#8220;:&#8220;13015&#8243;,&#8220;ResourceGUID&#8220;:&#8220;055559084AFEBBBFC12589B30043E973&#8243;,&#8220;Name&#8220;:&#8220;1 &#8211; POV 41-02-23.pdf&#8220;,&#8220;FileNameGUID&#8220;:&#8220;055559084AFEBBBFC12589B30043E973_S8MDQCRT&#8220;,&#8220;Comment&#8220;:&#8220;&#8220;,&#8220;fileModel.Size&#8220;:&#8220;85176&#8243;,&#8220;Create&#8220;:&#8220;22.11.2023 7:52:37&#8243;,&#8220;MimeType&#8220;:&#8220;application\\\/octet-stream&#8220;,&#8220;ZPSV_WEB&#8220;:&#8220;True&#8220;}]}],&#8220;tpd&#8220;:[{&#8222;DateCreate&#8220;:&#8220;&#8220;,&#8220;ID&#8220;:&#8220;1544&#8243;,&#8220;GUID&#8220;:&#8220;ABCA2EAA2A4B803BC1257E930041BCD1&#8243;,&#8220;VYR_ID&#8220;:&#8220;1157&#8243;,&#8220;VYR_Number&#8220;:&#8220;000000000010&#8243;,&#8220;VYR_ObchodniZnacka&#8220;:&#8220;ZV 010&#8243;,&#8220;DocumentNumber&#8220;:&#8220;TP-01\\\/09&#8243;,&#8220;Title&#8220;:&#8220;Betonov\\u00e9 prefabrik\\u00e1ty &#8211; mostn\\u00ed prvky&#8220;,&#8220;IssueNumber&#8220;:&#8220;3&#8243;,&#8220;file&#8220;:[{&#8222;ID&#8220;:&#8220;3801&#8243;,&#8220;ResourceGUID&#8220;:&#8220;ABCA2EAA2A4B803BC1257E930041BCD1&#8243;,&#8220;Name&#8220;:&#8220;TP-01_09 Betonov\\u00e9 prefabrik\\u00e1ty &#8211; mostn\\u00ed prvky (3-1).pdf&#8220;,&#8220;FileNameGUID&#8220;:&#8220;ABCA2EAA2A4B803BC1257E930041BCD1_VEZTNSDJ&#8220;,&#8220;Comment&#8220;:&#8220;&#8220;,&#8220;fileModel.Size&#8220;:&#8220;554868&#8243;,&#8220;Create&#8220;:&#8220;17.08.2023 10:19:56&#8243;,&#8220;MimeType&#8220;:&#8220;application\\\/octet-stream&#8220;,&#8220;ZPSV_WEB&#8220;:&#8220;True&#8220;}]}]}}<\/p>","protected":false},"excerpt":{"rendered":"<p>{&#8222;DateCreate&#8220;:&#8220;10.09.2009 12:33:58&#8243;,&#8220;ID&#8220;:&#8220;1157&#8243;,&#8220;GUID&#8220;:&#8220;BE049A7594CC03B9C125762D003A0AEA&#8220;,&#8220;Nazev&#8220;:&#8220;Zak\\u00e1zkov\\u00e1 v\\u00fdroba mostn\\u00edch nosn\\u00edk\\u016f MK-T; PETRA&#8220;,&#8220;Number&#8220;:&#8220;000000000010&#8243;,&#8220;ObchodniZnacka&#8220;:&#8220;ZV 010&#8243;,&#8220;Zavods&#8220;:&#8220;41 Litice&#8220;,&#8220;VyrPopisCZ&#8220;:&#8220;&#8220;,&#8220;VyrPopisDE&#8220;:&#8220;&#8220;,&#8220;VyrPopisEN&#8220;:&#8220;&#8220;,&#8220;VyrUrceniAPouzitCZ&#8220;:&#8220;* &#8211; [&hellip;]<\/p>","protected":false},"author":1,"featured_media":0,"parent":160848,"menu_order":0,"comment_status":"closed","ping_status":"closed","template":"layouts\/page-katalog.php","meta":{"footnotes":""},"_links":{"self":[{"href":"https:\/\/zpsv-cz.webvalleypreview.com\/en\/wp-json\/wp\/v2\/pages\/163162"}],"collection":[{"href":"https:\/\/zpsv-cz.webvalleypreview.com\/en\/wp-json\/wp\/v2\/pages"}],"about":[{"href":"https:\/\/zpsv-cz.webvalleypreview.com\/en\/wp-json\/wp\/v2\/types\/page"}],"author":[{"embeddable":true,"href":"https:\/\/zpsv-cz.webvalleypreview.com\/en\/wp-json\/wp\/v2\/users\/1"}],"replies":[{"embeddable":true,"href":"https:\/\/zpsv-cz.webvalleypreview.com\/en\/wp-json\/wp\/v2\/comments?post=163162"}],"version-history":[{"count":0,"href":"https:\/\/zpsv-cz.webvalleypreview.com\/en\/wp-json\/wp\/v2\/pages\/163162\/revisions"}],"up":[{"embeddable":true,"href":"https:\/\/zpsv-cz.webvalleypreview.com\/en\/wp-json\/wp\/v2\/pages\/160848"}],"wp:attachment":[{"href":"https:\/\/zpsv-cz.webvalleypreview.com\/en\/wp-json\/wp\/v2\/media?parent=163162"}],"curies":[{"name":"wp","href":"https:\/\/api.w.org\/{rel}","templated":true}]}}