{"id":163165,"date":"2024-05-23T13:38:19","date_gmt":"2024-05-23T11:38:19","guid":{"rendered":"https:\/\/zpsv-cz.webvalleypreview.com\/kolejove-dopravni-stavby\/nastupiste\/nastupistni-obrubnik-l-75n\/"},"modified":"2024-05-23T13:38:19","modified_gmt":"2024-05-23T11:38:19","slug":"nastupistni-obrubnik-l-75n","status":"publish","type":"page","link":"https:\/\/zpsv-cz.webvalleypreview.com\/en\/kolejove-dopravni-stavby\/nastupiste\/nastupistni-obrubnik-l-75n\/","title":{"rendered":"N\u00e1stupi\u0161tn\u00ed obrubn\u00edk L 75N"},"content":{"rendered":"<p>{&#8222;DateCreate&#8220;:&#8220;21.03.2014 8:50:46&#8243;,&#8220;ID&#8220;:&#8220;1165&#8243;,&#8220;GUID&#8220;:&#8220;D7C32929D12FDDD4C1257CA2002B19A9&#8243;,&#8220;Nazev&#8220;:&#8220;N\\u00e1stupi\\u0161tn\\u00ed obrubn\\u00edk L 75N&#8220;,&#8220;Number&#8220;:&#8220;592129719041&#8243;,&#8220;ObchodniZnacka&#8220;:&#8220;ABZ 041-19&#8243;,&#8220;Zavods&#8220;:&#8220;61 Uhersk\\u00fd Ostroh&#8220;,&#8220;VyrPopisCZ&#8220;:&#8220;&#8220;,&#8220;VyrPopisDE&#8220;:&#8220;&#8220;,&#8220;VyrPopisEN&#8220;:&#8220;&#8220;,&#8220;VyrUrceniAPouzitCZ&#8220;:&#8220;Je ur\\u010den pro spodn\\u00ed stavbu mimo\\u00farov\\u0148ov\\u00fdch n\\u00e1stupi\\u0161\\u0165 s n\\u00e1stupn\\u00ed hranou 550 mm v kombinaci s n\\u00e1stupi\\u0161tn\\u00ed konzolovou deskou lomenou.  Prefabrik\\u00e1t je ve spodn\\u00ed \\u010d\\u00e1sti opat\\u0159en 3 z\\u00e1vitov\\u00fdmi pouzdry M16 pro v\\u00fd\\u0161kovou rektifikaci p\\u0159i mont\\u00e1\\u017ei v rozsahu cca 20-25 mm. P\\u0159ikotven\\u00ed prefabrik\\u00e1tu proti posunu a p\\u0159eklopen\\u00ed je realizov\\u00e1no p\\u0159es 3 kotv\\u00edc\\u00ed otvory ku\\u017eelov\\u00e9ho tvaru pr\\u016fm\\u011bru min. 100 mm. Tyto otvory sou\\u010dasn\\u011b slou\\u017e\\u00ed pro rovnom\\u011brn\\u00e9 podlit\\u00ed sp\\u00e1ry samozhutniteln\\u00fdm betonem SCC. V\\u00fdrobce doporu\\u010duje p\\u0159i v\\u00fdrob\\u011b SCC na stavb\\u011b pytlovan\\u00fd samozhutniteln\\u00fd beton fi SIKA. Prefabrik\\u00e1t je opat\\u0159en na jedn\\u00e9 bo\\u010dn\\u00ed stran\\u011b svisl\\u00fdm pry\\u017eov\\u00fdm t\\u011bsn\\u011bn\\u00edm z odoln\\u00e9 EPDM, kter\\u00e1 zapad\\u00e1 do dr\\u00e1\\u017eky druh\\u00e9ho prefabrik\\u00e1tu. T\\u00edm doch\\u00e1z\\u00ed k dokonal\\u00e9mu ut\\u011bsn\\u011bn\\u00ed sp\\u00e1ry a zabra\\u0148uje se vyplavov\\u00e1n\\u00ed jemn\\u00fdch \\u010d\\u00e1stic podkladn\\u00edch vrstev krytu n\\u00e1stupi\\u0161t\\u011b vlivem hromad\\u011bn\\u00ed  de\\u0161\\u0165ov\\u00fdch vod.&#8220;,&#8220;VyrUrceniAPouzitDE&#8220;:&#8220;&#8220;,&#8220;VyrUrceniAPouzitEN&#8220;:&#8220;&#8220;,&#8220;VyrNazevCZ&#8220;:&#8220;N\\u00e1stupi\\u0161tn\\u00ed obrubn\\u00edk L 75N&#8220;,&#8220;VyrNazevDE&#8220;:&#8220;&#8220;,&#8220;VyrNazevEN&#8220;:&#8220;&#8220;,&#8220;Beton&#8220;:&#8220;C 30\\\/37-XF4&#8243;,&#8220;ObjemPrvku&#8220;:&#8220;0,1528&#8243;,&#8220;HmotnostPrvku&#8220;:&#8220;363&#8243;,&#8220;L&#8220;:&#8220;99,5&#8243;,&#8220;B&#8220;:&#8220;60&#8243;,&#8220;H&#8220;:&#8220;75&#8243;,&#8220;T&#8220;:&#8220;&#8220;,&#8220;D&#8220;:&#8220;&#8220;,&#8220;R&#8220;:&#8220;&#8220;,&#8220;L_2&#8243;:&#8220;&#8220;,&#8220;B_2&#8243;:&#8220;&#8220;,&#8220;H_2&#8243;:&#8220;&#8220;,&#8220;T_2&#8243;:&#8220;&#8220;,&#8220;D_2&#8243;:&#8220;&#8220;,&#8220;R_2&#8243;:&#8220;&#8220;,&#8220;L_1&#8243;:&#8220;&#8220;,&#8220;B_1&#8243;:&#8220;25&#8243;,&#8220;H_1&#8243;:&#8220;&#8220;,&#8220;T_1&#8243;:&#8220;&#8220;,&#8220;D_1&#8243;:&#8220;&#8220;,&#8220;R_1&#8243;:&#8220;&#8220;,&#8220;KategorieName&#8220;:&#8220;Dopravn\\u00ed a in\\u017een\\u00fdrsk\\u00e9 stavby&#8220;,&#8220;PodkategorieName&#8220;:&#8220;N\\u00e1stupi\\u0161t\\u011b&#8220;,&#8220;attachments&#8220;:{&#8222;designs&#8220;:[{&#8222;DateCreate&#8220;:&#8220;&#8220;,&#8220;ID&#8220;:&#8220;3525&#8243;,&#8220;GUID&#8220;:&#8220;C1D1072E29F83722C1257CC50026E998&#8243;,&#8220;VYR_ID&#8220;:&#8220;1165&#8243;,&#8220;VYR_Number&#8220;:&#8220;592129719041&#8243;,&#8220;VYR_ObchodniZnacka&#8220;:&#8220;ABZ 041-19&#8243;,&#8220;DocumentNumber&#8220;:&#8220;592129719041&#8243;,&#8220;Title&#8220;:&#8220;N\\u00e1stupi\\u0161tn\\u00ed obrubn\\u00edk L 75N&#8220;,&#8220;IssueNumber&#8220;:&#8220;3&#8243;,&#8220;ZPSV_R4_Vyk1_ZaLomitkem&#8220;:&#8220;\\\/1-2&#8243;,&#8220;file&#8220;:[]},{&#8222;DateCreate&#8220;:&#8220;&#8220;,&#8220;ID&#8220;:&#8220;3118&#8243;,&#8220;GUID&#8220;:&#8220;7F9BFC28D49096AFC1257CC50027446C&#8220;,&#8220;VYR_ID&#8220;:&#8220;1165&#8243;,&#8220;VYR_Number&#8220;:&#8220;592129719041&#8243;,&#8220;VYR_ObchodniZnacka&#8220;:&#8220;ABZ 041-19&#8243;,&#8220;DocumentNumber&#8220;:&#8220;592129719041&#8243;,&#8220;Title&#8220;:&#8220;N\\u00e1stupi\\u0161tn\\u00ed obrubn\\u00edk L 75N&#8220;,&#8220;IssueNumber&#8220;:&#8220;2&#8243;,&#8220;ZPSV_R4_Vyk1_ZaLomitkem&#8220;:&#8220;\\\/2-1&#8243;,&#8220;file&#8220;:[]}],&#8220;tpd&#8220;:[{&#8222;DateCreate&#8220;:&#8220;&#8220;,&#8220;ID&#8220;:&#8220;1507&#8243;,&#8220;GUID&#8220;:&#8220;8D4FCA7AE25DB191C1257D240044F572&#8243;,&#8220;VYR_ID&#8220;:&#8220;1165&#8243;,&#8220;VYR_Number&#8220;:&#8220;592129719041&#8243;,&#8220;VYR_ObchodniZnacka&#8220;:&#8220;ABZ 041-19&#8243;,&#8220;DocumentNumber&#8220;:&#8220;TP-02\\\/13&#8243;,&#8220;Title&#8220;:&#8220;Prefabrik\\u00e1ty pro n\\u00e1stupi\\u0161t\\u011b vyr\\u00e1b\\u011bn\\u00e9 spole\\u010dnosti \\u017dPSV a.s. (\\u017dSR)&#8220;,&#8220;IssueNumber&#8220;:&#8220;2&#8243;,&#8220;file&#8220;:[{&#8222;ID&#8220;:&#8220;3770&#8243;,&#8220;ResourceGUID&#8220;:&#8220;8D4FCA7AE25DB191C1257D240044F572&#8243;,&#8220;Name&#8220;:&#8220;TP-02_13 N\\u00e1stupi\\u0161tn\\u00ed prefabrik\\u00e1ty  \\u017dPSV (2-1).pdf&#8220;,&#8220;FileNameGUID&#8220;:&#8220;8D4FCA7AE25DB191C1257D240044F572_OHEWCIQS&#8220;,&#8220;Comment&#8220;:&#8220;&#8220;,&#8220;fileModel.Size&#8220;:&#8220;1410813&#8243;,&#8220;Create&#8220;:&#8220;17.08.2023 10:19:56&#8243;,&#8220;MimeType&#8220;:&#8220;application\\\/octet-stream&#8220;,&#8220;ZPSV_WEB&#8220;:&#8220;True&#8220;}]}]}}<\/p>","protected":false},"excerpt":{"rendered":"<p>{&#8222;DateCreate&#8220;:&#8220;21.03.2014 8:50:46&#8243;,&#8220;ID&#8220;:&#8220;1165&#8243;,&#8220;GUID&#8220;:&#8220;D7C32929D12FDDD4C1257CA2002B19A9&#8243;,&#8220;Nazev&#8220;:&#8220;N\\u00e1stupi\\u0161tn\\u00ed obrubn\\u00edk L 75N&#8220;,&#8220;Number&#8220;:&#8220;592129719041&#8243;,&#8220;ObchodniZnacka&#8220;:&#8220;ABZ 041-19&#8243;,&#8220;Zavods&#8220;:&#8220;61 Uhersk\\u00fd Ostroh&#8220;,&#8220;VyrPopisCZ&#8220;:&#8220;&#8220;,&#8220;VyrPopisDE&#8220;:&#8220;&#8220;,&#8220;VyrPopisEN&#8220;:&#8220;&#8220;,&#8220;VyrUrceniAPouzitCZ&#8220;:&#8220;Je ur\\u010den pro [&hellip;]<\/p>","protected":false},"author":1,"featured_media":0,"parent":160625,"menu_order":0,"comment_status":"closed","ping_status":"closed","template":"layouts\/page-katalog.php","meta":{"footnotes":""},"_links":{"self":[{"href":"https:\/\/zpsv-cz.webvalleypreview.com\/en\/wp-json\/wp\/v2\/pages\/163165"}],"collection":[{"href":"https:\/\/zpsv-cz.webvalleypreview.com\/en\/wp-json\/wp\/v2\/pages"}],"about":[{"href":"https:\/\/zpsv-cz.webvalleypreview.com\/en\/wp-json\/wp\/v2\/types\/page"}],"author":[{"embeddable":true,"href":"https:\/\/zpsv-cz.webvalleypreview.com\/en\/wp-json\/wp\/v2\/users\/1"}],"replies":[{"embeddable":true,"href":"https:\/\/zpsv-cz.webvalleypreview.com\/en\/wp-json\/wp\/v2\/comments?post=163165"}],"version-history":[{"count":0,"href":"https:\/\/zpsv-cz.webvalleypreview.com\/en\/wp-json\/wp\/v2\/pages\/163165\/revisions"}],"up":[{"embeddable":true,"href":"https:\/\/zpsv-cz.webvalleypreview.com\/en\/wp-json\/wp\/v2\/pages\/160625"}],"wp:attachment":[{"href":"https:\/\/zpsv-cz.webvalleypreview.com\/en\/wp-json\/wp\/v2\/media?parent=163165"}],"curies":[{"name":"wp","href":"https:\/\/api.w.org\/{rel}","templated":true}]}}