{"id":163168,"date":"2024-05-23T13:38:19","date_gmt":"2024-05-23T11:38:19","guid":{"rendered":"https:\/\/zpsv-cz.webvalleypreview.com\/pozemni-stavby\/sloupy-tramy-vazniky-pruvlaky-steny-stropni-panely-schodiste-balkony-lodzie-zaklady\/zakazkova-vyroba-zakladovych-tramu\/"},"modified":"2024-05-23T13:38:19","modified_gmt":"2024-05-23T11:38:19","slug":"zakazkova-vyroba-zakladovych-tramu","status":"publish","type":"page","link":"https:\/\/zpsv-cz.webvalleypreview.com\/en\/pozemni-stavby\/sloupy-tramy-vazniky-pruvlaky-steny-stropni-panely-schodiste-balkony-lodzie-zaklady\/zakazkova-vyroba-zakladovych-tramu\/","title":{"rendered":"Zak\u00e1zkov\u00e1 v\u00fdroba z\u00e1kladov\u00fdch tr\u00e1m\u016f"},"content":{"rendered":"<p>{&#8222;DateCreate&#8220;:&#8220;10.09.2009 12:35:02&#8243;,&#8220;ID&#8220;:&#8220;1178&#8243;,&#8220;GUID&#8220;:&#8220;96CBC56B57F716ECC125762D003A23C5&#8243;,&#8220;Nazev&#8220;:&#8220;Zak\\u00e1zkov\\u00e1 v\\u00fdroba z\\u00e1kladov\\u00fdch tr\\u00e1m\\u016f&#8220;,&#8220;Number&#8220;:&#8220;000000000011&#8243;,&#8220;ObchodniZnacka&#8220;:&#8220;ZV 011&#8243;,&#8220;Zavods&#8220;:&#8220;41 Litice&#8220;,&#8220;VyrPopisCZ&#8220;:&#8220;&#8220;,&#8220;VyrPopisDE&#8220;:&#8220;&#8220;,&#8220;VyrPopisEN&#8220;:&#8220;&#8220;,&#8220;VyrUrceniAPouzitCZ&#8220;:&#8220;* &#8211; dle projektov\\u00e9 dokumentace, bez omezen\\u00ed \\r\\rPrefabrikovan\\u00e9 z\\u00e1kladov\\u00e9 tr\\u00e1my se pou\\u017e\\u00edvaj\\u00ed ke zrychlen\\u00ed postupu v\\u00fdstavby a ke sn\\u00ed\\u017een\\u00ed staveni\\u0161tn\\u00ed pracnosti p\\u0159i zakl\\u00e1d\\u00e1n\\u00ed prefabrikovan\\u00fdch skelet\\u016f. Rozm\\u011bry prvk\\u016f jsou navr\\u017eeny pro b\\u011b\\u017en\\u011b pou\\u017e\\u00edvan\\u00e9 rozm\\u011bry sloup\\u016f a rozm\\u011bry prostorov\\u00e9ho uspo\\u0159\\u00e1d\\u00e1n\\u00ed skeletov\\u00fdch staveb.&#8220;,&#8220;VyrUrceniAPouzitDE&#8220;:&#8220;&#8220;,&#8220;VyrUrceniAPouzitEN&#8220;:&#8220;* &#8211; as per the project documentation, without any limitations \\r\\rPrefab foundation beams are used to speed up the construction process and reduce the construction labour intensity when laying prefab shells. The element dimensions are designed for commonly used pole dimensions and the dimensions of skeleton structures space layout.&#8220;,&#8220;VyrNazevCZ&#8220;:&#8220;Zak\\u00e1zkov\\u00e1 v\\u00fdroba z\\u00e1kladov\\u00fdch tr\\u00e1m\\u016f&#8220;,&#8220;VyrNazevDE&#8220;:&#8220;&#8220;,&#8220;VyrNazevEN&#8220;:&#8220;Custom manufacturing of foundation beams&#8220;,&#8220;Beton&#8220;:&#8220;&#8220;,&#8220;ObjemPrvku&#8220;:&#8220;&#8220;,&#8220;HmotnostPrvku&#8220;:&#8220;&#8220;,&#8220;L&#8220;:&#8220;*&#8220;,&#8220;B&#8220;:&#8220;*&#8220;,&#8220;H&#8220;:&#8220;*&#8220;,&#8220;T&#8220;:&#8220;&#8220;,&#8220;D&#8220;:&#8220;&#8220;,&#8220;R&#8220;:&#8220;&#8220;,&#8220;L_2&#8243;:&#8220;&#8220;,&#8220;B_2&#8243;:&#8220;&#8220;,&#8220;H_2&#8243;:&#8220;&#8220;,&#8220;T_2&#8243;:&#8220;&#8220;,&#8220;D_2&#8243;:&#8220;&#8220;,&#8220;R_2&#8243;:&#8220;&#8220;,&#8220;L_1&#8243;:&#8220;&#8220;,&#8220;B_1&#8243;:&#8220;&#8220;,&#8220;H_1&#8243;:&#8220;&#8220;,&#8220;T_1&#8243;:&#8220;&#8220;,&#8220;D_1&#8243;:&#8220;&#8220;,&#8220;R_1&#8243;:&#8220;&#8220;,&#8220;KategorieName&#8220;:&#8220;Ob\\u010dansk\\u00e9 a pr\\u016fmyslov\\u00e9 stavby&#8220;,&#8220;PodkategorieName&#8220;:&#8220;Sloupy, tr\\u00e1my, vazn\\u00edky, pr\\u016fvlaky, st\\u011bny, stropn\\u00ed panely, schodi\\u0161t\\u011b, balkony, lod\\u017eie, z\\u00e1klady&#8220;,&#8220;attachments&#8220;:{&#8222;tpd&#8220;:[{&#8222;DateCreate&#8220;:&#8220;&#8220;,&#8220;ID&#8220;:&#8220;1546&#8243;,&#8220;GUID&#8220;:&#8220;F590EDD98226E96DC1257E91003D91BB&#8220;,&#8220;VYR_ID&#8220;:&#8220;1178&#8243;,&#8220;VYR_Number&#8220;:&#8220;000000000011&#8243;,&#8220;VYR_ObchodniZnacka&#8220;:&#8220;ZV 011&#8243;,&#8220;DocumentNumber&#8220;:&#8220;VTP 00-02\\\/11&#8243;,&#8220;Title&#8220;:&#8220;V\\u0161eobecn\\u00e9 technick\\u00e9 po\\u017eadavky&#8220;,&#8220;IssueNumber&#8220;:&#8220;1&#8243;,&#8220;file&#8220;:[{&#8222;ID&#8220;:&#8220;3893&#8243;,&#8220;ResourceGUID&#8220;:&#8220;F590EDD98226E96DC1257E91003D91BB&#8220;,&#8220;Name&#8220;:&#8220;VTP 00-02_11 V\\u0161eobecn\\u00e9 technick\\u00e9 po\\u017eadavky (3-2).pdf&#8220;,&#8220;FileNameGUID&#8220;:&#8220;F590EDD98226E96DC1257E91003D91BB_B6LRW1S3&#8243;,&#8220;Comment&#8220;:&#8220;&#8220;,&#8220;fileModel.Size&#8220;:&#8220;538123&#8243;,&#8220;Create&#8220;:&#8220;17.08.2023 10:19:57&#8243;,&#8220;MimeType&#8220;:&#8220;application\\\/octet-stream&#8220;,&#8220;ZPSV_WEB&#8220;:&#8220;True&#8220;}]}]}}<\/p>","protected":false},"excerpt":{"rendered":"<p>{&#8222;DateCreate&#8220;:&#8220;10.09.2009 12:35:02&#8243;,&#8220;ID&#8220;:&#8220;1178&#8243;,&#8220;GUID&#8220;:&#8220;96CBC56B57F716ECC125762D003A23C5&#8243;,&#8220;Nazev&#8220;:&#8220;Zak\\u00e1zkov\\u00e1 v\\u00fdroba z\\u00e1kladov\\u00fdch tr\\u00e1m\\u016f&#8220;,&#8220;Number&#8220;:&#8220;000000000011&#8243;,&#8220;ObchodniZnacka&#8220;:&#8220;ZV 011&#8243;,&#8220;Zavods&#8220;:&#8220;41 Litice&#8220;,&#8220;VyrPopisCZ&#8220;:&#8220;&#8220;,&#8220;VyrPopisDE&#8220;:&#8220;&#8220;,&#8220;VyrPopisEN&#8220;:&#8220;&#8220;,&#8220;VyrUrceniAPouzitCZ&#8220;:&#8220;* &#8211; dle projektov\\u00e9 [&hellip;]<\/p>","protected":false},"author":1,"featured_media":0,"parent":160656,"menu_order":0,"comment_status":"closed","ping_status":"closed","template":"layouts\/page-katalog.php","meta":{"footnotes":""},"_links":{"self":[{"href":"https:\/\/zpsv-cz.webvalleypreview.com\/en\/wp-json\/wp\/v2\/pages\/163168"}],"collection":[{"href":"https:\/\/zpsv-cz.webvalleypreview.com\/en\/wp-json\/wp\/v2\/pages"}],"about":[{"href":"https:\/\/zpsv-cz.webvalleypreview.com\/en\/wp-json\/wp\/v2\/types\/page"}],"author":[{"embeddable":true,"href":"https:\/\/zpsv-cz.webvalleypreview.com\/en\/wp-json\/wp\/v2\/users\/1"}],"replies":[{"embeddable":true,"href":"https:\/\/zpsv-cz.webvalleypreview.com\/en\/wp-json\/wp\/v2\/comments?post=163168"}],"version-history":[{"count":0,"href":"https:\/\/zpsv-cz.webvalleypreview.com\/en\/wp-json\/wp\/v2\/pages\/163168\/revisions"}],"up":[{"embeddable":true,"href":"https:\/\/zpsv-cz.webvalleypreview.com\/en\/wp-json\/wp\/v2\/pages\/160656"}],"wp:attachment":[{"href":"https:\/\/zpsv-cz.webvalleypreview.com\/en\/wp-json\/wp\/v2\/media?parent=163168"}],"curies":[{"name":"wp","href":"https:\/\/api.w.org\/{rel}","templated":true}]}}