{"id":163170,"date":"2024-05-23T13:38:19","date_gmt":"2024-05-23T11:38:19","guid":{"rendered":"https:\/\/zpsv-cz.webvalleypreview.com\/kolejove-dopravni-stavby\/nastupiste\/nastupistni-hrana-h-75\/"},"modified":"2024-05-23T13:38:19","modified_gmt":"2024-05-23T11:38:19","slug":"nastupistni-hrana-h-75","status":"publish","type":"page","link":"https:\/\/zpsv-cz.webvalleypreview.com\/en\/kolejove-dopravni-stavby\/nastupiste\/nastupistni-hrana-h-75\/","title":{"rendered":"N\u00e1stupi\u0161tn\u00ed hrana H 75"},"content":{"rendered":"<p>{&#8222;DateCreate&#8220;:&#8220;05.03.2014 7:18:52&#8243;,&#8220;ID&#8220;:&#8220;1199&#8243;,&#8220;GUID&#8220;:&#8220;35F64518D86BBCEDC1257C920022AFBE&#8220;,&#8220;Nazev&#8220;:&#8220;N\\u00e1stupi\\u0161tn\\u00ed hrana H 75&#8243;,&#8220;Number&#8220;:&#8220;592129719050&#8243;,&#8220;ObchodniZnacka&#8220;:&#8220;ABZ 050-19&#8243;,&#8220;Zavods&#8220;:&#8220;61 Uhersk\\u00fd Ostroh&#8220;,&#8220;VyrPopisCZ&#8220;:&#8220;&#8220;,&#8220;VyrPopisDE&#8220;:&#8220;&#8220;,&#8220;VyrPopisEN&#8220;:&#8220;&#8220;,&#8220;VyrUrceniAPouzitCZ&#8220;:&#8220;Je ur\\u010dena pro stavbu \\u00farov\\u0148ov\\u00fdch n\\u00e1stupi\\u0161\\u0165, zvl\\u00e1\\u0161t\\u011b na region\\u00e1ln\\u00edch trat\\u00edch st\\u00e1tn\\u00edch drah.&#8220;,&#8220;VyrUrceniAPouzitDE&#8220;:&#8220;&#8220;,&#8220;VyrUrceniAPouzitEN&#8220;:&#8220;&#8220;,&#8220;VyrNazevCZ&#8220;:&#8220;N\\u00e1stupi\\u0161tn\\u00ed hrana H 75&#8243;,&#8220;VyrNazevDE&#8220;:&#8220;&#8220;,&#8220;VyrNazevEN&#8220;:&#8220;&#8220;,&#8220;Beton&#8220;:&#8220;C 30\\\/37-XF4&#8243;,&#8220;ObjemPrvku&#8220;:&#8220;0,1344&#8243;,&#8220;HmotnostPrvku&#8220;:&#8220;319&#8243;,&#8220;L&#8220;:&#8220;99,5&#8243;,&#8220;B&#8220;:&#8220;53&#8243;,&#8220;H&#8220;:&#8220;75&#8243;,&#8220;T&#8220;:&#8220;&#8220;,&#8220;D&#8220;:&#8220;&#8220;,&#8220;R&#8220;:&#8220;&#8220;,&#8220;L_2&#8243;:&#8220;&#8220;,&#8220;B_2&#8243;:&#8220;&#8220;,&#8220;H_2&#8243;:&#8220;25&#8243;,&#8220;T_2&#8243;:&#8220;&#8220;,&#8220;D_2&#8243;:&#8220;&#8220;,&#8220;R_2&#8243;:&#8220;&#8220;,&#8220;L_1&#8243;:&#8220;&#8220;,&#8220;B_1&#8243;:&#8220;&#8220;,&#8220;H_1&#8243;:&#8220;8&#8243;,&#8220;T_1&#8243;:&#8220;&#8220;,&#8220;D_1&#8243;:&#8220;&#8220;,&#8220;R_1&#8243;:&#8220;&#8220;,&#8220;KategorieName&#8220;:&#8220;Dopravn\\u00ed a in\\u017een\\u00fdrsk\\u00e9 stavby&#8220;,&#8220;PodkategorieName&#8220;:&#8220;N\\u00e1stupi\\u0161t\\u011b&#8220;,&#8220;attachments&#8220;:{&#8222;designs&#8220;:[{&#8222;DateCreate&#8220;:&#8220;&#8220;,&#8220;ID&#8220;:&#8220;3552&#8243;,&#8220;GUID&#8220;:&#8220;87101D05661CB06CC1257C9200238D35&#8243;,&#8220;VYR_ID&#8220;:&#8220;1199&#8243;,&#8220;VYR_Number&#8220;:&#8220;592129719050&#8243;,&#8220;VYR_ObchodniZnacka&#8220;:&#8220;ABZ 050-19&#8243;,&#8220;DocumentNumber&#8220;:&#8220;592129719050&#8243;,&#8220;Title&#8220;:&#8220;N\\u00e1stupi\\u0161tn\\u00ed hrana H 75&#8243;,&#8220;IssueNumber&#8220;:&#8220;1&#8243;,&#8220;ZPSV_R4_Vyk1_ZaLomitkem&#8220;:&#8220;\\\/1-1&#8243;,&#8220;file&#8220;:[]}],&#8220;tpd&#8220;:[{&#8222;DateCreate&#8220;:&#8220;&#8220;,&#8220;ID&#8220;:&#8220;1507&#8243;,&#8220;GUID&#8220;:&#8220;8D4FCA7AE25DB191C1257D240044F572&#8243;,&#8220;VYR_ID&#8220;:&#8220;1199&#8243;,&#8220;VYR_Number&#8220;:&#8220;592129719050&#8243;,&#8220;VYR_ObchodniZnacka&#8220;:&#8220;ABZ 050-19&#8243;,&#8220;DocumentNumber&#8220;:&#8220;TP-02\\\/13&#8243;,&#8220;Title&#8220;:&#8220;Prefabrik\\u00e1ty pro n\\u00e1stupi\\u0161t\\u011b vyr\\u00e1b\\u011bn\\u00e9 spole\\u010dnosti \\u017dPSV a.s. (\\u017dSR)&#8220;,&#8220;IssueNumber&#8220;:&#8220;2&#8243;,&#8220;file&#8220;:[{&#8222;ID&#8220;:&#8220;3770&#8243;,&#8220;ResourceGUID&#8220;:&#8220;8D4FCA7AE25DB191C1257D240044F572&#8243;,&#8220;Name&#8220;:&#8220;TP-02_13 N\\u00e1stupi\\u0161tn\\u00ed prefabrik\\u00e1ty  \\u017dPSV (2-1).pdf&#8220;,&#8220;FileNameGUID&#8220;:&#8220;8D4FCA7AE25DB191C1257D240044F572_OHEWCIQS&#8220;,&#8220;Comment&#8220;:&#8220;&#8220;,&#8220;fileModel.Size&#8220;:&#8220;1410813&#8243;,&#8220;Create&#8220;:&#8220;17.08.2023 10:19:56&#8243;,&#8220;MimeType&#8220;:&#8220;application\\\/octet-stream&#8220;,&#8220;ZPSV_WEB&#8220;:&#8220;True&#8220;}]}]}}<\/p>","protected":false},"excerpt":{"rendered":"<p>{&#8222;DateCreate&#8220;:&#8220;05.03.2014 7:18:52&#8243;,&#8220;ID&#8220;:&#8220;1199&#8243;,&#8220;GUID&#8220;:&#8220;35F64518D86BBCEDC1257C920022AFBE&#8220;,&#8220;Nazev&#8220;:&#8220;N\\u00e1stupi\\u0161tn\\u00ed hrana H 75&#8243;,&#8220;Number&#8220;:&#8220;592129719050&#8243;,&#8220;ObchodniZnacka&#8220;:&#8220;ABZ 050-19&#8243;,&#8220;Zavods&#8220;:&#8220;61 Uhersk\\u00fd Ostroh&#8220;,&#8220;VyrPopisCZ&#8220;:&#8220;&#8220;,&#8220;VyrPopisDE&#8220;:&#8220;&#8220;,&#8220;VyrPopisEN&#8220;:&#8220;&#8220;,&#8220;VyrUrceniAPouzitCZ&#8220;:&#8220;Je ur\\u010dena pro [&hellip;]<\/p>","protected":false},"author":1,"featured_media":0,"parent":160625,"menu_order":0,"comment_status":"closed","ping_status":"closed","template":"layouts\/page-katalog.php","meta":{"footnotes":""},"_links":{"self":[{"href":"https:\/\/zpsv-cz.webvalleypreview.com\/en\/wp-json\/wp\/v2\/pages\/163170"}],"collection":[{"href":"https:\/\/zpsv-cz.webvalleypreview.com\/en\/wp-json\/wp\/v2\/pages"}],"about":[{"href":"https:\/\/zpsv-cz.webvalleypreview.com\/en\/wp-json\/wp\/v2\/types\/page"}],"author":[{"embeddable":true,"href":"https:\/\/zpsv-cz.webvalleypreview.com\/en\/wp-json\/wp\/v2\/users\/1"}],"replies":[{"embeddable":true,"href":"https:\/\/zpsv-cz.webvalleypreview.com\/en\/wp-json\/wp\/v2\/comments?post=163170"}],"version-history":[{"count":0,"href":"https:\/\/zpsv-cz.webvalleypreview.com\/en\/wp-json\/wp\/v2\/pages\/163170\/revisions"}],"up":[{"embeddable":true,"href":"https:\/\/zpsv-cz.webvalleypreview.com\/en\/wp-json\/wp\/v2\/pages\/160625"}],"wp:attachment":[{"href":"https:\/\/zpsv-cz.webvalleypreview.com\/en\/wp-json\/wp\/v2\/media?parent=163170"}],"curies":[{"name":"wp","href":"https:\/\/api.w.org\/{rel}","templated":true}]}}