{"id":163177,"date":"2024-05-23T13:38:19","date_gmt":"2024-05-23T11:38:19","guid":{"rendered":"https:\/\/zpsv-cz.webvalleypreview.com\/inzenyrske-stavby\/prvky-pro-odvodneni\/zelezobetonova-trouba-patkova-dn-800-s\/"},"modified":"2024-05-23T13:38:19","modified_gmt":"2024-05-23T11:38:19","slug":"zelezobetonova-trouba-patkova-dn-800-s","status":"publish","type":"page","link":"https:\/\/zpsv-cz.webvalleypreview.com\/en\/inzenyrske-stavby\/prvky-pro-odvodneni\/zelezobetonova-trouba-patkova-dn-800-s\/","title":{"rendered":"\u017delezobetonov\u00e1 trouba patkov\u00e1 DN 800 S"},"content":{"rendered":"<p>{&#8222;DateCreate&#8220;:&#8220;27.05.2010 11:04:51&#8243;,&#8220;ID&#8220;:&#8220;1224&#8243;,&#8220;GUID&#8220;:&#8220;7F47907079E6E372C12577300031E211&#8243;,&#8220;Nazev&#8220;:&#8220;\\u017delezobetonov\\u00e1 trouba patkov\\u00e1 DN 800 S&#8220;,&#8220;Number&#8220;:&#8220;592211719041&#8243;,&#8220;ObchodniZnacka&#8220;:&#8220;TZP 041-19&#8243;,&#8220;Zavods&#8220;:&#8220;07 \\u010cer\\u010dany&#8220;,&#8220;VyrPopisCZ&#8220;:&#8220;&#8220;,&#8220;VyrPopisDE&#8220;:&#8220;&#8220;,&#8220;VyrPopisEN&#8220;:&#8220;&#8220;,&#8220;VyrUrceniAPouzitCZ&#8220;:&#8220;\\u017delezobetonov\\u00e9 trouby patkov\\u00e9 DN 800 S, 1000 S, 1200 S jsou ur\\u010deny pro stavby jedno a v\\u00edce otvorov\\u00fdch propustk\\u016f pod silni\\u010dn\\u00edm t\\u011blesem. Volbou pevnostn\\u00ed t\\u0159\\u00eddy betonu a zp\\u016fsobem vyztu\\u017een\\u00ed zaji\\u0161\\u0165uj\\u00ed minim\\u00e1ln\\u00ed \\u00fanosnsot ve vrcholov\\u00e9m tlaku Fn = 142 kN\\\/m pro DN 800mm, Fn = 130 kN\\\/m pro DN 1000 a Fn = 118 kN\\\/m pro DN 1200mm. Tyto hodnoty zabezpe\\u010duj\\u00ed pou\\u017eit\\u00ed trub do hloubky v\\u00fdkopu pro ulo\\u017een\\u00ed v r\\u00fdze 5,9 &#8211; 7,0m (DN 800),  5,5 &#8211; 6,5m (DN 1000) 4,5 &#8211; 5,3m (DN 1200). Pro ulo\\u017een\\u00ed v n\\u00e1sypu zabezpe\\u010duj\\u00ed tyto hodnoty: DN 800 &#8211; max. 5,9m, DN 1000 do 4,8m, DN 1200 do 3,9m. Nen\\u00ed uva\\u017eov\\u00e1no s p\\u0159it\\u00ed\\u017een\\u00edm silni\\u010dn\\u00ed dopravou. Pro tyto p\\u0159\\u00edpady je nutn\\u00e9 zpracovat samostatn\\u00e9 statick\\u00e9 posouzen\\u00ed.\\rJedn\\u00e1 se o dut\\u00e9 d\\u00edlce s vnit\\u0159n\\u00edm kruhov\\u00fdm pr\\u016f\\u0159ezem ve spodn\\u00ed \\u010d\\u00e1sti opat\\u0159en\\u00e9 rovnou \\u00falo\\u017enou plochou \\u2013 patka trouby. \\u010cela trub jsou opat\\u0159ena tvarovanou polodr\\u00e1\\u017ekou, kdy vn\\u011bj\\u0161\\u00ed polodr\\u00e1\\u017eka tvo\\u0159\\u00ed tzv. hrdlo, kter\\u00e9 nevystupuje z vn\\u011bj\\u0161\\u00edho obrysu. Vnit\\u0159n\\u00ed polodr\\u00e1\\u017eka tvo\\u0159\\u00ed tzv. d\\u0159\\u00edk. Dokonal\\u00e9 t\\u011bsn\\u011bn\\u00ed spoj\\u016f jednotliv\\u00fdch trub zaji\\u0161\\u0165uje integrovan\\u00e9 pry\\u017eov\\u00e9 t\\u011bsn\\u011bn\\u00ed, zabudovan\\u00e9 v dr\\u00e1\\u017ece po obvodu hrdla. Ve st\\u011bn\\u00e1ch trub jsou zabudov\\u00e1ny p\\u0159epravn\\u00ed \\u00fachyty s kulovou hlavou odpov\\u00eddaj\\u00edc\\u00ed nosnosti, umo\\u017e\\u0148uj\\u00edc\\u00ed ve\\u0161kerou manipulaci ve svisl\\u00e9 nebo vodorovn\\u00e9 poloze p\\u0159i nakl\\u00e1dce, ot\\u00e1\\u010den\\u00ed pokl\\u00e1dce a mont\\u00e1\\u017ei. \\u017dB trouby patkov\\u00e9 se ukl\\u00e1daj\\u00ed na pr\\u016fb\\u011b\\u017en\\u00fd monolitick\\u00fd z\\u00e1klad. Betonov\\u00fd z\\u00e1klad usnad\\u0148uje vz\\u00e1jemn\\u00e9 zasunut\\u00ed trub. \\u017eelezobetonov\\u00e9 trouby patkov\\u00e9 DN 800 s, 1000 s, 1200 S jsou vyr\\u00e1b\\u011bny z betonu pevnostn\\u00ed t\\u0159\\u00eddy C 35\\\/45, pro stupe\\u0148 vlivu prost\\u0159ed\\u00ed XC4, XD3, XF4, XA1.\\r&#8220;,&#8220;VyrUrceniAPouzitDE&#8220;:&#8220;&#8220;,&#8220;VyrUrceniAPouzitEN&#8220;:&#8220;&#8220;,&#8220;VyrNazevCZ&#8220;:&#8220;\\u017delezobetonov\\u00e1 trouba patkov\\u00e1 DN 800 S&#8220;,&#8220;VyrNazevDE&#8220;:&#8220;&#8220;,&#8220;VyrNazevEN&#8220;:&#8220;&#8220;,&#8220;Beton&#8220;:&#8220;C 50\\\/60-XF4&#8243;,&#8220;ObjemPrvku&#8220;:&#8220;0,5480&#8243;,&#8220;HmotnostPrvku&#8220;:&#8220;1320&#8243;,&#8220;L&#8220;:&#8220;110&#8243;,&#8220;B&#8220;:&#8220;&#8220;,&#8220;H&#8220;:&#8220;&#8220;,&#8220;T&#8220;:&#8220;&#8220;,&#8220;D&#8220;:&#8220;80&#8243;,&#8220;R&#8220;:&#8220;&#8220;,&#8220;L_2&#8243;:&#8220;10&#8243;,&#8220;B_2&#8243;:&#8220;&#8220;,&#8220;H_2&#8243;:&#8220;&#8220;,&#8220;T_2&#8243;:&#8220;17&#8243;,&#8220;D_2&#8243;:&#8220;&#8220;,&#8220;R_2&#8243;:&#8220;&#8220;,&#8220;L_1&#8243;:&#8220;&#8220;,&#8220;B_1&#8243;:&#8220;&#8220;,&#8220;H_1&#8243;:&#8220;&#8220;,&#8220;T_1&#8243;:&#8220;19&#8243;,&#8220;D_1&#8243;:&#8220;116&#8243;,&#8220;R_1&#8243;:&#8220;&#8220;,&#8220;KategorieName&#8220;:&#8220;Dopravn\\u00ed a in\\u017een\\u00fdrsk\\u00e9 stavby&#8220;,&#8220;PodkategorieName&#8220;:&#8220;Prvky pro odvodn\\u011bn\\u00ed&#8220;,&#8220;attachments&#8220;:{&#8222;designs&#8220;:[{&#8222;DateCreate&#8220;:&#8220;&#8220;,&#8220;ID&#8220;:&#8220;3581&#8243;,&#8220;GUID&#8220;:&#8220;E4D51EB444F69B93C1257E4B0026F6A1&#8243;,&#8220;VYR_ID&#8220;:&#8220;1224&#8243;,&#8220;VYR_Number&#8220;:&#8220;592211719041&#8243;,&#8220;VYR_ObchodniZnacka&#8220;:&#8220;TZP 041-19&#8243;,&#8220;DocumentNumber&#8220;:&#8220;592211719041&#8243;,&#8220;Title&#8220;:&#8220;\\u017dB trouba patkov\\u00e1 DN 800 S&#8220;,&#8220;IssueNumber&#8220;:&#8220;1&#8243;,&#8220;ZPSV_R4_Vyk1_ZaLomitkem&#8220;:&#8220;\\\/2-1&#8243;,&#8220;file&#8220;:[]}],&#8220;tpd&#8220;:[{&#8222;DateCreate&#8220;:&#8220;&#8220;,&#8220;ID&#8220;:&#8220;1518&#8243;,&#8220;GUID&#8220;:&#8220;D88E1A437F726504C1257E93004274AC&#8220;,&#8220;VYR_ID&#8220;:&#8220;1224&#8243;,&#8220;VYR_Number&#8220;:&#8220;592211719041&#8243;,&#8220;VYR_ObchodniZnacka&#8220;:&#8220;TZP 041-19&#8243;,&#8220;DocumentNumber&#8220;:&#8220;TP-04\\\/10&#8243;,&#8220;Title&#8220;:&#8220;\\u017delezobetonov\\u00e9 trouby patkov\\u00e9 DN 800 S, DN 1000 S, DN 1200 S pro trubn\\u00ed propustky&#8220;,&#8220;IssueNumber&#8220;:&#8220;2&#8243;,&#8220;file&#8220;:[{&#8222;ID&#8220;:&#8220;3865&#8243;,&#8220;ResourceGUID&#8220;:&#8220;D88E1A437F726504C1257E93004274AC&#8220;,&#8220;Name&#8220;:&#8220;TP-04_10 \\u017delezobetonov\\u00e9 trouby patkov\\u00e9 DN 800 S_ DN 1000 S_ DN 1200 S pro trubn\\u00ed propustky  (2-1).pdf&#8220;,&#8220;FileNameGUID&#8220;:&#8220;D88E1A437F726504C1257E93004274AC_RATXW5SO&#8220;,&#8220;Comment&#8220;:&#8220;&#8220;,&#8220;fileModel.Size&#8220;:&#8220;661911&#8243;,&#8220;Create&#8220;:&#8220;17.08.2023 10:19:56&#8243;,&#8220;MimeType&#8220;:&#8220;application\\\/octet-stream&#8220;,&#8220;ZPSV_WEB&#8220;:&#8220;True&#8220;}]},{&#8222;DateCreate&#8220;:&#8220;&#8220;,&#8220;ID&#8220;:&#8220;1534&#8243;,&#8220;GUID&#8220;:&#8220;E491E65FC2EA494EC1257FB9001F79FF&#8220;,&#8220;VYR_ID&#8220;:&#8220;1224&#8243;,&#8220;VYR_Number&#8220;:&#8220;592211719041&#8243;,&#8220;VYR_ObchodniZnacka&#8220;:&#8220;TZP 041-19&#8243;,&#8220;DocumentNumber&#8220;:&#8220;TP-11\\\/16&#8243;,&#8220;Title&#8220;:&#8220;\\u017delezobetonov\\u00e9 trouby patkov\\u00e9 (\\u017dSR)&#8220;,&#8220;IssueNumber&#8220;:&#8220;1&#8243;,&#8220;file&#8220;:[{&#8222;ID&#8220;:&#8220;3872&#8243;,&#8220;ResourceGUID&#8220;:&#8220;E491E65FC2EA494EC1257FB9001F79FF&#8220;,&#8220;Name&#8220;:&#8220;TP-11_16-\\u017delezobetonov\\u00e9 trouby patkov\\u00e9 DN (800_1000_1200) (1-1).pdf&#8220;,&#8220;FileNameGUID&#8220;:&#8220;E491E65FC2EA494EC1257FB9001F79FF_TKUBMJ2P&#8220;,&#8220;Comment&#8220;:&#8220;&#8220;,&#8220;fileModel.Size&#8220;:&#8220;985617&#8243;,&#8220;Create&#8220;:&#8220;17.08.2023 10:19:57&#8243;,&#8220;MimeType&#8220;:&#8220;application\\\/octet-stream&#8220;,&#8220;ZPSV_WEB&#8220;:&#8220;True&#8220;}]}]}}<\/p>","protected":false},"excerpt":{"rendered":"<p>{&#8222;DateCreate&#8220;:&#8220;27.05.2010 11:04:51&#8243;,&#8220;ID&#8220;:&#8220;1224&#8243;,&#8220;GUID&#8220;:&#8220;7F47907079E6E372C12577300031E211&#8243;,&#8220;Nazev&#8220;:&#8220;\\u017delezobetonov\\u00e1 trouba patkov\\u00e1 DN 800 S&#8220;,&#8220;Number&#8220;:&#8220;592211719041&#8243;,&#8220;ObchodniZnacka&#8220;:&#8220;TZP 041-19&#8243;,&#8220;Zavods&#8220;:&#8220;07 \\u010cer\\u010dany&#8220;,&#8220;VyrPopisCZ&#8220;:&#8220;&#8220;,&#8220;VyrPopisDE&#8220;:&#8220;&#8220;,&#8220;VyrPopisEN&#8220;:&#8220;&#8220;,&#8220;VyrUrceniAPouzitCZ&#8220;:&#8220;\\u017delezobetonov\\u00e9 trouby [&hellip;]<\/p>","protected":false},"author":1,"featured_media":0,"parent":160622,"menu_order":0,"comment_status":"closed","ping_status":"closed","template":"layouts\/page-katalog.php","meta":{"footnotes":""},"_links":{"self":[{"href":"https:\/\/zpsv-cz.webvalleypreview.com\/en\/wp-json\/wp\/v2\/pages\/163177"}],"collection":[{"href":"https:\/\/zpsv-cz.webvalleypreview.com\/en\/wp-json\/wp\/v2\/pages"}],"about":[{"href":"https:\/\/zpsv-cz.webvalleypreview.com\/en\/wp-json\/wp\/v2\/types\/page"}],"author":[{"embeddable":true,"href":"https:\/\/zpsv-cz.webvalleypreview.com\/en\/wp-json\/wp\/v2\/users\/1"}],"replies":[{"embeddable":true,"href":"https:\/\/zpsv-cz.webvalleypreview.com\/en\/wp-json\/wp\/v2\/comments?post=163177"}],"version-history":[{"count":0,"href":"https:\/\/zpsv-cz.webvalleypreview.com\/en\/wp-json\/wp\/v2\/pages\/163177\/revisions"}],"up":[{"embeddable":true,"href":"https:\/\/zpsv-cz.webvalleypreview.com\/en\/wp-json\/wp\/v2\/pages\/160622"}],"wp:attachment":[{"href":"https:\/\/zpsv-cz.webvalleypreview.com\/en\/wp-json\/wp\/v2\/media?parent=163177"}],"curies":[{"name":"wp","href":"https:\/\/api.w.org\/{rel}","templated":true}]}}