{"id":163187,"date":"2024-05-23T13:38:19","date_gmt":"2024-05-23T11:38:19","guid":{"rendered":"https:\/\/zpsv-cz.webvalleypreview.com\/pozemni-stavby\/sloupy-tramy-vazniky-pruvlaky-steny-stropni-panely-schodiste-balkony-lodzie-zaklady\/zakazkova-vyroba-zelezobetonovych-vazniku-a-vaznic\/"},"modified":"2024-05-23T13:38:19","modified_gmt":"2024-05-23T11:38:19","slug":"zakazkova-vyroba-zelezobetonovych-vazniku-a-vaznic","status":"publish","type":"page","link":"https:\/\/zpsv-cz.webvalleypreview.com\/en\/pozemni-stavby\/sloupy-tramy-vazniky-pruvlaky-steny-stropni-panely-schodiste-balkony-lodzie-zaklady\/zakazkova-vyroba-zelezobetonovych-vazniku-a-vaznic\/","title":{"rendered":"Zak\u00e1zkov\u00e1 v\u00fdroba \u017eelezobetonov\u00fdch vazn\u00edk\u016f a vaznic"},"content":{"rendered":"<p>{&#8222;DateCreate&#8220;:&#8220;10.09.2009 11:52:40&#8243;,&#8220;ID&#8220;:&#8220;1365&#8243;,&#8220;GUID&#8220;:&#8220;28C69028FB91623AC125762D00364300&#8243;,&#8220;Nazev&#8220;:&#8220;Zak\\u00e1zkov\\u00e1 v\\u00fdroba \\u017eelezobetonov\\u00fdch vazn\\u00edk\\u016f a vaznic&#8220;,&#8220;Number&#8220;:&#8220;000000000004&#8243;,&#8220;ObchodniZnacka&#8220;:&#8220;ZV 004&#8243;,&#8220;Zavods&#8220;:&#8220;07 \\u010cer\\u010dany&#8220;,&#8220;VyrPopisCZ&#8220;:&#8220;&#8220;,&#8220;VyrPopisDE&#8220;:&#8220;&#8220;,&#8220;VyrPopisEN&#8220;:&#8220;&#8220;,&#8220;VyrUrceniAPouzitCZ&#8220;:&#8220;Vazn\\u00edky a vaznice jsou navrhov\\u00e1ny pro konstrukce st\\u0159ech rozlehl\\u00fdch objekt\\u016f s po\\u017eadavkem uvoln\\u011bn\\u00e9 vnit\\u0159n\\u00ed dispozice jako jsou supermarkety, hypermarkety, skladov\\u00e9 a v\\u00fdrobn\\u00ed haly apod. Modulov\\u00e1 skladba je navrhov\\u00e1na dle po\\u017eadavk\\u016f investora od 15 m rozp\\u011bt\\u00ed do 30 m. Vazn\\u00edky se ukl\\u00e1daj\\u00ed p\\u0159\\u00edmo na sloupy nebo na pr\\u016fvlaky. Tento konstruk\\u010dn\\u00ed prvek je vhodn\\u00fd k vytv\\u00e1\\u0159en\\u00ed pultov\\u00fdch i sedlov\\u00fdch st\\u0159ech. Pr\\u016f\\u0159ez je volen ve tvaru T. V hlav\\u011b vazn\\u00edku a vaznice lze p\\u0159i v\\u00fdrob\\u011b zabudovat spojovac\\u00ed materi\\u00e1l pro uchycen\\u00ed vaznic, \\u010di trap\\u00e9zov\\u00e9ho plechu. D\\u00edlce mohou b\\u00fdt odleh\\u010deny otvory.&#8220;,&#8220;VyrUrceniAPouzitDE&#8220;:&#8220;&#8220;,&#8220;VyrUrceniAPouzitEN&#8220;:&#8220;Joining beams and binding rafters are designed for the roofs of extensive objects with loose internal layout requested such as supermarkets, hypermarkets, storage and factory buildings, etc. Module composition is designed as per investor\\&#8220;s requirements with the span from 15 m to 30 m. Joining beams are put directly on poles or filigree ceilings. This design element is suitable for making aisle saddle roofs. Cross section is in T shape. Bond material can be put in the head of joining beams and binding rafters\\rto anchor binding rafters, or trapezial sheet metal. Components can be unloaded by means of holes.&#8220;,&#8220;VyrNazevCZ&#8220;:&#8220;Zak\\u00e1zkov\\u00e1 v\\u00fdroba \\u017eelezobetonov\\u00fdch vazn\\u00edk\\u016f a vaznic&#8220;,&#8220;VyrNazevDE&#8220;:&#8220;&#8220;,&#8220;VyrNazevEN&#8220;:&#8220;Custom manufacturing of iron-concrete joining beams and binding rafters&#8220;,&#8220;Beton&#8220;:&#8220;&#8220;,&#8220;ObjemPrvku&#8220;:&#8220;&#8220;,&#8220;HmotnostPrvku&#8220;:&#8220;max 32 000 &#8211; 70 000&#8243;,&#8220;L&#8220;:&#8220;max 2600 &#8211; 3600&#8243;,&#8220;B&#8220;:&#8220;max 100&#8243;,&#8220;H&#8220;:&#8220;max 220&#8243;,&#8220;T&#8220;:&#8220;&#8220;,&#8220;D&#8220;:&#8220;&#8220;,&#8220;R&#8220;:&#8220;&#8220;,&#8220;L_2&#8243;:&#8220;&#8220;,&#8220;B_2&#8243;:&#8220;&#8220;,&#8220;H_2&#8243;:&#8220;&#8220;,&#8220;T_2&#8243;:&#8220;&#8220;,&#8220;D_2&#8243;:&#8220;&#8220;,&#8220;R_2&#8243;:&#8220;&#8220;,&#8220;L_1&#8243;:&#8220;&#8220;,&#8220;B_1&#8243;:&#8220;&#8220;,&#8220;H_1&#8243;:&#8220;&#8220;,&#8220;T_1&#8243;:&#8220;&#8220;,&#8220;D_1&#8243;:&#8220;&#8220;,&#8220;R_1&#8243;:&#8220;&#8220;,&#8220;KategorieName&#8220;:&#8220;Ob\\u010dansk\\u00e9 a pr\\u016fmyslov\\u00e9 stavby&#8220;,&#8220;PodkategorieName&#8220;:&#8220;Sloupy, tr\\u00e1my, vazn\\u00edky, pr\\u016fvlaky, st\\u011bny, stropn\\u00ed panely, schodi\\u0161t\\u011b, balkony, lod\\u017eie, z\\u00e1klady&#8220;,&#8220;attachments&#8220;:{&#8222;pvl&#8220;:[{&#8222;DateCreate&#8220;:&#8220;30.08.2022 13:25:35&#8243;,&#8220;ID&#8220;:&#8220;101&#8243;,&#8220;GUID&#8220;:&#8220;630C4C5DE1175A6BC12588AE003EC46E&#8220;,&#8220;VYR_ID&#8220;:&#8220;1365&#8243;,&#8220;VYR_Number&#8220;:&#8220;000000000004&#8243;,&#8220;VYR_ObchodniZnacka&#8220;:&#8220;ZV 004&#8243;,&#8220;Number&#8220;:&#8220;07-08\\\/22&#8243;,&#8220;Nazev&#8220;:&#8220;\\u017delezobetonov\\u00e9 ty\\u010dov\\u00e9 nosn\\u00e9 prvky&#8220;,&#8220;DatePlatnostDo&#8220;:&#8220;14.08.2023 0:00:00&#8243;,&#8220;ZavodName&#8220;:&#8220;07 \\u010cer\\u010dany&#8220;,&#8220;file&#8220;:[{&#8222;ID&#8220;:&#8220;13135&#8243;,&#8220;ResourceGUID&#8220;:&#8220;630C4C5DE1175A6BC12588AE003EC46E&#8220;,&#8220;Name&#8220;:&#8220;1 &#8211; POV 07-08-22.pdf&#8220;,&#8220;FileNameGUID&#8220;:&#8220;630C4C5DE1175A6BC12588AE003EC46E_WK0YRCQ6&#8243;,&#8220;Comment&#8220;:&#8220;&#8220;,&#8220;fileModel.Size&#8220;:&#8220;83263&#8243;,&#8220;Create&#8220;:&#8220;22.11.2023 7:52:38&#8243;,&#8220;MimeType&#8220;:&#8220;application\\\/octet-stream&#8220;,&#8220;ZPSV_WEB&#8220;:&#8220;True&#8220;}]},{&#8222;DateCreate&#8220;:&#8220;24.11.2023 13:54:10&#8243;,&#8220;ID&#8220;:&#8220;161&#8243;,&#8220;GUID&#8220;:&#8220;cd87f4c2-b07d-42cf-9981-4e57012a8d09&#8243;,&#8220;VYR_ID&#8220;:&#8220;1365&#8243;,&#8220;VYR_Number&#8220;:&#8220;000000000004&#8243;,&#8220;VYR_ObchodniZnacka&#8220;:&#8220;ZV 004&#8243;,&#8220;Number&#8220;:&#8220;07-18\\\/23&#8243;,&#8220;Nazev&#8220;:&#8220;\\u017delezobetonov\\u00e9 ty\\u010dov\\u00e9 nosn\\u00e9 prvky&#8220;,&#8220;DatePlatnostDo&#8220;:&#8220;23.10.2024 0:00:00&#8243;,&#8220;ZavodName&#8220;:&#8220;07 \\u010cer\\u010dany&#8220;,&#8220;file&#8220;:[{&#8222;ID&#8220;:&#8220;13377&#8243;,&#8220;ResourceGUID&#8220;:&#8220;cd87f4c2-b07d-42cf-9981-4e57012a8d09&#8243;,&#8220;Name&#8220;:&#8220;1 &#8211; POV 07-18-23.pdf&#8220;,&#8220;FileNameGUID&#8220;:&#8220;bc6564a8-89db-4b80-8026-8f74a435cbc2&#8243;,&#8220;Comment&#8220;:&#8220;&#8220;,&#8220;fileModel.Size&#8220;:&#8220;76940&#8243;,&#8220;Create&#8220;:&#8220;24.11.2023 13:58:09&#8243;,&#8220;MimeType&#8220;:&#8220;application\\\/pdf&#8220;,&#8220;ZPSV_WEB&#8220;:&#8220;True&#8220;}]},{&#8222;DateCreate&#8220;:&#8220;18.05.2023 14:49:08&#8243;,&#8220;ID&#8220;:&#8220;130&#8243;,&#8220;GUID&#8220;:&#8220;84301783C63F30CDC12589B300466ACE&#8220;,&#8220;VYR_ID&#8220;:&#8220;1365&#8243;,&#8220;VYR_Number&#8220;:&#8220;000000000004&#8243;,&#8220;VYR_ObchodniZnacka&#8220;:&#8220;ZV 004&#8243;,&#8220;Number&#8220;:&#8220;41-10\\\/23&#8243;,&#8220;Nazev&#8220;:&#8220;\\u017delezobetonov\\u00e9 a p\\u0159edpjat\\u00e9 ty\\u010dov\\u00e9 nosn\\u00e9 prvky&#8220;,&#8220;DatePlatnostDo&#8220;:&#8220;10.05.2024 0:00:00&#8243;,&#8220;ZavodName&#8220;:&#8220;41 Litice&#8220;,&#8220;file&#8220;:[{&#8222;ID&#8220;:&#8220;13187&#8243;,&#8220;ResourceGUID&#8220;:&#8220;84301783C63F30CDC12589B300466ACE&#8220;,&#8220;Name&#8220;:&#8220;1 &#8211; POV 41-10-23.pdf&#8220;,&#8220;FileNameGUID&#8220;:&#8220;84301783C63F30CDC12589B300466ACE_CSCCBA2G&#8220;,&#8220;Comment&#8220;:&#8220;&#8220;,&#8220;fileModel.Size&#8220;:&#8220;81644&#8243;,&#8220;Create&#8220;:&#8220;22.11.2023 7:52:38&#8243;,&#8220;MimeType&#8220;:&#8220;application\\\/octet-stream&#8220;,&#8220;ZPSV_WEB&#8220;:&#8220;True&#8220;}]}],&#8220;tpd&#8220;:[{&#8222;DateCreate&#8220;:&#8220;&#8220;,&#8220;ID&#8220;:&#8220;1546&#8243;,&#8220;GUID&#8220;:&#8220;F590EDD98226E96DC1257E91003D91BB&#8220;,&#8220;VYR_ID&#8220;:&#8220;1365&#8243;,&#8220;VYR_Number&#8220;:&#8220;000000000004&#8243;,&#8220;VYR_ObchodniZnacka&#8220;:&#8220;ZV 004&#8243;,&#8220;DocumentNumber&#8220;:&#8220;VTP 00-02\\\/11&#8243;,&#8220;Title&#8220;:&#8220;V\\u0161eobecn\\u00e9 technick\\u00e9 po\\u017eadavky&#8220;,&#8220;IssueNumber&#8220;:&#8220;1&#8243;,&#8220;file&#8220;:[{&#8222;ID&#8220;:&#8220;3893&#8243;,&#8220;ResourceGUID&#8220;:&#8220;F590EDD98226E96DC1257E91003D91BB&#8220;,&#8220;Name&#8220;:&#8220;VTP 00-02_11 V\\u0161eobecn\\u00e9 technick\\u00e9 po\\u017eadavky (3-2).pdf&#8220;,&#8220;FileNameGUID&#8220;:&#8220;F590EDD98226E96DC1257E91003D91BB_B6LRW1S3&#8243;,&#8220;Comment&#8220;:&#8220;&#8220;,&#8220;fileModel.Size&#8220;:&#8220;538123&#8243;,&#8220;Create&#8220;:&#8220;17.08.2023 10:19:57&#8243;,&#8220;MimeType&#8220;:&#8220;application\\\/octet-stream&#8220;,&#8220;ZPSV_WEB&#8220;:&#8220;True&#8220;}]}]}}<\/p>","protected":false},"excerpt":{"rendered":"<p>{&#8222;DateCreate&#8220;:&#8220;10.09.2009 11:52:40&#8243;,&#8220;ID&#8220;:&#8220;1365&#8243;,&#8220;GUID&#8220;:&#8220;28C69028FB91623AC125762D00364300&#8243;,&#8220;Nazev&#8220;:&#8220;Zak\\u00e1zkov\\u00e1 v\\u00fdroba \\u017eelezobetonov\\u00fdch vazn\\u00edk\\u016f a vaznic&#8220;,&#8220;Number&#8220;:&#8220;000000000004&#8243;,&#8220;ObchodniZnacka&#8220;:&#8220;ZV 004&#8243;,&#8220;Zavods&#8220;:&#8220;07 \\u010cer\\u010dany&#8220;,&#8220;VyrPopisCZ&#8220;:&#8220;&#8220;,&#8220;VyrPopisDE&#8220;:&#8220;&#8220;,&#8220;VyrPopisEN&#8220;:&#8220;&#8220;,&#8220;VyrUrceniAPouzitCZ&#8220;:&#8220;Vazn\\u00edky a [&hellip;]<\/p>","protected":false},"author":1,"featured_media":0,"parent":160656,"menu_order":0,"comment_status":"closed","ping_status":"closed","template":"layouts\/page-katalog.php","meta":{"footnotes":""},"_links":{"self":[{"href":"https:\/\/zpsv-cz.webvalleypreview.com\/en\/wp-json\/wp\/v2\/pages\/163187"}],"collection":[{"href":"https:\/\/zpsv-cz.webvalleypreview.com\/en\/wp-json\/wp\/v2\/pages"}],"about":[{"href":"https:\/\/zpsv-cz.webvalleypreview.com\/en\/wp-json\/wp\/v2\/types\/page"}],"author":[{"embeddable":true,"href":"https:\/\/zpsv-cz.webvalleypreview.com\/en\/wp-json\/wp\/v2\/users\/1"}],"replies":[{"embeddable":true,"href":"https:\/\/zpsv-cz.webvalleypreview.com\/en\/wp-json\/wp\/v2\/comments?post=163187"}],"version-history":[{"count":0,"href":"https:\/\/zpsv-cz.webvalleypreview.com\/en\/wp-json\/wp\/v2\/pages\/163187\/revisions"}],"up":[{"embeddable":true,"href":"https:\/\/zpsv-cz.webvalleypreview.com\/en\/wp-json\/wp\/v2\/pages\/160656"}],"wp:attachment":[{"href":"https:\/\/zpsv-cz.webvalleypreview.com\/en\/wp-json\/wp\/v2\/media?parent=163187"}],"curies":[{"name":"wp","href":"https:\/\/api.w.org\/{rel}","templated":true}]}}