{"id":163188,"date":"2024-05-23T13:38:19","date_gmt":"2024-05-23T11:38:19","guid":{"rendered":"https:\/\/zpsv-cz.webvalleypreview.com\/pozemni-stavby\/sloupy-tramy-vazniky-pruvlaky-steny-stropni-panely-schodiste-balkony-lodzie-zaklady\/zakazkova-vyroba-nosnych-a-vyplnovych-stenovych-panelu\/"},"modified":"2024-05-23T13:38:19","modified_gmt":"2024-05-23T11:38:19","slug":"zakazkova-vyroba-nosnych-a-vyplnovych-stenovych-panelu","status":"publish","type":"page","link":"https:\/\/zpsv-cz.webvalleypreview.com\/en\/pozemni-stavby\/sloupy-tramy-vazniky-pruvlaky-steny-stropni-panely-schodiste-balkony-lodzie-zaklady\/zakazkova-vyroba-nosnych-a-vyplnovych-stenovych-panelu\/","title":{"rendered":"Zak\u00e1zkov\u00e1 v\u00fdroba nosn\u00fdch a v\u00fdpl\u0148ov\u00fdch st\u011bnov\u00fdch panel\u016f"},"content":{"rendered":"<p>{&#8222;DateCreate&#8220;:&#8220;10.09.2009 11:54:32&#8243;,&#8220;ID&#8220;:&#8220;1374&#8243;,&#8220;GUID&#8220;:&#8220;F6E1E1F6D4BACAF9C125762D00366EB9&#8243;,&#8220;Nazev&#8220;:&#8220;Zak\\u00e1zkov\\u00e1 v\\u00fdroba nosn\\u00fdch a v\\u00fdpl\\u0148ov\\u00fdch st\\u011bnov\\u00fdch panel\\u016f&#8220;,&#8220;Number&#8220;:&#8220;000000000006&#8243;,&#8220;ObchodniZnacka&#8220;:&#8220;ZV 006&#8243;,&#8220;Zavods&#8220;:&#8220;07 \\u010cer\\u010dany&#8220;,&#8220;VyrPopisCZ&#8220;:&#8220;&#8220;,&#8220;VyrPopisDE&#8220;:&#8220;&#8220;,&#8220;VyrPopisEN&#8220;:&#8220;&#8220;,&#8220;VyrUrceniAPouzitCZ&#8220;:&#8220;* &#8211; dle projektov\\u00e9 dokumentace, bez omezen\\u00ed\\r\\rPrefabrikovan\\u00e9 st\\u011bnov\\u00e9 panely pro bytovou a ob\\u010danskou v\\u00fdstavbu. D\\u00edlce jsou opat\\u0159eny kotv\\u00edc\\u00edmi prvky k vz\\u00e1jemn\\u00e9mu spojen\\u00ed. V panelech je zabudov\\u00e1no veden\\u00ed pro ta\\u017een\\u00ed elektroinstalac\\u00ed. Syst\\u00e9m je vhodn\\u00fd pro stavbu rodinn\\u00fdch dom\\u016f, zejm\\u00e9na v\\u0161ak pro hromadnou bytovou v\\u00fdstavbu.&#8220;,&#8220;VyrUrceniAPouzitDE&#8220;:&#8220;&#8220;,&#8220;VyrUrceniAPouzitEN&#8220;:&#8220;Prefab wall panels for apartment and civic construction. Blocks are equipped with anchor elements for interconnection. Conduct for electrical wirings is built in the panels. The system is suitable for family house construction, however mainly for mass flat construction.&#8220;,&#8220;VyrNazevCZ&#8220;:&#8220;Zak\\u00e1zkov\\u00e1 v\\u00fdroba nosn\\u00fdch a v\\u00fdpl\\u0148ov\\u00fdch st\\u011bnov\\u00fdch panel\\u016f&#8220;,&#8220;VyrNazevDE&#8220;:&#8220;&#8220;,&#8220;VyrNazevEN&#8220;:&#8220;Custom manufacturing of bearing and filler wall panels&#8220;,&#8220;Beton&#8220;:&#8220;&#8220;,&#8220;ObjemPrvku&#8220;:&#8220;&#8220;,&#8220;HmotnostPrvku&#8220;:&#8220;max 20 000 &#8211; 40 000&#8243;,&#8220;L&#8220;:&#8220;max 1200 &#8211; 1300&#8243;,&#8220;B&#8220;:&#8220;max 300 &#8211; 350&#8243;,&#8220;H&#8220;:&#8220;*&#8220;,&#8220;T&#8220;:&#8220;&#8220;,&#8220;D&#8220;:&#8220;&#8220;,&#8220;R&#8220;:&#8220;&#8220;,&#8220;L_2&#8243;:&#8220;&#8220;,&#8220;B_2&#8243;:&#8220;&#8220;,&#8220;H_2&#8243;:&#8220;&#8220;,&#8220;T_2&#8243;:&#8220;&#8220;,&#8220;D_2&#8243;:&#8220;&#8220;,&#8220;R_2&#8243;:&#8220;&#8220;,&#8220;L_1&#8243;:&#8220;&#8220;,&#8220;B_1&#8243;:&#8220;&#8220;,&#8220;H_1&#8243;:&#8220;&#8220;,&#8220;T_1&#8243;:&#8220;&#8220;,&#8220;D_1&#8243;:&#8220;&#8220;,&#8220;R_1&#8243;:&#8220;&#8220;,&#8220;KategorieName&#8220;:&#8220;Ob\\u010dansk\\u00e9 a pr\\u016fmyslov\\u00e9 stavby&#8220;,&#8220;PodkategorieName&#8220;:&#8220;Sloupy, tr\\u00e1my, vazn\\u00edky, pr\\u016fvlaky, st\\u011bny, stropn\\u00ed panely, schodi\\u0161t\\u011b, balkony, lod\\u017eie, z\\u00e1klady&#8220;,&#8220;attachments&#8220;:{&#8222;pvl&#8220;:[{&#8222;DateCreate&#8220;:&#8220;30.08.2022 13:58:59&#8243;,&#8220;ID&#8220;:&#8220;105&#8243;,&#8220;GUID&#8220;:&#8220;3AF9A9E462176EFDC12588AE0041D38A&#8220;,&#8220;VYR_ID&#8220;:&#8220;1374&#8243;,&#8220;VYR_Number&#8220;:&#8220;000000000006&#8243;,&#8220;VYR_ObchodniZnacka&#8220;:&#8220;ZV 006&#8243;,&#8220;Number&#8220;:&#8220;07-11\\\/22&#8243;,&#8220;Nazev&#8220;:&#8220;\\u017delezobetonov\\u00e9 st\\u011bny&#8220;,&#8220;DatePlatnostDo&#8220;:&#8220;14.08.2023 0:00:00&#8243;,&#8220;ZavodName&#8220;:&#8220;07 \\u010cer\\u010dany&#8220;,&#8220;file&#8220;:[{&#8222;ID&#8220;:&#8220;13085&#8243;,&#8220;ResourceGUID&#8220;:&#8220;3AF9A9E462176EFDC12588AE0041D38A&#8220;,&#8220;Name&#8220;:&#8220;1 &#8211; POV 07-11-22.pdf&#8220;,&#8220;FileNameGUID&#8220;:&#8220;3AF9A9E462176EFDC12588AE0041D38A_1IML9IOA&#8220;,&#8220;Comment&#8220;:&#8220;&#8220;,&#8220;fileModel.Size&#8220;:&#8220;81278&#8243;,&#8220;Create&#8220;:&#8220;22.11.2023 7:52:37&#8243;,&#8220;MimeType&#8220;:&#8220;application\\\/octet-stream&#8220;,&#8220;ZPSV_WEB&#8220;:&#8220;True&#8220;}]},{&#8222;DateCreate&#8220;:&#8220;24.11.2023 14:03:16&#8243;,&#8220;ID&#8220;:&#8220;164&#8243;,&#8220;GUID&#8220;:&#8220;ecae75cd-c4cf-49f3-8fac-9cf649ac79bb&#8220;,&#8220;VYR_ID&#8220;:&#8220;1374&#8243;,&#8220;VYR_Number&#8220;:&#8220;000000000006&#8243;,&#8220;VYR_ObchodniZnacka&#8220;:&#8220;ZV 006&#8243;,&#8220;Number&#8220;:&#8220;07-21\\\/23&#8243;,&#8220;Nazev&#8220;:&#8220;\\u017delezobetonov\\u00e9 st\\u011bny&#8220;,&#8220;DatePlatnostDo&#8220;:&#8220;23.10.2024 0:00:00&#8243;,&#8220;ZavodName&#8220;:&#8220;07 \\u010cer\\u010dany&#8220;,&#8220;file&#8220;:[{&#8222;ID&#8220;:&#8220;13401&#8243;,&#8220;ResourceGUID&#8220;:&#8220;ecae75cd-c4cf-49f3-8fac-9cf649ac79bb&#8220;,&#8220;Name&#8220;:&#8220;1 &#8211; POV 07-21-23.pdf&#8220;,&#8220;FileNameGUID&#8220;:&#8220;8836b77b-19df-42ab-8d27-e658e1486aaf&#8220;,&#8220;Comment&#8220;:&#8220;&#8220;,&#8220;fileModel.Size&#8220;:&#8220;73023&#8243;,&#8220;Create&#8220;:&#8220;24.11.2023 14:04:34&#8243;,&#8220;MimeType&#8220;:&#8220;application\\\/pdf&#8220;,&#8220;ZPSV_WEB&#8220;:&#8220;True&#8220;}]},{&#8222;DateCreate&#8220;:&#8220;18.05.2023 14:55:15&#8243;,&#8220;ID&#8220;:&#8220;134&#8243;,&#8220;GUID&#8220;:&#8220;16A86E047E3954D0C12589B30046FA0E&#8220;,&#8220;VYR_ID&#8220;:&#8220;1374&#8243;,&#8220;VYR_Number&#8220;:&#8220;000000000006&#8243;,&#8220;VYR_ObchodniZnacka&#8220;:&#8220;ZV 006&#8243;,&#8220;Number&#8220;:&#8220;41-14\\\/23&#8243;,&#8220;Nazev&#8220;:&#8220;\\u017delezobetonov\\u00e9 st\\u011bny&#8220;,&#8220;DatePlatnostDo&#8220;:&#8220;10.05.2024 0:00:00&#8243;,&#8220;ZavodName&#8220;:&#8220;41 Litice&#8220;,&#8220;file&#8220;:[{&#8222;ID&#8220;:&#8220;13046&#8243;,&#8220;ResourceGUID&#8220;:&#8220;16A86E047E3954D0C12589B30046FA0E&#8220;,&#8220;Name&#8220;:&#8220;1 &#8211; POV 41-14-23.pdf&#8220;,&#8220;FileNameGUID&#8220;:&#8220;16A86E047E3954D0C12589B30046FA0E_OQXWR654&#8243;,&#8220;Comment&#8220;:&#8220;&#8220;,&#8220;fileModel.Size&#8220;:&#8220;75422&#8243;,&#8220;Create&#8220;:&#8220;22.11.2023 7:52:37&#8243;,&#8220;MimeType&#8220;:&#8220;application\\\/octet-stream&#8220;,&#8220;ZPSV_WEB&#8220;:&#8220;True&#8220;}]},{&#8222;DateCreate&#8220;:&#8220;06.02.2023 12:21:37&#8243;,&#8220;ID&#8220;:&#8220;113&#8243;,&#8220;GUID&#8220;:&#8220;F48A545C71FF0A2BC125894E003E67C1&#8243;,&#8220;VYR_ID&#8220;:&#8220;1374&#8243;,&#8220;VYR_Number&#8220;:&#8220;000000000006&#8243;,&#8220;VYR_ObchodniZnacka&#8220;:&#8220;ZV 006&#8243;,&#8220;Number&#8220;:&#8220;61-02\\\/23&#8243;,&#8220;Nazev&#8220;:&#8220;Betonov\\u00e9 prefabrik\\u00e1ty &#8211; \\u017delezobetonov\\u00e9 st\\u011bny&#8220;,&#8220;DatePlatnostDo&#8220;:&#8220;21.12.2023 0:00:00&#8243;,&#8220;ZavodName&#8220;:&#8220;61 Uhersk\\u00fd Ostroh&#8220;,&#8220;file&#8220;:[{&#8222;ID&#8220;:&#8220;13312&#8243;,&#8220;ResourceGUID&#8220;:&#8220;F48A545C71FF0A2BC125894E003E67C1&#8243;,&#8220;Name&#8220;:&#8220;1 &#8211; POV 61-02-23.pdf&#8220;,&#8220;FileNameGUID&#8220;:&#8220;F48A545C71FF0A2BC125894E003E67C1_YZVW4HYW&#8220;,&#8220;Comment&#8220;:&#8220;&#8220;,&#8220;fileModel.Size&#8220;:&#8220;78763&#8243;,&#8220;Create&#8220;:&#8220;22.11.2023 7:52:39&#8243;,&#8220;MimeType&#8220;:&#8220;application\\\/octet-stream&#8220;,&#8220;ZPSV_WEB&#8220;:&#8220;True&#8220;}]},{&#8222;DateCreate&#8220;:&#8220;04.03.2024 15:39:03&#8243;,&#8220;ID&#8220;:&#8220;211&#8243;,&#8220;GUID&#8220;:&#8220;56ce37e7-abbd-4202-8a0c-22eee9da2cf9&#8243;,&#8220;VYR_ID&#8220;:&#8220;1374&#8243;,&#8220;VYR_Number&#8220;:&#8220;000000000006&#8243;,&#8220;VYR_ObchodniZnacka&#8220;:&#8220;ZV 006&#8243;,&#8220;Number&#8220;:&#8220;61-02\\\/24&#8243;,&#8220;Nazev&#8220;:&#8220;Betonov\\u00e9 prefabrik\\u00e1ty &#8211; \\u017delezobetonov\\u00e9 st\\u011bny&#8220;,&#8220;DatePlatnostDo&#8220;:&#8220;19.02.2025 0:00:00&#8243;,&#8220;ZavodName&#8220;:&#8220;61 Uhersk\\u00fd Ostroh&#8220;,&#8220;file&#8220;:[{&#8222;ID&#8220;:&#8220;13868&#8243;,&#8220;ResourceGUID&#8220;:&#8220;56ce37e7-abbd-4202-8a0c-22eee9da2cf9&#8243;,&#8220;Name&#8220;:&#8220;1 &#8211; POV 61-02-24.pdf&#8220;,&#8220;FileNameGUID&#8220;:&#8220;94b01da8-98dd-4ccb-aab0-b9e7bd90e04e&#8220;,&#8220;Comment&#8220;:&#8220;&#8220;,&#8220;fileModel.Size&#8220;:&#8220;76278&#8243;,&#8220;Create&#8220;:&#8220;04.03.2024 15:42:45&#8243;,&#8220;MimeType&#8220;:&#8220;application\\\/pdf&#8220;,&#8220;ZPSV_WEB&#8220;:&#8220;True&#8220;}]}],&#8220;tpd&#8220;:[{&#8222;DateCreate&#8220;:&#8220;&#8220;,&#8220;ID&#8220;:&#8220;1555&#8243;,&#8220;GUID&#8220;:&#8220;1686F1B4722812F5C1257E930041EB9D&#8220;,&#8220;VYR_ID&#8220;:&#8220;1374&#8243;,&#8220;VYR_Number&#8220;:&#8220;000000000006&#8243;,&#8220;VYR_ObchodniZnacka&#8220;:&#8220;ZV 006&#8243;,&#8220;DocumentNumber&#8220;:&#8220;TP-14\\\/15&#8243;,&#8220;Title&#8220;:&#8220;St\\u011bnov\\u00e9 prefabrik\\u00e1ty&#8220;,&#8220;IssueNumber&#8220;:&#8220;4&#8243;,&#8220;file&#8220;:[{&#8222;ID&#8220;:&#8220;3641&#8243;,&#8220;ResourceGUID&#8220;:&#8220;1686F1B4722812F5C1257E930041EB9D&#8220;,&#8220;Name&#8220;:&#8220;TP-14_15 St\\u011bnov\\u00e9 prefabrik\\u00e1ty (4-1).pdf&#8220;,&#8220;FileNameGUID&#8220;:&#8220;1686F1B4722812F5C1257E930041EB9D_8P1JTINY&#8220;,&#8220;Comment&#8220;:&#8220;&#8220;,&#8220;fileModel.Size&#8220;:&#8220;961472&#8243;,&#8220;Create&#8220;:&#8220;17.08.2023 10:19:54&#8243;,&#8220;MimeType&#8220;:&#8220;application\\\/octet-stream&#8220;,&#8220;ZPSV_WEB&#8220;:&#8220;True&#8220;}]}]}}<\/p>","protected":false},"excerpt":{"rendered":"<p>{&#8222;DateCreate&#8220;:&#8220;10.09.2009 11:54:32&#8243;,&#8220;ID&#8220;:&#8220;1374&#8243;,&#8220;GUID&#8220;:&#8220;F6E1E1F6D4BACAF9C125762D00366EB9&#8243;,&#8220;Nazev&#8220;:&#8220;Zak\\u00e1zkov\\u00e1 v\\u00fdroba nosn\\u00fdch a v\\u00fdpl\\u0148ov\\u00fdch st\\u011bnov\\u00fdch panel\\u016f&#8220;,&#8220;Number&#8220;:&#8220;000000000006&#8243;,&#8220;ObchodniZnacka&#8220;:&#8220;ZV 006&#8243;,&#8220;Zavods&#8220;:&#8220;07 \\u010cer\\u010dany&#8220;,&#8220;VyrPopisCZ&#8220;:&#8220;&#8220;,&#8220;VyrPopisDE&#8220;:&#8220;&#8220;,&#8220;VyrPopisEN&#8220;:&#8220;&#8220;,&#8220;VyrUrceniAPouzitCZ&#8220;:&#8220;* [&hellip;]<\/p>","protected":false},"author":1,"featured_media":0,"parent":160656,"menu_order":0,"comment_status":"closed","ping_status":"closed","template":"layouts\/page-katalog.php","meta":{"footnotes":""},"_links":{"self":[{"href":"https:\/\/zpsv-cz.webvalleypreview.com\/en\/wp-json\/wp\/v2\/pages\/163188"}],"collection":[{"href":"https:\/\/zpsv-cz.webvalleypreview.com\/en\/wp-json\/wp\/v2\/pages"}],"about":[{"href":"https:\/\/zpsv-cz.webvalleypreview.com\/en\/wp-json\/wp\/v2\/types\/page"}],"author":[{"embeddable":true,"href":"https:\/\/zpsv-cz.webvalleypreview.com\/en\/wp-json\/wp\/v2\/users\/1"}],"replies":[{"embeddable":true,"href":"https:\/\/zpsv-cz.webvalleypreview.com\/en\/wp-json\/wp\/v2\/comments?post=163188"}],"version-history":[{"count":0,"href":"https:\/\/zpsv-cz.webvalleypreview.com\/en\/wp-json\/wp\/v2\/pages\/163188\/revisions"}],"up":[{"embeddable":true,"href":"https:\/\/zpsv-cz.webvalleypreview.com\/en\/wp-json\/wp\/v2\/pages\/160656"}],"wp:attachment":[{"href":"https:\/\/zpsv-cz.webvalleypreview.com\/en\/wp-json\/wp\/v2\/media?parent=163188"}],"curies":[{"name":"wp","href":"https:\/\/api.w.org\/{rel}","templated":true}]}}