{"id":163190,"date":"2024-05-23T13:38:20","date_gmt":"2024-05-23T11:38:20","guid":{"rendered":"https:\/\/zpsv-cz.webvalleypreview.com\/pozemni-stavby\/sloupy-tramy-vazniky-pruvlaky-steny-stropni-panely-schodiste-balkony-lodzie-zaklady\/zakazkova-vyroba-predpjatych-vazniku\/"},"modified":"2024-05-23T13:38:20","modified_gmt":"2024-05-23T11:38:20","slug":"zakazkova-vyroba-predpjatych-vazniku","status":"publish","type":"page","link":"https:\/\/zpsv-cz.webvalleypreview.com\/en\/pozemni-stavby\/sloupy-tramy-vazniky-pruvlaky-steny-stropni-panely-schodiste-balkony-lodzie-zaklady\/zakazkova-vyroba-predpjatych-vazniku\/","title":{"rendered":"Zak\u00e1zkov\u00e1 v\u00fdroba p\u0159edpjat\u00fdch vazn\u00edk\u016f"},"content":{"rendered":"<p>{&#8222;DateCreate&#8220;:&#8220;10.09.2009 12:36:46&#8243;,&#8220;ID&#8220;:&#8220;1396&#8243;,&#8220;GUID&#8220;:&#8220;EC83F2DA91FA24CBC125762D003A4C4A&#8220;,&#8220;Nazev&#8220;:&#8220;Zak\\u00e1zkov\\u00e1 v\\u00fdroba p\\u0159edpjat\\u00fdch vazn\\u00edk\\u016f&#8220;,&#8220;Number&#8220;:&#8220;000000000013&#8243;,&#8220;ObchodniZnacka&#8220;:&#8220;ZV 013&#8243;,&#8220;Zavods&#8220;:&#8220;41 Litice&#8220;,&#8220;VyrPopisCZ&#8220;:&#8220;&#8220;,&#8220;VyrPopisDE&#8220;:&#8220;&#8220;,&#8220;VyrPopisEN&#8220;:&#8220;&#8220;,&#8220;VyrUrceniAPouzitCZ&#8220;:&#8220;Pro sedlov\\u00e9 st\\u0159echy halov\\u00fdch objekt\\u016f do rozp\\u011bt\\u00ed 24 m. Typov\\u011b jsou vyr\\u00e1b\\u011bny vazn\\u00edky p\\u0159edpjat\\u00e9 pr\\u016f\\u0159ezu I, skladebn\\u00e9 d\\u00e9lky 18 m a 24 m. Tyto vazn\\u00edky maj\\u00ed zazuben\\u00e9 zhlav\\u00ed pro osazen\\u00ed na sloup, pop\\u0159\\u00edd\\u011b na pr\\u016fvlak. Typov\\u00e9 vazn\\u00edky jsou navr\\u017eeny pro modul r\\u00e1mu 6 m (pro st\\u0159e\\u0161n\\u00ed kazetov\\u00e9 \\u017eelezobetonov\\u00e9 panely) pro v\\u00fdpo\\u010dtov\\u00e9 zat\\u00ed\\u017een\\u00ed st\\u00e1l\\u00e9 + nahodil\\u00e9 3,16 kN\\\/m2. Trny vy\\u010dn\\u00edvaj\\u00edc\\u00ed z horn\\u00ed p\\u0159\\u00edruby lze p\\u0159i alternativn\\u00edm \\u0159e\\u0161en\\u00ed zast\\u0159e\\u0161en\\u00ed nahradit zabudovan\\u00fdmi ocelov\\u00fdmi deskami pro sv\\u00e1rov\\u00e9 uchycen\\u00ed ocelov\\u00fdch vaznic nebo trap\\u00e9zov\\u00e9ho plechu. Pod vazn\\u00edky je mo\\u017eno zav\\u011bsit podhled o celkov\\u00e9 hmotnosti do 50 kg\\\/m2. Nad spodn\\u00ed p\\u0159\\u00edrubou jsou po 150 cm dvojice otvor\\u016f pro uchycen\\u00ed podhledu, osv\\u011btlen\\u00ed nebo veden\\u00ed instalace. Vazn\\u00edky jin\\u00fdch rozm\\u011br\\u016f jsou \\u0159e\\u0161eny individu\\u00e1ln\\u00ed v\\u00fdrobn\\u00ed dokumentac\\u00ed.&#8220;,&#8220;VyrUrceniAPouzitDE&#8220;:&#8220;&#8220;,&#8220;VyrUrceniAPouzitEN&#8220;:&#8220;For saddle roofs of halls up to span 24 m. Type production of prestressed joining beams with I cross section, structural length 18 m and 24 m. These joining beams have indented gridiron for putting on a pole or girder. Type joining beams are designed for frame module 6 m (for roof cassette iron-concrete panels) for calculation load stable + random 3,16 kN\\\/m2. Thorns protruding from the upper collar can be alternatively replaced by built-in steel plates for weld fixation of steel binding rafters or trapezial sheet metal. Under joining beams a lower ceiling can be suspended with total weight up to 50 kg\\\/m2. Above the bottom collar are in 150 cm distance hole couples for lower ceiling fixation, lighting or installations. Joining beams with other dimensions are handled in an individual production documentation.&#8220;,&#8220;VyrNazevCZ&#8220;:&#8220;Zak\\u00e1zkov\\u00e1 v\\u00fdroba p\\u0159edpjat\\u00fdch vazn\\u00edk\\u016f&#8220;,&#8220;VyrNazevDE&#8220;:&#8220;&#8220;,&#8220;VyrNazevEN&#8220;:&#8220;Custom manufacturing of prestressed joining beams&#8220;,&#8220;Beton&#8220;:&#8220;&#8220;,&#8220;ObjemPrvku&#8220;:&#8220;&#8220;,&#8220;HmotnostPrvku&#8220;:&#8220;max 70 000&#8243;,&#8220;L&#8220;:&#8220;max 3600&#8243;,&#8220;B&#8220;:&#8220;max 100&#8243;,&#8220;H&#8220;:&#8220;max 220&#8243;,&#8220;T&#8220;:&#8220;&#8220;,&#8220;D&#8220;:&#8220;&#8220;,&#8220;R&#8220;:&#8220;&#8220;,&#8220;L_2&#8243;:&#8220;&#8220;,&#8220;B_2&#8243;:&#8220;&#8220;,&#8220;H_2&#8243;:&#8220;&#8220;,&#8220;T_2&#8243;:&#8220;&#8220;,&#8220;D_2&#8243;:&#8220;&#8220;,&#8220;R_2&#8243;:&#8220;&#8220;,&#8220;L_1&#8243;:&#8220;&#8220;,&#8220;B_1&#8243;:&#8220;&#8220;,&#8220;H_1&#8243;:&#8220;&#8220;,&#8220;T_1&#8243;:&#8220;&#8220;,&#8220;D_1&#8243;:&#8220;&#8220;,&#8220;R_1&#8243;:&#8220;&#8220;,&#8220;KategorieName&#8220;:&#8220;Ob\\u010dansk\\u00e9 a pr\\u016fmyslov\\u00e9 stavby&#8220;,&#8220;PodkategorieName&#8220;:&#8220;Sloupy, tr\\u00e1my, vazn\\u00edky, pr\\u016fvlaky, st\\u011bny, stropn\\u00ed panely, schodi\\u0161t\\u011b, balkony, lod\\u017eie, z\\u00e1klady&#8220;,&#8220;attachments&#8220;:{&#8222;tpd&#8220;:[{&#8222;DateCreate&#8220;:&#8220;&#8220;,&#8220;ID&#8220;:&#8220;1546&#8243;,&#8220;GUID&#8220;:&#8220;F590EDD98226E96DC1257E91003D91BB&#8220;,&#8220;VYR_ID&#8220;:&#8220;1396&#8243;,&#8220;VYR_Number&#8220;:&#8220;000000000013&#8243;,&#8220;VYR_ObchodniZnacka&#8220;:&#8220;ZV 013&#8243;,&#8220;DocumentNumber&#8220;:&#8220;VTP 00-02\\\/11&#8243;,&#8220;Title&#8220;:&#8220;V\\u0161eobecn\\u00e9 technick\\u00e9 po\\u017eadavky&#8220;,&#8220;IssueNumber&#8220;:&#8220;1&#8243;,&#8220;file&#8220;:[{&#8222;ID&#8220;:&#8220;3893&#8243;,&#8220;ResourceGUID&#8220;:&#8220;F590EDD98226E96DC1257E91003D91BB&#8220;,&#8220;Name&#8220;:&#8220;VTP 00-02_11 V\\u0161eobecn\\u00e9 technick\\u00e9 po\\u017eadavky (3-2).pdf&#8220;,&#8220;FileNameGUID&#8220;:&#8220;F590EDD98226E96DC1257E91003D91BB_B6LRW1S3&#8243;,&#8220;Comment&#8220;:&#8220;&#8220;,&#8220;fileModel.Size&#8220;:&#8220;538123&#8243;,&#8220;Create&#8220;:&#8220;17.08.2023 10:19:57&#8243;,&#8220;MimeType&#8220;:&#8220;application\\\/octet-stream&#8220;,&#8220;ZPSV_WEB&#8220;:&#8220;True&#8220;}]}]}}<\/p>","protected":false},"excerpt":{"rendered":"<p>{&#8222;DateCreate&#8220;:&#8220;10.09.2009 12:36:46&#8243;,&#8220;ID&#8220;:&#8220;1396&#8243;,&#8220;GUID&#8220;:&#8220;EC83F2DA91FA24CBC125762D003A4C4A&#8220;,&#8220;Nazev&#8220;:&#8220;Zak\\u00e1zkov\\u00e1 v\\u00fdroba p\\u0159edpjat\\u00fdch vazn\\u00edk\\u016f&#8220;,&#8220;Number&#8220;:&#8220;000000000013&#8243;,&#8220;ObchodniZnacka&#8220;:&#8220;ZV 013&#8243;,&#8220;Zavods&#8220;:&#8220;41 Litice&#8220;,&#8220;VyrPopisCZ&#8220;:&#8220;&#8220;,&#8220;VyrPopisDE&#8220;:&#8220;&#8220;,&#8220;VyrPopisEN&#8220;:&#8220;&#8220;,&#8220;VyrUrceniAPouzitCZ&#8220;:&#8220;Pro sedlov\\u00e9 st\\u0159echy halov\\u00fdch [&hellip;]<\/p>","protected":false},"author":1,"featured_media":0,"parent":160656,"menu_order":0,"comment_status":"closed","ping_status":"closed","template":"layouts\/page-katalog.php","meta":{"footnotes":""},"_links":{"self":[{"href":"https:\/\/zpsv-cz.webvalleypreview.com\/en\/wp-json\/wp\/v2\/pages\/163190"}],"collection":[{"href":"https:\/\/zpsv-cz.webvalleypreview.com\/en\/wp-json\/wp\/v2\/pages"}],"about":[{"href":"https:\/\/zpsv-cz.webvalleypreview.com\/en\/wp-json\/wp\/v2\/types\/page"}],"author":[{"embeddable":true,"href":"https:\/\/zpsv-cz.webvalleypreview.com\/en\/wp-json\/wp\/v2\/users\/1"}],"replies":[{"embeddable":true,"href":"https:\/\/zpsv-cz.webvalleypreview.com\/en\/wp-json\/wp\/v2\/comments?post=163190"}],"version-history":[{"count":0,"href":"https:\/\/zpsv-cz.webvalleypreview.com\/en\/wp-json\/wp\/v2\/pages\/163190\/revisions"}],"up":[{"embeddable":true,"href":"https:\/\/zpsv-cz.webvalleypreview.com\/en\/wp-json\/wp\/v2\/pages\/160656"}],"wp:attachment":[{"href":"https:\/\/zpsv-cz.webvalleypreview.com\/en\/wp-json\/wp\/v2\/media?parent=163190"}],"curies":[{"name":"wp","href":"https:\/\/api.w.org\/{rel}","templated":true}]}}