{"id":163193,"date":"2024-05-23T13:38:20","date_gmt":"2024-05-23T11:38:20","guid":{"rendered":"https:\/\/zpsv-cz.webvalleypreview.com\/pozemni-stavby\/sloupy-tramy-vazniky-pruvlaky-steny-stropni-panely-schodiste-balkony-lodzie-zaklady\/zakazkova-vyroba-lodziovych-prefabrikatu\/"},"modified":"2024-05-23T13:38:20","modified_gmt":"2024-05-23T11:38:20","slug":"zakazkova-vyroba-lodziovych-prefabrikatu","status":"publish","type":"page","link":"https:\/\/zpsv-cz.webvalleypreview.com\/en\/pozemni-stavby\/sloupy-tramy-vazniky-pruvlaky-steny-stropni-panely-schodiste-balkony-lodzie-zaklady\/zakazkova-vyroba-lodziovych-prefabrikatu\/","title":{"rendered":"Zak\u00e1zkov\u00e1 v\u00fdroba lod\u017eiov\u00fdch prefabrik\u00e1t\u016f"},"content":{"rendered":"<p>{&#8222;DateCreate&#8220;:&#8220;10.09.2009 11:56:32&#8243;,&#8220;ID&#8220;:&#8220;1418&#8243;,&#8220;GUID&#8220;:&#8220;C22E0527F7F90147C125762D00369D57&#8243;,&#8220;Nazev&#8220;:&#8220;Zak\\u00e1zkov\\u00e1 v\\u00fdroba lod\\u017eiov\\u00fdch prefabrik\\u00e1t\\u016f&#8220;,&#8220;Number&#8220;:&#8220;000000000008&#8243;,&#8220;ObchodniZnacka&#8220;:&#8220;ZV 008&#8243;,&#8220;Zavods&#8220;:&#8220;31 Doloplazy&#8220;,&#8220;VyrPopisCZ&#8220;:&#8220;&#8220;,&#8220;VyrPopisDE&#8220;:&#8220;&#8220;,&#8220;VyrPopisEN&#8220;:&#8220;&#8220;,&#8220;VyrUrceniAPouzitCZ&#8220;:&#8220;Modulov\\u00e9 rozp\\u011bt\\u00ed lod\\u017eiov\\u00fdch d\\u00edlc\\u016f je v\\u00e1z\\u00e1no na modulovou s\\u00ed\\u0165 p\\u0159\\u00ed\\u010dn\\u00fdch nosn\\u00fdch st\\u011bn st\\u00e1vaj\\u00edc\\u00edho objektu. V souladu s dispozi\\u010dn\\u00edm \\u0159e\\u0161en\\u00edm jednotliv\\u00fdch sekc\\u00ed objektu doch\\u00e1z\\u00ed k p\\u0159\\u00edpadn\\u00e9mu soust\\u0159ed\\u011bn\\u00ed v\\u00edce lod\\u017ei\\u00ed vedle sebe, modulov\\u00e1 osa je v\\u017edy shodn\\u00e1 s osou nosn\\u00e9 p\\u0159\\u00ed\\u010dn\\u00e9 konstrukce. V p\\u0159\\u00edpad\\u011b lod\\u017eie p\\u0159il\\u00e9haj\\u00edc\\u00ed ke \\u0161t\\u00edtu objektu je nutno posunout modulovou osu jedn\\u00e9 lod\\u017eie nebo cel\\u00e9 skupiny lod\\u017ei\\u00ed o ur\\u010ditou vzd\\u00e1lenost z modulov\\u00e9 osy nosn\\u00e9 konstrukce s ohledem na v\\u00fdrobu, mont\\u00e1\\u017e a zejm\\u00e9na kotven\\u00ed lod\\u017eiov\\u00fdch d\\u00edlc\\u016f do budovy. Lod\\u017eie tvo\\u0159\\u00ed plo\\u0161n\\u00e9 nebo prostorov\\u00e9 d\\u00edlce vz\\u00e1jemn\\u011b kladen\\u00e9 na sebe, s vlastn\\u00ed z\\u00e1kladovou konstrukc\\u00ed upravenou tak, aby osa lo\\u017en\\u00e9 sp\\u00e1ry pro osazen\\u00ed prvn\\u00edho d\\u00edlce byla v \\u00farovni toho nadzemn\\u00edho podla\\u017e\\u00ed, ve kter\\u00e9m se nach\\u00e1z\\u00ed 1. balkon. Vertik\\u00e1ln\\u011b jsou d\\u00edlce skl\\u00e1d\\u00e1ny tak, aby \\u00farove\\u0148 podlahy lod\\u017eiov\\u00e9ho d\\u00edlce byla v \\u00farovni podlahy b\\u011b\\u017en\\u00e9ho podla\\u017e\\u00ed. Z\\u00e1m\\u011bna otev\\u0159en\\u00e9ho balkonu za uzav\\u0159en\\u011bj\\u0161\\u00ed lod\\u017ei\\u00ed byla posouzena jednak z hlediska denn\\u00edho osv\\u011btlen\\u00ed p\\u0159ilehl\\u00fdch obytn\\u00fdch m\\u00edstnost\\u00ed, tak i z hlediska urbanistick\\u00e9ho \\u010dlen\\u011bn\\u00ed a vz\\u00e1jemn\\u00e9ho zast\\u00edn\\u011bn\\u00ed n\\u011bkolika podla\\u017e\\u00ed lod\\u017ei\\u00ed nad sebou. Jako optim\\u00e1ln\\u00ed se jev\\u00ed hloubka lod\\u017eie cca 1200 mm (stanovena propo\\u010dtem).&#8220;,&#8220;VyrUrceniAPouzitDE&#8220;:&#8220;&#8220;,&#8220;VyrUrceniAPouzitEN&#8220;:&#8220;Module span of loggia blocks is tied with the module network of transverse bearing walls of current building. In compliance with the layout of individual sections of the building the grouping of more loggias next to each other can possibly happen, the mdule axis is always identical with the axis of transverse bearing design. If a loggia is adjacent to the building gable, the module axis of one loggia or the whole group of loggias has to be moved by certain distance from the module axis of bearing structure with respect to the manufacturing, assembly and mainly anchoring of loggia blocks in the building. Loggia are made of areal or spatial blocks put mutually on each other, with own foundation structure adjusted in such a way that the axis of bed joint for putting the first block was at the level of that above-ground floor where the first balcony is located. Blocks are put vertically in such a way that the level of loggia block floor is at the floor level\\rof an ordinary floor. The replacement of an open balcony with a more closed loggia was considered from the point of view of both daylight in adjacent living rooms and town design and mutual overshadowing several loggia floors above each other. The optimum loggia depth seems approx. 1200 mm (specified by a calculation).&#8220;,&#8220;VyrNazevCZ&#8220;:&#8220;Zak\\u00e1zkov\\u00e1 v\\u00fdroba lod\\u017eiov\\u00fdch prefabrik\\u00e1t\\u016f&#8220;,&#8220;VyrNazevDE&#8220;:&#8220;&#8220;,&#8220;VyrNazevEN&#8220;:&#8220;Custom manufacturing of loggia prefabs&#8220;,&#8220;Beton&#8220;:&#8220;&#8220;,&#8220;ObjemPrvku&#8220;:&#8220;&#8220;,&#8220;HmotnostPrvku&#8220;:&#8220;st\\u011bnov\\u00fd panel 895\\rstropn\\u00ed panel 1518\\rz\\u00e1bradl\\u00ed 484&#8243;,&#8220;L&#8220;:&#8220;st\\u011bnov\\u00fd panel 92-97,5\\rstropn\\u00ed panel 359\\rz\\u00e1bradl\\u00ed 341&#8243;,&#8220;B&#8220;:&#8220;st\\u011bnov\\u00fd panel 14\\rstropn\\u00ed panel 139-148\\rz\\u00e1bradl\\u00ed 60&#8243;,&#8220;H&#8220;:&#8220;st\\u011bnov\\u00fd panel 279\\rstropn\\u00ed panel 12-14\\rz\\u00e1bradl\\u00ed 105&#8243;,&#8220;T&#8220;:&#8220;&#8220;,&#8220;D&#8220;:&#8220;&#8220;,&#8220;R&#8220;:&#8220;&#8220;,&#8220;L_2&#8243;:&#8220;&#8220;,&#8220;B_2&#8243;:&#8220;&#8220;,&#8220;H_2&#8243;:&#8220;&#8220;,&#8220;T_2&#8243;:&#8220;&#8220;,&#8220;D_2&#8243;:&#8220;&#8220;,&#8220;R_2&#8243;:&#8220;&#8220;,&#8220;L_1&#8243;:&#8220;&#8220;,&#8220;B_1&#8243;:&#8220;&#8220;,&#8220;H_1&#8243;:&#8220;&#8220;,&#8220;T_1&#8243;:&#8220;&#8220;,&#8220;D_1&#8243;:&#8220;&#8220;,&#8220;R_1&#8243;:&#8220;&#8220;,&#8220;KategorieName&#8220;:&#8220;Ob\\u010dansk\\u00e9 a pr\\u016fmyslov\\u00e9 stavby&#8220;,&#8220;PodkategorieName&#8220;:&#8220;Sloupy, tr\\u00e1my, vazn\\u00edky, pr\\u016fvlaky, st\\u011bny, stropn\\u00ed panely, schodi\\u0161t\\u011b, balkony, lod\\u017eie, z\\u00e1klady&#8220;,&#8220;attachments&#8220;:{&#8222;ps&#8220;:[{&#8222;DateCreate&#8220;:&#8220;27.11.2018 13:41:47&#8243;,&#8220;ID&#8220;:&#8220;12&#8243;,&#8220;GUID&#8220;:&#8220;7DE97302516A08FDC12583520045BE5A&#8220;,&#8220;VYR_ID&#8220;:&#8220;1418&#8243;,&#8220;VYR_Number&#8220;:&#8220;000000000008&#8243;,&#8220;VYR_ObchodniZnacka&#8220;:&#8220;ZV 008&#8243;,&#8220;Number&#8220;:&#8220;31\\\/01\\\/2018&#8243;,&#8220;Nazev&#8220;:&#8220;\\u017delezobet\\u00f3nov\\u00e9 prefabrikovan\\u00e9 dielce na predsaden\\u00e9 lod\\u017eie &#8211; SK&#8220;,&#8220;DatePlatnostDo&#8220;:&#8220;15.11.2019 0:00:00&#8243;,&#8220;ZavodName&#8220;:&#8220;31 Doloplazy&#8220;,&#8220;file&#8220;:[{&#8222;ID&#8220;:&#8220;12795&#8243;,&#8220;ResourceGUID&#8220;:&#8220;7DE97302516A08FDC12583520045BE5A&#8220;,&#8220;Name&#8220;:&#8220;1 &#8211; SK VoP 31-01-2018.pdf&#8220;,&#8220;FileNameGUID&#8220;:&#8220;7DE97302516A08FDC12583520045BE5A_GC1UTRSG&#8220;,&#8220;Comment&#8220;:&#8220;&#8220;,&#8220;fileModel.Size&#8220;:&#8220;103939&#8243;,&#8220;Create&#8220;:&#8220;22.11.2023 7:52:14&#8243;,&#8220;MimeType&#8220;:&#8220;application\\\/octet-stream&#8220;,&#8220;ZPSV_WEB&#8220;:&#8220;True&#8220;}]},{&#8222;DateCreate&#8220;:&#8220;11.07.2023 10:57:17&#8243;,&#8220;ID&#8220;:&#8220;73&#8243;,&#8220;GUID&#8220;:&#8220;352980B5715FE830C12589E9003130BE&#8220;,&#8220;VYR_ID&#8220;:&#8220;1418&#8243;,&#8220;VYR_Number&#8220;:&#8220;000000000008&#8243;,&#8220;VYR_ObchodniZnacka&#8220;:&#8220;ZV 008&#8243;,&#8220;Number&#8220;:&#8220;31-10\\\/23&#8243;,&#8220;Nazev&#8220;:&#8220;Prefabrik\\u00e1ty pro lod\\u017eie&#8220;,&#8220;DatePlatnostDo&#8220;:&#8220;07.08.2023 0:00:00&#8243;,&#8220;ZavodName&#8220;:&#8220;31 Doloplazy&#8220;,&#8220;file&#8220;:[{&#8222;ID&#8220;:&#8220;12697&#8243;,&#8220;ResourceGUID&#8220;:&#8220;352980B5715FE830C12589E9003130BE&#8220;,&#8220;Name&#8220;:&#8220;1 &#8211; POS 31-10-23.pdf&#8220;,&#8220;FileNameGUID&#8220;:&#8220;352980B5715FE830C12589E9003130BE_XCS44LS3&#8243;,&#8220;Comment&#8220;:&#8220;&#8220;,&#8220;fileModel.Size&#8220;:&#8220;463044&#8243;,&#8220;Create&#8220;:&#8220;22.11.2023 7:52:12&#8243;,&#8220;MimeType&#8220;:&#8220;application\\\/octet-stream&#8220;,&#8220;ZPSV_WEB&#8220;:&#8220;True&#8220;}]},{&#8222;DateCreate&#8220;:&#8220;19.01.2024 14:06:35&#8243;,&#8220;ID&#8220;:&#8220;179&#8243;,&#8220;GUID&#8220;:&#8220;5e51f49b-9c86-4ee1-98a2-f184eb2f8ab9&#8243;,&#8220;VYR_ID&#8220;:&#8220;1418&#8243;,&#8220;VYR_Number&#8220;:&#8220;000000000008&#8243;,&#8220;VYR_ObchodniZnacka&#8220;:&#8220;ZV 008&#8243;,&#8220;Number&#8220;:&#8220;31-15\\\/23&#8243;,&#8220;Nazev&#8220;:&#8220;Prefabrik\\u00e1ty pro lod\\u017eie&#8220;,&#8220;DatePlatnostDo&#8220;:&#8220;19.12.2024 0:00:00&#8243;,&#8220;ZavodName&#8220;:&#8220;31 Doloplazy&#8220;,&#8220;file&#8220;:[{&#8222;ID&#8220;:&#8220;13573&#8243;,&#8220;ResourceGUID&#8220;:&#8220;5e51f49b-9c86-4ee1-98a2-f184eb2f8ab9&#8243;,&#8220;Name&#8220;:&#8220;1 &#8211; POS 31-15-23.pdf&#8220;,&#8220;FileNameGUID&#8220;:&#8220;257d2af8-87b4-407c-b3bc-03086a20bb2a&#8220;,&#8220;Comment&#8220;:&#8220;&#8220;,&#8220;fileModel.Size&#8220;:&#8220;68298&#8243;,&#8220;Create&#8220;:&#8220;19.01.2024 14:11:31&#8243;,&#8220;MimeType&#8220;:&#8220;application\\\/pdf&#8220;,&#8220;ZPSV_WEB&#8220;:&#8220;True&#8220;}]}],&#8220;tpd&#8220;:[{&#8222;DateCreate&#8220;:&#8220;&#8220;,&#8220;ID&#8220;:&#8220;1564&#8243;,&#8220;GUID&#8220;:&#8220;8836F49E4BC60EECC1257ED60030EA70&#8243;,&#8220;VYR_ID&#8220;:&#8220;1418&#8243;,&#8220;VYR_Number&#8220;:&#8220;000000000008&#8243;,&#8220;VYR_ObchodniZnacka&#8220;:&#8220;ZV 008&#8243;,&#8220;DocumentNumber&#8220;:&#8220;TP-15\\\/15&#8243;,&#8220;Title&#8220;:&#8220;Prefabrik\\u00e1ty pro balkony a lod\\u017eie&#8220;,&#8220;IssueNumber&#8220;:&#8220;4&#8243;,&#8220;file&#8220;:[{&#8222;ID&#8220;:&#8220;3766&#8243;,&#8220;ResourceGUID&#8220;:&#8220;8836F49E4BC60EECC1257ED60030EA70&#8243;,&#8220;Name&#8220;:&#8220;TP-15_15 Prefabrik\\u00e1ty pro balkony a lod\\u017eie (4-3).pdf&#8220;,&#8220;FileNameGUID&#8220;:&#8220;8836F49E4BC60EECC1257ED60030EA70_D13CHUV1&#8243;,&#8220;Comment&#8220;:&#8220;&#8220;,&#8220;fileModel.Size&#8220;:&#8220;470912&#8243;,&#8220;Create&#8220;:&#8220;17.08.2023 10:19:56&#8243;,&#8220;MimeType&#8220;:&#8220;application\\\/octet-stream&#8220;,&#8220;ZPSV_WEB&#8220;:&#8220;True&#8220;}]}]}}<\/p>","protected":false},"excerpt":{"rendered":"<p>{&#8222;DateCreate&#8220;:&#8220;10.09.2009 11:56:32&#8243;,&#8220;ID&#8220;:&#8220;1418&#8243;,&#8220;GUID&#8220;:&#8220;C22E0527F7F90147C125762D00369D57&#8243;,&#8220;Nazev&#8220;:&#8220;Zak\\u00e1zkov\\u00e1 v\\u00fdroba lod\\u017eiov\\u00fdch prefabrik\\u00e1t\\u016f&#8220;,&#8220;Number&#8220;:&#8220;000000000008&#8243;,&#8220;ObchodniZnacka&#8220;:&#8220;ZV 008&#8243;,&#8220;Zavods&#8220;:&#8220;31 Doloplazy&#8220;,&#8220;VyrPopisCZ&#8220;:&#8220;&#8220;,&#8220;VyrPopisDE&#8220;:&#8220;&#8220;,&#8220;VyrPopisEN&#8220;:&#8220;&#8220;,&#8220;VyrUrceniAPouzitCZ&#8220;:&#8220;Modulov\\u00e9 rozp\\u011bt\\u00ed lod\\u017eiov\\u00fdch d\\u00edlc\\u016f [&hellip;]<\/p>","protected":false},"author":1,"featured_media":0,"parent":160656,"menu_order":0,"comment_status":"closed","ping_status":"closed","template":"layouts\/page-katalog.php","meta":{"footnotes":""},"_links":{"self":[{"href":"https:\/\/zpsv-cz.webvalleypreview.com\/en\/wp-json\/wp\/v2\/pages\/163193"}],"collection":[{"href":"https:\/\/zpsv-cz.webvalleypreview.com\/en\/wp-json\/wp\/v2\/pages"}],"about":[{"href":"https:\/\/zpsv-cz.webvalleypreview.com\/en\/wp-json\/wp\/v2\/types\/page"}],"author":[{"embeddable":true,"href":"https:\/\/zpsv-cz.webvalleypreview.com\/en\/wp-json\/wp\/v2\/users\/1"}],"replies":[{"embeddable":true,"href":"https:\/\/zpsv-cz.webvalleypreview.com\/en\/wp-json\/wp\/v2\/comments?post=163193"}],"version-history":[{"count":0,"href":"https:\/\/zpsv-cz.webvalleypreview.com\/en\/wp-json\/wp\/v2\/pages\/163193\/revisions"}],"up":[{"embeddable":true,"href":"https:\/\/zpsv-cz.webvalleypreview.com\/en\/wp-json\/wp\/v2\/pages\/160656"}],"wp:attachment":[{"href":"https:\/\/zpsv-cz.webvalleypreview.com\/en\/wp-json\/wp\/v2\/media?parent=163193"}],"curies":[{"name":"wp","href":"https:\/\/api.w.org\/{rel}","templated":true}]}}