{"id":163214,"date":"2024-05-23T13:38:20","date_gmt":"2024-05-23T11:38:20","guid":{"rendered":"https:\/\/zpsv-cz.webvalleypreview.com\/kolejove-dopravni-stavby\/nastupiste\/nastupistni-prefabrikat-l-levy-60-50\/"},"modified":"2024-05-23T13:38:20","modified_gmt":"2024-05-23T11:38:20","slug":"nastupistni-prefabrikat-l-levy-60-50","status":"publish","type":"page","link":"https:\/\/zpsv-cz.webvalleypreview.com\/en\/kolejove-dopravni-stavby\/nastupiste\/nastupistni-prefabrikat-l-levy-60-50\/","title":{"rendered":"N\u00e1stupi\u0161tn\u00ed prefabrik\u00e1t L lev\u00fd 60\/50"},"content":{"rendered":"<p>{&#8222;DateCreate&#8220;:&#8220;24.10.2016 13:57:15&#8243;,&#8220;ID&#8220;:&#8220;1537&#8243;,&#8220;GUID&#8220;:&#8220;096C3B37D73D2E97C12580560041AAD1&#8243;,&#8220;Nazev&#8220;:&#8220;N\\u00e1stupi\\u0161tn\\u00ed prefabrik\\u00e1t L lev\\u00fd 60\\\/50&#8243;,&#8220;Number&#8220;:&#8220;592121719115020&#8243;,&#8220;ObchodniZnacka&#8220;:&#8220;AZZ 115 &#8211; 19.020&#8243;,&#8220;Zavods&#8220;:&#8220;61 Uhersk\\u00fd Ostroh&#8220;,&#8220;VyrPopisCZ&#8220;:&#8220;&#8220;,&#8220;VyrPopisDE&#8220;:&#8220;&#8220;,&#8220;VyrPopisEN&#8220;:&#8220;&#8220;,&#8220;VyrUrceniAPouzitCZ&#8220;:&#8220;N\\u00e1stupi\\u0161tn\\u00ed prefabrik\\u00e1ty v\\u00fdrobn\\u00ed \\u0159ady 60\\\/50 a\\u017e 40\\\/30 lev\\u00e9 (prav\\u00e9) jsou ur\\u010deny pro spodn\\u00ed stavbu n\\u00e1stupi\\u0161\\u0165 v \\u017eelezni\\u010dn\\u00edch stanic\\u00edch a zast\\u00e1vk\\u00e1ch.Jsou ur\\u010deny pro vytv\\u00e1\\u0159en\\u00ed n\\u00e1stupi\\u0161tn\\u00edch ramp se sklonem 10%. Bloky se kladou na monolitick\\u00fd betonov\\u00fd z\\u00e1klad. \\rManipulace je prov\\u00e1d\\u011bna pomoc\\u00ed z\\u00e1vitov\\u00e9ho pouzdra zabudovan\\u00e9ho na zadn\\u00ed stran\\u011b prefabrik\\u00e1tuu. Po boku jsou prefabrik\\u00e1ty opat\\u0159eny pry\\u017eov\\u00fdm profilem z EPDM, kter\\u00e9 vytv\\u00e1\\u0159\\u00ed t\\u011bsn\\u011bn\\u00ed.&#8220;,&#8220;VyrUrceniAPouzitDE&#8220;:&#8220;&#8220;,&#8220;VyrUrceniAPouzitEN&#8220;:&#8220;&#8220;,&#8220;VyrNazevCZ&#8220;:&#8220;N\\u00e1stupi\\u0161tn\\u00ed prefabrik\\u00e1t L lev\\u00fd 60\\\/50&#8243;,&#8220;VyrNazevDE&#8220;:&#8220;&#8220;,&#8220;VyrNazevEN&#8220;:&#8220;&#8220;,&#8220;Beton&#8220;:&#8220;C30\\\/37 &#8211; XF4&#8243;,&#8220;ObjemPrvku&#8220;:&#8220;0,1045&#8243;,&#8220;HmotnostPrvku&#8220;:&#8220;251&#8243;,&#8220;L&#8220;:&#8220;99,5&#8243;,&#8220;B&#8220;:&#8220;45&#8243;,&#8220;H&#8220;:&#8220;60&#8243;,&#8220;T&#8220;:&#8220;&#8220;,&#8220;D&#8220;:&#8220;&#8220;,&#8220;R&#8220;:&#8220;&#8220;,&#8220;L_2&#8243;:&#8220;&#8220;,&#8220;B_2&#8243;:&#8220;12&#8243;,&#8220;H_2&#8243;:&#8220;12&#8243;,&#8220;T_2&#8243;:&#8220;&#8220;,&#8220;D_2&#8243;:&#8220;&#8220;,&#8220;R_2&#8243;:&#8220;&#8220;,&#8220;L_1&#8243;:&#8220;&#8220;,&#8220;B_1&#8243;:&#8220;&#8220;,&#8220;H_1&#8243;:&#8220;50&#8243;,&#8220;T_1&#8243;:&#8220;&#8220;,&#8220;D_1&#8243;:&#8220;&#8220;,&#8220;R_1&#8243;:&#8220;&#8220;,&#8220;KategorieName&#8220;:&#8220;Dopravn\\u00ed a in\\u017een\\u00fdrsk\\u00e9 stavby&#8220;,&#8220;PodkategorieName&#8220;:&#8220;N\\u00e1stupi\\u0161t\\u011b&#8220;,&#8220;attachments&#8220;:{&#8222;designs&#8220;:[{&#8222;DateCreate&#8220;:&#8220;&#8220;,&#8220;ID&#8220;:&#8220;3743&#8243;,&#8220;GUID&#8220;:&#8220;EC49B3DF963F7BE2C125805E00403024&#8243;,&#8220;VYR_ID&#8220;:&#8220;1537&#8243;,&#8220;VYR_Number&#8220;:&#8220;592121719115020&#8243;,&#8220;VYR_ObchodniZnacka&#8220;:&#8220;AZZ 115 &#8211; 19.020&#8243;,&#8220;DocumentNumber&#8220;:&#8220;592121719115020&#8243;,&#8220;Title&#8220;:&#8220;N\\u00e1stupi\\u0161tn\\u00ed prefabrik\\u00e1t L lev\\u00fd 60\\\/50&#8243;,&#8220;IssueNumber&#8220;:&#8220;1&#8243;,&#8220;ZPSV_R4_Vyk1_ZaLomitkem&#8220;:&#8220;2-1&#8243;,&#8220;file&#8220;:[]}]}}<\/p>","protected":false},"excerpt":{"rendered":"<p>{&#8222;DateCreate&#8220;:&#8220;24.10.2016 13:57:15&#8243;,&#8220;ID&#8220;:&#8220;1537&#8243;,&#8220;GUID&#8220;:&#8220;096C3B37D73D2E97C12580560041AAD1&#8243;,&#8220;Nazev&#8220;:&#8220;N\\u00e1stupi\\u0161tn\\u00ed prefabrik\\u00e1t L lev\\u00fd 60\\\/50&#8243;,&#8220;Number&#8220;:&#8220;592121719115020&#8243;,&#8220;ObchodniZnacka&#8220;:&#8220;AZZ 115 &#8211; 19.020&#8243;,&#8220;Zavods&#8220;:&#8220;61 Uhersk\\u00fd [&hellip;]<\/p>","protected":false},"author":1,"featured_media":0,"parent":160625,"menu_order":0,"comment_status":"closed","ping_status":"closed","template":"layouts\/page-katalog.php","meta":{"footnotes":""},"_links":{"self":[{"href":"https:\/\/zpsv-cz.webvalleypreview.com\/en\/wp-json\/wp\/v2\/pages\/163214"}],"collection":[{"href":"https:\/\/zpsv-cz.webvalleypreview.com\/en\/wp-json\/wp\/v2\/pages"}],"about":[{"href":"https:\/\/zpsv-cz.webvalleypreview.com\/en\/wp-json\/wp\/v2\/types\/page"}],"author":[{"embeddable":true,"href":"https:\/\/zpsv-cz.webvalleypreview.com\/en\/wp-json\/wp\/v2\/users\/1"}],"replies":[{"embeddable":true,"href":"https:\/\/zpsv-cz.webvalleypreview.com\/en\/wp-json\/wp\/v2\/comments?post=163214"}],"version-history":[{"count":0,"href":"https:\/\/zpsv-cz.webvalleypreview.com\/en\/wp-json\/wp\/v2\/pages\/163214\/revisions"}],"up":[{"embeddable":true,"href":"https:\/\/zpsv-cz.webvalleypreview.com\/en\/wp-json\/wp\/v2\/pages\/160625"}],"wp:attachment":[{"href":"https:\/\/zpsv-cz.webvalleypreview.com\/en\/wp-json\/wp\/v2\/media?parent=163214"}],"curies":[{"name":"wp","href":"https:\/\/api.w.org\/{rel}","templated":true}]}}