{"id":163218,"date":"2024-05-23T13:38:20","date_gmt":"2024-05-23T11:38:20","guid":{"rendered":"https:\/\/zpsv-cz.webvalleypreview.com\/kolejove-dopravni-stavby\/nastupiste\/zakazkova-vyroba-nastupistnich-dilcu-umsteiger-plus-2000\/"},"modified":"2024-05-23T13:38:20","modified_gmt":"2024-05-23T11:38:20","slug":"zakazkova-vyroba-nastupistnich-dilcu-umsteiger-plus-2000","status":"publish","type":"page","link":"https:\/\/zpsv-cz.webvalleypreview.com\/en\/kolejove-dopravni-stavby\/nastupiste\/zakazkova-vyroba-nastupistnich-dilcu-umsteiger-plus-2000\/","title":{"rendered":"Zak\u00e1zkov\u00e1 v\u00fdroba n\u00e1stupi\u0161tn\u00edch d\u00edlc\u016f UMSTEIGER PLUS 2000"},"content":{"rendered":"<p>{&#8222;DateCreate&#8220;:&#8220;20.10.2011 13:54:25&#8243;,&#8220;ID&#8220;:&#8220;1602&#8243;,&#8220;GUID&#8220;:&#8220;918BEDF7A0DB0550C125792F00416830&#8243;,&#8220;Nazev&#8220;:&#8220;Zak\\u00e1zkov\\u00e1 v\\u00fdroba n\\u00e1stupi\\u0161tn\\u00edch d\\u00edlc\\u016f UMSTEIGER PLUS 2000&#8243;,&#8220;Number&#8220;:&#8220;592121719500&#8243;,&#8220;ObchodniZnacka&#8220;:&#8220;AZZ 500-19&#8243;,&#8220;Zavods&#8220;:&#8220;07 \\u010cer\\u010dany&#8220;,&#8220;VyrPopisCZ&#8220;:&#8220;&#8220;,&#8220;VyrPopisDE&#8220;:&#8220;&#8220;,&#8220;VyrPopisEN&#8220;:&#8220;&#8220;,&#8220;VyrUrceniAPouzitCZ&#8220;:&#8220;Konstruk\\u010dn\\u00ed syst\\u00e9m UMSTEIGER  PLUS 2000 je skeletov\\u00fd konstruk\\u010dn\\u00ed syst\\u00e9m ur\\u010den\\u00fd pro nadzemn\\u00ed dopravn\\u00ed plochy, pou\\u017e\\u00edvan\\u00fd p\\u0159ednostn\\u011b jako n\\u00e1stupi\\u0161t\\u011b. Je koncipov\\u00e1n pro normovan\\u00e9 dopravn\\u00ed zat\\u00ed\\u017een\\u00ed 5 KNm-\\u02db pro p\\u011b\\u0161\\u00ed pohyb osob. \\u0158e\\u0161en\\u00ed pro speci\\u00e1ln\\u00ed zat\\u00ed\\u017een\\u00ed je mo\\u017en\\u00e9 a projektuje se individu\\u00e1ln\\u011b pro ka\\u017ed\\u00fd p\\u0159\\u00edpad. Skl\\u00e1d\\u00e1 ze \\u017eelezobetonov\\u00fdch n\\u00e1stupi\\u0161tn\\u00edch desek, pod\\u00e9ln\\u00fdch tr\\u00e1m\\u016f a z\\u00e1klad\\u016f. Je koncipov\\u00e1n pro pou\\u017eit\\u00ed u \\u017eeleznic na r\\u016fzn\\u00fdch m\\u00edstech a za r\\u016fzn\\u00fdch podm\\u00ednek. Vyzna\\u010duje se obzvl\\u00e1\\u0161\\u0165 vysokou flexibilitou. N\\u00e1stupi\\u0161t\\u011b lze vybudovat jako ostrovn\\u00ed nebo vn\\u011bj\\u0161\\u00ed s v\\u00fd\\u0161kou hrany 550 mm, 760 mm nebo 960 mm nad temenem kolejnice. \\u0158azen\\u00edm jednotliv\\u00fdch pol\\u00ed v b\\u011b\\u017en\\u00e9m rastru 7,50 m za sebou lze vytvo\\u0159it libovoln\\u00e9 d\\u00e9lky n\\u00e1stupi\\u0161t\\u011b.\\rTento n\\u00e1stupi\\u0161tn\\u00ed syst\\u00e9m lze pou\\u017e\\u00edt u \\u017eelezni\\u010dn\\u00edch trat\\u00ed do rychlosti 250 km\\\/h. \\u0160\\u00ed\\u0159ku n\\u00e1stupi\\u0161t\\u011b lze volit mezi minimem 2,5 m a\\u017e maximem 6,0 m u vn\\u011bj\\u0161\\u00edch n\\u00e1stupi\\u0161\\u0165 nebo 12,0 m u ostrovn\\u00edch n\\u00e1stupi\\u0161\\u0165. V\\u00fdhody syst\\u00e9mu UMSTEIGER \\u2013 PLUS 2000:\\r\\u00b7\\tkonstrukce n\\u00e1stupi\\u0161t\\u011b je zalo\\u017eena na z\\u00e1kladov\\u00fdch bloc\\u00edch, kter\\u00e9 jsou sou\\u010d\\u00e1st\\u00ed syst\\u00e9mu, \\u010d\\u00edm\\u017e odpad\\u00e1 nutnost pou\\u017eit\\u00ed speci\\u00e1ln\\u00edch z\\u00e1klad\\u016f\\r\\u00b7\\tn\\u00e1stupi\\u0161tn\\u00ed syst\\u00e9m je vhodn\\u00fd obzvl\\u00e1\\u0161t\\u011b v takov\\u00fdch p\\u0159\\u00edpadech, kdy jsou koleje p\\u0159ilehl\\u00e9 k n\\u00e1stupi\\u0161ti siln\\u011b frekventovan\\u00e9, a je obt\\u00ed\\u017en\\u00e9 vyu\\u017e\\u00edt pro budov\\u00e1n\\u00ed n\\u00e1stupi\\u0161t\\u011b v\\u00fdluky\\r\\u00b7\\tsyst\\u00e9m umo\\u017e\\u0148uje d\\u00edky sv\\u00e9mu konstruk\\u010dn\\u00edmu uspo\\u0159\\u00e1d\\u00e1n\\u00ed relativn\\u011b snadnou p\\u0159estavbu na jinou v\\u00fd\\u0161ku n\\u00e1stupi\\u0161tn\\u00ed hrany nad temenem kolejnice\\r\\u00b7\\tv p\\u0159\\u00edpad\\u011b pou\\u017eit\\u00ed topn\\u00e9ho syst\\u00e9mu instalovan\\u00e9ho do konstrukce n\\u00e1stupi\\u0161t\\u011b zcela odpad\\u00e1 nutnost jeho zimn\\u00ed \\u00fadr\\u017eby (pou\\u017eit\\u00ed topn\\u00e9ho syst\\u00e9mu je podm\\u00edn\\u011bno uskute\\u010dn\\u011bn\\u00edm provozn\\u00edho ov\\u011b\\u0159ov\\u00e1n\\u00ed)\\r\\u00b7\\tkonstrukce je vyrobena z prefabrik\\u00e1t\\u016f, jejich\\u017e pou\\u017eit\\u00ed umo\\u017e\\u0148uje mont\\u00e1\\u017e n\\u00e1stupi\\u0161t\\u011b nez\\u00e1vislou na pov\\u011btrnostn\\u00edch podm\\u00ednk\\u00e1ch a velkou variabilitu konstrukce podle po\\u017eadavk\\u016f odb\\u011bratele \\r\\u00b7\\tn\\u00e1stupi\\u0161tn\\u00ed plochy jsou rovn\\u00e9, vylu\\u010duj\\u00ed dodate\\u010dn\\u00e9 sed\\u00e1n\\u00ed a zabra\\u0148uj\\u00ed tvorb\\u011b kalu\\u017e\\u00ed\\r\\u00b7\\tpou\\u017eit\\u00ed prefabrik\\u00e1t\\u016f m\\u00e1 za d\\u016fsledek p\\u0159\\u00edznivou \\u00fadr\\u017ebu povrchu, bezesp\\u00e1rov\\u00e9 povrchy prefabrik\\u00e1t\\u016f zabra\\u0148uj\\u00ed r\\u016fstu plevele\\r\\u00b7\\tkabelov\\u00e9 trasy lze pokl\\u00e1dat a upravovat v prostoru pod n\\u00e1stupi\\u0161tn\\u00edmi deskami ve speci\\u00e1ln\\u00edch kabelov\\u00fdch \\u017elabech, kter\\u00e9 jsou sou\\u010d\\u00e1st\\u00ed syst\\u00e9mu; voln\\u00e1 p\\u0159\\u00edstupnost ke v\\u0161em kabelov\\u00fdm za\\u0159\\u00edzen\\u00edm je mo\\u017en\\u00e1 bez omezen\\u00ed \\u017eelezni\\u010dn\\u00edho provozu\\r\\u00b7\\tkonstruk\\u010dn\\u00ed syst\\u00e9m nevy\\u017eaduje \\u017e\\u00e1dnou zm\\u011bnu p\\u0159\\u00ed\\u010dn\\u00e9ho sklonu pl\\u00e1n\\u011b (norm\\u00e1ln\\u00ed profil \\\/ norm\\u00e1ln\\u00ed \\u0161t\\u011brkov\\u00e9 lo\\u017ee), st\\u00e1vaj\\u00edc\\u00ed odvod\\u0148ovac\\u00ed za\\u0159\\u00edzen\\u00ed lze konstrukc\\u00ed n\\u00e1stupi\\u0161t\\u011b p\\u0159eklenout\\r\\u00b7\\tsyst\\u00e9m garantuje bezprobl\\u00e9mov\\u00e9 odvodn\\u011bn\\u00ed \\u0161t\\u011brkov\\u00e9ho lo\\u017ee i \\u017eelezni\\u010dn\\u00edho spodku\\r\\u00b7\\tn\\u00e1stupi\\u0161tn\\u00ed syst\\u00e9m umo\\u017e\\u0148uje strojn\\u00ed \\u010di\\u0161t\\u011bn\\u00ed kolejov\\u00e9ho lo\\u017ee\\r\\u00b7\\tn\\u00e1stupi\\u0161tn\\u00ed syst\\u00e9m umo\\u017e\\u0148uje u nov\\u011b budovan\\u00fdch n\\u00e1stupi\\u0161\\u0165 upu\\u0161t\\u011bn\\u00ed od z\\u00e1boru pozemk\\u016f ciz\\u00edch vlastn\\u00edk\\u016f v sousedstv\\u00ed dr\\u00e1hy  \\r\\u00b7\\tvyu\\u017eit\\u00edm tohoto syst\\u00e9mu dojde k redukci celkov\\u00e9 doby v\\u00fdstavby a omezen\\u00ed d\\u00e9lky v\\u00fdluk koleje&#8220;,&#8220;VyrUrceniAPouzitDE&#8220;:&#8220;&#8220;,&#8220;VyrUrceniAPouzitEN&#8220;:&#8220;&#8220;,&#8220;VyrNazevCZ&#8220;:&#8220;Zak\\u00e1zkov\\u00e1 v\\u00fdroba n\\u00e1stupi\\u0161tn\\u00edch d\\u00edlc\\u016f UMSTEIGER PLUS 2000&#8243;,&#8220;VyrNazevDE&#8220;:&#8220;&#8220;,&#8220;VyrNazevEN&#8220;:&#8220;&#8220;,&#8220;Beton&#8220;:&#8220;&#8220;,&#8220;ObjemPrvku&#8220;:&#8220;&#8220;,&#8220;HmotnostPrvku&#8220;:&#8220;&#8220;,&#8220;L&#8220;:&#8220;&#8220;,&#8220;B&#8220;:&#8220;&#8220;,&#8220;H&#8220;:&#8220;&#8220;,&#8220;T&#8220;:&#8220;&#8220;,&#8220;D&#8220;:&#8220;&#8220;,&#8220;R&#8220;:&#8220;&#8220;,&#8220;L_2&#8243;:&#8220;&#8220;,&#8220;B_2&#8243;:&#8220;&#8220;,&#8220;H_2&#8243;:&#8220;&#8220;,&#8220;T_2&#8243;:&#8220;&#8220;,&#8220;D_2&#8243;:&#8220;&#8220;,&#8220;R_2&#8243;:&#8220;&#8220;,&#8220;L_1&#8243;:&#8220;&#8220;,&#8220;B_1&#8243;:&#8220;&#8220;,&#8220;H_1&#8243;:&#8220;&#8220;,&#8220;T_1&#8243;:&#8220;&#8220;,&#8220;D_1&#8243;:&#8220;&#8220;,&#8220;R_1&#8243;:&#8220;&#8220;,&#8220;KategorieName&#8220;:&#8220;Dopravn\\u00ed a in\\u017een\\u00fdrsk\\u00e9 stavby&#8220;,&#8220;PodkategorieName&#8220;:&#8220;N\\u00e1stupi\\u0161t\\u011b&#8220;,&#8220;attachments&#8220;:{&#8222;ps&#8220;:[{&#8222;DateCreate&#8220;:&#8220;06.02.2023 14:22:57&#8243;,&#8220;ID&#8220;:&#8220;39&#8243;,&#8220;GUID&#8220;:&#8220;48E0B278B53AB461C125894E00498329&#8243;,&#8220;VYR_ID&#8220;:&#8220;1602&#8243;,&#8220;VYR_Number&#8220;:&#8220;592121719500&#8243;,&#8220;VYR_ObchodniZnacka&#8220;:&#8220;AZZ 500-19&#8243;,&#8220;Number&#8220;:&#8220;07-10\\\/22&#8243;,&#8220;Nazev&#8220;:&#8220;Prefabrikovan\\u00fd z\\u00e1klad n\\u00e1stupi\\u0161t\\u011b UMSTEIGER&#8220;,&#8220;DatePlatnostDo&#8220;:&#8220;21.12.2023 0:00:00&#8243;,&#8220;ZavodName&#8220;:&#8220;07 \\u010cer\\u010dany&#8220;,&#8220;file&#8220;:[{&#8222;ID&#8220;:&#8220;12715&#8243;,&#8220;ResourceGUID&#8220;:&#8220;48E0B278B53AB461C125894E00498329&#8243;,&#8220;Name&#8220;:&#8220;1 &#8211; POS 07-10-22.pdf&#8220;,&#8220;FileNameGUID&#8220;:&#8220;48E0B278B53AB461C125894E00498329_ZUT2JZGO&#8220;,&#8220;Comment&#8220;:&#8220;&#8220;,&#8220;fileModel.Size&#8220;:&#8220;68876&#8243;,&#8220;Create&#8220;:&#8220;22.11.2023 7:52:12&#8243;,&#8220;MimeType&#8220;:&#8220;application\\\/octet-stream&#8220;,&#8220;ZPSV_WEB&#8220;:&#8220;True&#8220;}]},{&#8222;DateCreate&#8220;:&#8220;29.02.2024 10:23:21&#8243;,&#8220;ID&#8220;:&#8220;194&#8243;,&#8220;GUID&#8220;:&#8220;1f5e1c91-c3ce-4570-9d31-7dd736beff7b&#8220;,&#8220;VYR_ID&#8220;:&#8220;1602&#8243;,&#8220;VYR_Number&#8220;:&#8220;592121719500&#8243;,&#8220;VYR_ObchodniZnacka&#8220;:&#8220;AZZ 500-19&#8243;,&#8220;Number&#8220;:&#8220;07-10\\\/22&#8243;,&#8220;Nazev&#8220;:&#8220;Prefabrikovan\\u00fd z\\u00e1klad n\\u00e1stupi\\u0161t\\u011b UMSTEIGER&#8220;,&#8220;DatePlatnostDo&#8220;:&#8220;21.12.2024 0:00:00&#8243;,&#8220;ZavodName&#8220;:&#8220;07 \\u010cer\\u010dany&#8220;,&#8220;file&#8220;:[{&#8222;ID&#8220;:&#8220;13717&#8243;,&#8220;ResourceGUID&#8220;:&#8220;1f5e1c91-c3ce-4570-9d31-7dd736beff7b&#8220;,&#8220;Name&#8220;:&#8220;1 &#8211; POS 07-14-23.pdf&#8220;,&#8220;FileNameGUID&#8220;:&#8220;f6920288-d6d7-48fc-8ce2-6c7ed6659d33&#8243;,&#8220;Comment&#8220;:&#8220;&#8220;,&#8220;fileModel.Size&#8220;:&#8220;70432&#8243;,&#8220;Create&#8220;:&#8220;01.03.2024 10:54:15&#8243;,&#8220;MimeType&#8220;:&#8220;application\\\/pdf&#8220;,&#8220;ZPSV_WEB&#8220;:&#8220;True&#8220;}]}],&#8220;tpd&#8220;:[{&#8222;DateCreate&#8220;:&#8220;&#8220;,&#8220;ID&#8220;:&#8220;1526&#8243;,&#8220;GUID&#8220;:&#8220;AFA7C0959ED660DEC125792F0041D227&#8243;,&#8220;VYR_ID&#8220;:&#8220;1602&#8243;,&#8220;VYR_Number&#8220;:&#8220;592121719500&#8243;,&#8220;VYR_ObchodniZnacka&#8220;:&#8220;AZZ 500-19&#8243;,&#8220;DocumentNumber&#8220;:&#8220;TP-01\\\/11&#8243;,&#8220;Title&#8220;:&#8220;Modul\\u00e1rn\\u00ed n\\u00e1stupi\\u0161t\\u011b UMSTEIGER &#8211; PLUS 2000 (S\\u017dDC)&#8220;,&#8220;IssueNumber&#8220;:&#8220;1&#8243;,&#8220;file&#8220;:[{&#8222;ID&#8220;:&#8220;3810&#8243;,&#8220;ResourceGUID&#8220;:&#8220;AFA7C0959ED660DEC125792F0041D227&#8243;,&#8220;Name&#8220;:&#8220;TP-01_11-S\\u017dDC Modul\\u00e1rn\\u00ed n\\u00e1stupi\\u0161t\\u011b UMSTEIGER &#8211; PLUS 2000 (1-1).pdf&#8220;,&#8220;FileNameGUID&#8220;:&#8220;AFA7C0959ED660DEC125792F0041D227_XBLV3TCT&#8220;,&#8220;Comment&#8220;:&#8220;&#8220;,&#8220;fileModel.Size&#8220;:&#8220;929272&#8243;,&#8220;Create&#8220;:&#8220;17.08.2023 10:19:56&#8243;,&#8220;MimeType&#8220;:&#8220;application\\\/octet-stream&#8220;,&#8220;ZPSV_WEB&#8220;:&#8220;True&#8220;}]}]}}<\/p>","protected":false},"excerpt":{"rendered":"<p>{&#8222;DateCreate&#8220;:&#8220;20.10.2011 13:54:25&#8243;,&#8220;ID&#8220;:&#8220;1602&#8243;,&#8220;GUID&#8220;:&#8220;918BEDF7A0DB0550C125792F00416830&#8243;,&#8220;Nazev&#8220;:&#8220;Zak\\u00e1zkov\\u00e1 v\\u00fdroba n\\u00e1stupi\\u0161tn\\u00edch d\\u00edlc\\u016f UMSTEIGER PLUS 2000&#8243;,&#8220;Number&#8220;:&#8220;592121719500&#8243;,&#8220;ObchodniZnacka&#8220;:&#8220;AZZ 500-19&#8243;,&#8220;Zavods&#8220;:&#8220;07 \\u010cer\\u010dany&#8220;,&#8220;VyrPopisCZ&#8220;:&#8220;&#8220;,&#8220;VyrPopisDE&#8220;:&#8220;&#8220;,&#8220;VyrPopisEN&#8220;:&#8220;&#8220;,&#8220;VyrUrceniAPouzitCZ&#8220;:&#8220;Konstruk\\u010dn\\u00ed [&hellip;]<\/p>","protected":false},"author":1,"featured_media":0,"parent":160625,"menu_order":0,"comment_status":"closed","ping_status":"closed","template":"layouts\/page-katalog.php","meta":{"footnotes":""},"_links":{"self":[{"href":"https:\/\/zpsv-cz.webvalleypreview.com\/en\/wp-json\/wp\/v2\/pages\/163218"}],"collection":[{"href":"https:\/\/zpsv-cz.webvalleypreview.com\/en\/wp-json\/wp\/v2\/pages"}],"about":[{"href":"https:\/\/zpsv-cz.webvalleypreview.com\/en\/wp-json\/wp\/v2\/types\/page"}],"author":[{"embeddable":true,"href":"https:\/\/zpsv-cz.webvalleypreview.com\/en\/wp-json\/wp\/v2\/users\/1"}],"replies":[{"embeddable":true,"href":"https:\/\/zpsv-cz.webvalleypreview.com\/en\/wp-json\/wp\/v2\/comments?post=163218"}],"version-history":[{"count":0,"href":"https:\/\/zpsv-cz.webvalleypreview.com\/en\/wp-json\/wp\/v2\/pages\/163218\/revisions"}],"up":[{"embeddable":true,"href":"https:\/\/zpsv-cz.webvalleypreview.com\/en\/wp-json\/wp\/v2\/pages\/160625"}],"wp:attachment":[{"href":"https:\/\/zpsv-cz.webvalleypreview.com\/en\/wp-json\/wp\/v2\/media?parent=163218"}],"curies":[{"name":"wp","href":"https:\/\/api.w.org\/{rel}","templated":true}]}}