{"id":163219,"date":"2024-05-23T13:38:21","date_gmt":"2024-05-23T11:38:21","guid":{"rendered":"https:\/\/zpsv-cz.webvalleypreview.com\/kolejove-dopravni-stavby\/nastupiste\/konzolova-deska-ktd-230-signalni\/"},"modified":"2024-05-23T13:38:21","modified_gmt":"2024-05-23T11:38:21","slug":"konzolova-deska-ktd-230-signalni","status":"publish","type":"page","link":"https:\/\/zpsv-cz.webvalleypreview.com\/en\/kolejove-dopravni-stavby\/nastupiste\/konzolova-deska-ktd-230-signalni\/","title":{"rendered":"Konzolov\u00e1 deska KTD-230 Sign\u00e1ln\u00ed"},"content":{"rendered":"<p>{&#8222;DateCreate&#8220;:&#8220;28.08.2019 9:30:07&#8243;,&#8220;ID&#8220;:&#8220;1622&#8243;,&#8220;GUID&#8220;:&#8220;C3B93314D5AE3C72C1258464002935FD&#8220;,&#8220;Nazev&#8220;:&#8220;Konzolov\\u00e1 deska KTD-230 Sign\\u00e1ln\\u00ed&#8220;,&#8220;Number&#8220;:&#8220;592121719231&#8243;,&#8220;ObchodniZnacka&#8220;:&#8220;AZZ 231-19&#8243;,&#8220;Zavods&#8220;:&#8220;31 Doloplazy&#8220;,&#8220;VyrPopisCZ&#8220;:&#8220;Konzolov\\u00e9 desky typu KTD-230 Sign\\u00e1ln\\u00ed jsou opat\\u0159eny nedokon\\u010den\\u00fdm varovn\\u00fdm p\\u00e1sem slou\\u010den\\u00fdm s vod\\u00edc\\u00ed lini\\u00ed \\u0161\\u00ed\\u0159ky 40 cm ve vzd\\u00e1lenosti 80 cm od okraje. Varovn\\u00fd p\\u00e1s je ukon\\u010den ve vzd\\u00e1lenosti 40 cm od lev\\u00e9ho okraje a je tvo\\u0159en r\\u00fdhov\\u00e1n\\u00edm ve tvaru trap\\u00e9z. D\\u00e1le jsou tyto desky opat\\u0159eny varovn\\u00fdm p\\u00e1sem v prav\\u00e9m rohu o velikosti 90&#215;80 cm. Plocha tohoto varovn\\u00e9ho p\\u00e1su je tvo\\u0159ena tzv. pup\\u00edky, co\\u017e jsou v\\u00fdstupky tvaru \\u010d\\u00e1sti koule. Zb\\u00fdvaj\\u00edc\\u00ed poch\\u016fzn\\u00e1 plocha konzolov\\u00fdch desek je opat\\u0159ena des\\u00e9nem z\\u00e1mkov\\u00e1 dla\\u017eba 20&#215;20 cm. Vysok\\u00fd estetick\\u00fd dojem nen\\u00ed ru\\u0161en manipula\\u010dn\\u00edmi h\\u00e1ky. Konzolov\\u00e9 desky KTD-230 Sign\\u00e1ln\\u00ed se pou\\u017e\\u00edvaj\\u00ed pro hmatov\\u00e9 \\u00fapravy pro nevidom\\u00e9 a slabozrak\\u00e9 u n\\u00e1stupi\\u0161\\u0165 typu SUDOP v \\u017eelezni\\u010dn\\u00edch stanic\\u00edch.&#8220;,&#8220;VyrPopisDE&#8220;:&#8220;&#8220;,&#8220;VyrPopisEN&#8220;:&#8220;&#8220;,&#8220;VyrUrceniAPouzitCZ&#8220;:&#8220;&#8220;,&#8220;VyrUrceniAPouzitDE&#8220;:&#8220;&#8220;,&#8220;VyrUrceniAPouzitEN&#8220;:&#8220;&#8220;,&#8220;VyrNazevCZ&#8220;:&#8220;Konzolov\\u00e1 deska KTD-230 Sign\\u00e1ln\\u00ed&#8220;,&#8220;VyrNazevDE&#8220;:&#8220;&#8220;,&#8220;VyrNazevEN&#8220;:&#8220;&#8220;,&#8220;Beton&#8220;:&#8220;&#8220;,&#8220;ObjemPrvku&#8220;:&#8220;&#8220;,&#8220;HmotnostPrvku&#8220;:&#8220;&#8220;,&#8220;L&#8220;:&#8220;230&#8243;,&#8220;B&#8220;:&#8220;99,5&#8243;,&#8220;H&#8220;:&#8220;9,5&#8243;,&#8220;T&#8220;:&#8220;&#8220;,&#8220;D&#8220;:&#8220;&#8220;,&#8220;R&#8220;:&#8220;&#8220;,&#8220;L_2&#8243;:&#8220;&#8220;,&#8220;B_2&#8243;:&#8220;&#8220;,&#8220;H_2&#8243;:&#8220;&#8220;,&#8220;T_2&#8243;:&#8220;&#8220;,&#8220;D_2&#8243;:&#8220;&#8220;,&#8220;R_2&#8243;:&#8220;&#8220;,&#8220;L_1&#8243;:&#8220;&#8220;,&#8220;B_1&#8243;:&#8220;&#8220;,&#8220;H_1&#8243;:&#8220;&#8220;,&#8220;T_1&#8243;:&#8220;&#8220;,&#8220;D_1&#8243;:&#8220;&#8220;,&#8220;R_1&#8243;:&#8220;&#8220;,&#8220;KategorieName&#8220;:&#8220;Dopravn\\u00ed a in\\u017een\\u00fdrsk\\u00e9 stavby&#8220;,&#8220;PodkategorieName&#8220;:&#8220;N\\u00e1stupi\\u0161t\\u011b&#8220;}<\/p>","protected":false},"excerpt":{"rendered":"<p>{&#8222;DateCreate&#8220;:&#8220;28.08.2019 9:30:07&#8243;,&#8220;ID&#8220;:&#8220;1622&#8243;,&#8220;GUID&#8220;:&#8220;C3B93314D5AE3C72C1258464002935FD&#8220;,&#8220;Nazev&#8220;:&#8220;Konzolov\\u00e1 deska KTD-230 Sign\\u00e1ln\\u00ed&#8220;,&#8220;Number&#8220;:&#8220;592121719231&#8243;,&#8220;ObchodniZnacka&#8220;:&#8220;AZZ 231-19&#8243;,&#8220;Zavods&#8220;:&#8220;31 Doloplazy&#8220;,&#8220;VyrPopisCZ&#8220;:&#8220;Konzolov\\u00e9 desky typu KTD-230 [&hellip;]<\/p>","protected":false},"author":1,"featured_media":0,"parent":160625,"menu_order":0,"comment_status":"closed","ping_status":"closed","template":"layouts\/page-katalog.php","meta":{"footnotes":""},"_links":{"self":[{"href":"https:\/\/zpsv-cz.webvalleypreview.com\/en\/wp-json\/wp\/v2\/pages\/163219"}],"collection":[{"href":"https:\/\/zpsv-cz.webvalleypreview.com\/en\/wp-json\/wp\/v2\/pages"}],"about":[{"href":"https:\/\/zpsv-cz.webvalleypreview.com\/en\/wp-json\/wp\/v2\/types\/page"}],"author":[{"embeddable":true,"href":"https:\/\/zpsv-cz.webvalleypreview.com\/en\/wp-json\/wp\/v2\/users\/1"}],"replies":[{"embeddable":true,"href":"https:\/\/zpsv-cz.webvalleypreview.com\/en\/wp-json\/wp\/v2\/comments?post=163219"}],"version-history":[{"count":0,"href":"https:\/\/zpsv-cz.webvalleypreview.com\/en\/wp-json\/wp\/v2\/pages\/163219\/revisions"}],"up":[{"embeddable":true,"href":"https:\/\/zpsv-cz.webvalleypreview.com\/en\/wp-json\/wp\/v2\/pages\/160625"}],"wp:attachment":[{"href":"https:\/\/zpsv-cz.webvalleypreview.com\/en\/wp-json\/wp\/v2\/media?parent=163219"}],"curies":[{"name":"wp","href":"https:\/\/api.w.org\/{rel}","templated":true}]}}