{"id":5508,"date":"2019-01-28T14:02:39","date_gmt":"2019-01-28T13:02:39","guid":{"rendered":"https:\/\/zpsv.cz\/?page_id=5508"},"modified":"2024-01-03T08:49:04","modified_gmt":"2024-01-03T07:49:04","slug":"vyrobni-zavody-cr","status":"publish","type":"page","link":"https:\/\/zpsv-cz.webvalleypreview.com\/en\/kontakty\/vyrobni-zavody-cr\/","title":{"rendered":"PRODUCTION PLANTS IN CZ"},"content":{"rendered":"<p><div class=\"fusion-fullwidth fullwidth-box nonhundred-percent-fullwidth non-hundred-percent-height-scrolling\"  style='background-color: rgba(255,255,255,0);background-position: center center;background-repeat: no-repeat;padding-top:0px;padding-right:0px;padding-bottom:0px;padding-left:0px;'><div class=\"fusion-builder-row fusion-row\"><div  class=\"fusion-layout-column fusion_builder_column fusion_builder_column_1_1  fusion-one-full fusion-column-first fusion-column-last 1_1\"  style='margin-top:0px;margin-bottom:20px;'>\r\n\t\t\t\t\t<div class=\"fusion-column-wrapper\" style=\"padding: 0px 0px 0px 0px;background-position:left top;background-repeat:no-repeat;-webkit-background-size:cover;-moz-background-size:cover;-o-background-size:cover;background-size:cover;\"   data-bg-url=\"\">\r\n\t\t\t\t\t\t<div class=\"fusion-text\">\n<\/div><div class=\"fusion-clearfix\"><\/div>\r\n\r\n\t\t\t\t\t<\/div>\r\n\t\t\t\t<\/div><\/div><\/div><div class=\"fusion-fullwidth fullwidth-box nonhundred-percent-fullwidth non-hundred-percent-height-scrolling\"  style='background-color: rgba(255,255,255,0);background-position: center center;background-repeat: no-repeat;padding-top:0px;padding-right:0px;padding-bottom:0px;padding-left:0px;'><div class=\"fusion-builder-row fusion-row\"><div  class=\"fusion-layout-column fusion_builder_column fusion_builder_column_1_1  fusion-one-full fusion-column-first fusion-column-last 1_1\"  style='margin-top:0px;margin-bottom:20px;'>\r\n\t\t\t\t\t<div class=\"fusion-column-wrapper\" style=\"padding: 0px 0px 0px 0px;background-position:left top;background-repeat:no-repeat;-webkit-background-size:cover;-moz-background-size:cover;-o-background-size:cover;background-size:cover;\"   data-bg-url=\"\">\r\n\t\t\t\t\t\t<div class=\"fusion-title title fusion-sep-none fusion-title-size-two\" style=\"margin-top:20px;margin-bottom:15px;\"><h2 class=\"title-heading-left\">PRODUCTION PLANTS<\/h2><\/div><div class=\"fusion-builder-row fusion-builder-row-inner fusion-row\"><div  class=\"fusion-layout-column fusion_builder_column fusion_builder_column_1_3  fusion-one-third fusion-column-first 1_3\"  style='margin-top: 0px;margin-bottom: 20px;width:33.33%;width:calc(33.33% - ( ( 4% + 4% ) * 0.3333 ) );margin-right:4%;'><div class=\"fusion-column-wrapper\" style=\"padding: 0px 0px 0px 0px;background-position:left top;background-repeat:no-repeat;-webkit-background-size:cover;-moz-background-size:cover;-o-background-size:cover;background-size:cover;\"  data-bg-url=\"\"><div class=\"fusion-text contact-item\"><div class=\"page\" title=\"Page 2\">\n<div class=\"layoutArea\">\n<div class=\"column\">\n<div class=\"page\" title=\"Page 2\">\n<div class=\"layoutArea\">\n<div class=\"column\">\n<p><strong><span style=\"color: #941612;\">Plant Uhersk\u00fd Ostroh<\/span><\/strong><br \/>\nVeselsk\u00e1 911, 687 24<br \/>\nUhersk\u00fd Ostroh<br \/>\n<strong>Telephone exchange<\/strong><br \/>\nTel.: +420 572 430 660<br \/>\n+420 572 430 670<br \/>\n<strong>Expedition<\/strong><br \/>\nTel.: +420 572 430 653<br \/>\n<a href=\"mailto:info.ostroh@zpsv.cz\">info.ostroh@zpsv.cz<\/a><br \/>\n<a href=\"mailto:podatelna.ostroh@zpsv.cz\">podatelna.ostroh@zpsv.cz<\/a><\/p>\n<\/div>\n<\/div>\n<\/div>\n<\/div>\n<\/div>\n<\/div>\n<\/div><div class=\"fusion-text\"><p><iframe loading=\"lazy\" title=\"YouTube video player\" src=\"https:\/\/www.youtube.com\/embed\/ZnAHieU6258\" width=\"270\" height=\"152\" frameborder=\"0\" allowfullscreen=\"allowfullscreen\"><\/iframe><\/p>\n<\/div><div class=\"fusion-text contact-item\"><div class=\"page\" title=\"Page 2\">\n<div class=\"layoutArea\">\n<div class=\"column\">\n<div class=\"page\" title=\"Page 2\">\n<div class=\"layoutArea\">\n<div class=\"column\">\n<div class=\"page\" title=\"Page 2\">\n<div class=\"layoutArea\">\n<div class=\"column\">\n<p><strong><span style=\"color: #941612;\">Plant Doloplazy<\/span><\/strong><br \/>\nDoloplazy 143, 798 26<br \/>\nNezamyslice u Prost\u011bjova<br \/>\n<strong>Telephone exchange<\/strong><br \/>\nTel.: +420 582 300 250, 260<br \/>\nFax: +420 582 300 272<br \/>\n<strong>Expedition<\/strong><br \/>\nTel.: +420 582 300 275<br \/>\nFax: +420 582 300 275<br \/>\n<a href=\"mailto:info.doloplazy@zpsv.cz\">info.doloplazy@zpsv.cz<\/a><br \/>\n<a href=\"mailto:podatelna.doloplazy@zpsv.cz\">podatelna.doloplazy@zpsv.cz<\/a><\/p>\n<\/div>\n<\/div>\n<\/div>\n<\/div>\n<\/div>\n<\/div>\n<\/div>\n<\/div>\n<\/div>\n<\/div><div class=\"fusion-text\"><p><iframe loading=\"lazy\" title=\"YouTube video player\" src=\"https:\/\/www.youtube.com\/embed\/bMmwuQeP-f8\" width=\"270\" height=\"152\" frameborder=\"0\" allowfullscreen=\"allowfullscreen\"><\/iframe><\/p>\n<\/div><\/div><\/div><div  class=\"fusion-layout-column fusion_builder_column fusion_builder_column_1_3  fusion-one-third 1_3\"  style='margin-top: 0px;margin-bottom: 20px;width:33.33%;width:calc(33.33% - ( ( 4% + 4% ) * 0.3333 ) );margin-right:4%;'><div class=\"fusion-column-wrapper\" style=\"padding: 0px 0px 0px 0px;background-position:left top;background-repeat:no-repeat;-webkit-background-size:cover;-moz-background-size:cover;-o-background-size:cover;background-size:cover;\"  data-bg-url=\"\"><div class=\"fusion-text contact-item\"><div class=\"page\" title=\"Page 2\">\n<div class=\"layoutArea\">\n<div class=\"column\">\n<div class=\"page\" title=\"Page 2\">\n<div class=\"layoutArea\">\n<div class=\"column\">\n<p><strong><span style=\"color: #941612;\">Plant \u010cer\u010dany<\/span><\/strong><br \/>\nZa Trat\u00ed 369, 257 22 \u010cer\u010dany<br \/>\n<strong>Secretariat<\/strong><br \/>\nTel.: +420 317 477 100<br \/>\n<a href=\"mailto:info.cercany@zpsv.cz\">info.cercany@zpsv.cz<\/a><br \/>\n<a href=\"mailto:podatelna.cercany@zpsv.cz\">podatelna.cercany@zpsv.cz<\/a><\/p>\n<\/div>\n<\/div>\n<\/div>\n<\/div>\n<\/div>\n<\/div>\n<\/div><div class=\"fusion-text\"><p><iframe loading=\"lazy\" title=\"YouTube video player\" src=\"https:\/\/www.youtube.com\/embed\/42XTMftI8XA\" width=\"270\" height=\"152\" frameborder=\"0\" allowfullscreen=\"allowfullscreen\"><\/iframe><\/p>\n<\/div><div class=\"fusion-text contact-item\"><div class=\"page\" title=\"Page 2\">\n<div class=\"layoutArea\">\n<div class=\"column\">\n<div class=\"page\" title=\"Page 2\">\n<div class=\"layoutArea\">\n<div class=\"column\">\n<p><strong><span style=\"color: #941612;\">Plant Litice<\/span><\/strong><br \/>\nLitice nad Orlic\u00ed 60,<br \/>\n561 86 Z\u00e1chlum\u00ed<br \/>\n<strong>Telephone exchange<\/strong><br \/>\nTel.: +420 469 779 246<br \/>\n<a href=\"mailto:info.litice@zpsv.cz\">info.litice@zpsv.cz<\/a><br \/>\n<a href=\"mailto:podatelna.litice@zpsv.cz\">podatelna.litice@zpsv.cz<\/a><\/p>\n<\/div>\n<\/div>\n<\/div>\n<\/div>\n<\/div>\n<\/div>\n<\/div><div class=\"fusion-text\"><p><iframe loading=\"lazy\" title=\"YouTube video player\" src=\"https:\/\/www.youtube.com\/embed\/_ssxNwHQykk\" width=\"270\" height=\"152\" frameborder=\"0\" allowfullscreen=\"allowfullscreen\"><\/iframe><\/p>\n<\/div><\/div><\/div><div  class=\"fusion-layout-column fusion_builder_column fusion_builder_column_1_3  fusion-one-third fusion-column-last 1_3\"  style='margin-top: 0px;margin-bottom: 20px;width:33.33%;width:calc(33.33% - ( ( 4% + 4% ) * 0.3333 ) );'><div class=\"fusion-column-wrapper\" style=\"background-position:left top;background-repeat:no-repeat;-webkit-background-size:cover;-moz-background-size:cover;-o-background-size:cover;background-size:cover;\"  data-bg-url=\"\"><div class=\"fusion-text\"><p><img loading=\"lazy\" decoding=\"async\" class=\"alignnone size-medium wp-image-62701 aligncenter\" src=\"https:\/\/zpsv-cz.webvalleypreview.com\/wp-content\/uploads\/2022\/02\/Mapa-ZPSV_seda_2022-300x181.jpg\" alt=\"\" width=\"300\" height=\"181\" srcset=\"https:\/\/zpsv-cz.webvalleypreview.com\/wp-content\/uploads\/2022\/02\/Mapa-ZPSV_seda_2022-18x12.jpg 18w, https:\/\/zpsv-cz.webvalleypreview.com\/wp-content\/uploads\/2022\/02\/Mapa-ZPSV_seda_2022-200x121.jpg 200w, https:\/\/zpsv-cz.webvalleypreview.com\/wp-content\/uploads\/2022\/02\/Mapa-ZPSV_seda_2022-300x181.jpg 300w, https:\/\/zpsv-cz.webvalleypreview.com\/wp-content\/uploads\/2022\/02\/Mapa-ZPSV_seda_2022-400x242.jpg 400w, https:\/\/zpsv-cz.webvalleypreview.com\/wp-content\/uploads\/2022\/02\/Mapa-ZPSV_seda_2022-600x363.jpg 600w, https:\/\/zpsv-cz.webvalleypreview.com\/wp-content\/uploads\/2022\/02\/Mapa-ZPSV_seda_2022-768x464.jpg 768w, https:\/\/zpsv-cz.webvalleypreview.com\/wp-content\/uploads\/2022\/02\/Mapa-ZPSV_seda_2022-800x483.jpg 800w, https:\/\/zpsv-cz.webvalleypreview.com\/wp-content\/uploads\/2022\/02\/Mapa-ZPSV_seda_2022-1024x619.jpg 1024w, https:\/\/zpsv-cz.webvalleypreview.com\/wp-content\/uploads\/2022\/02\/Mapa-ZPSV_seda_2022-1200x725.jpg 1200w, https:\/\/zpsv-cz.webvalleypreview.com\/wp-content\/uploads\/2022\/02\/Mapa-ZPSV_seda_2022-1536x928.jpg 1536w\" sizes=\"(max-width: 300px) 100vw, 300px\" \/><\/p>\n<\/div><\/div><\/div><\/div><div class=\"fusion-clearfix\"><\/div>\r\n\r\n\t\t\t\t\t<\/div>\r\n\t\t\t\t<\/div><\/div><\/div><\/p>","protected":false},"excerpt":{"rendered":"","protected":false},"author":1,"featured_media":9715,"parent":24,"menu_order":4,"comment_status":"closed","ping_status":"closed","template":"","meta":{"footnotes":""},"_links":{"self":[{"href":"https:\/\/zpsv-cz.webvalleypreview.com\/en\/wp-json\/wp\/v2\/pages\/5508"}],"collection":[{"href":"https:\/\/zpsv-cz.webvalleypreview.com\/en\/wp-json\/wp\/v2\/pages"}],"about":[{"href":"https:\/\/zpsv-cz.webvalleypreview.com\/en\/wp-json\/wp\/v2\/types\/page"}],"author":[{"embeddable":true,"href":"https:\/\/zpsv-cz.webvalleypreview.com\/en\/wp-json\/wp\/v2\/users\/1"}],"replies":[{"embeddable":true,"href":"https:\/\/zpsv-cz.webvalleypreview.com\/en\/wp-json\/wp\/v2\/comments?post=5508"}],"version-history":[{"count":10,"href":"https:\/\/zpsv-cz.webvalleypreview.com\/en\/wp-json\/wp\/v2\/pages\/5508\/revisions"}],"predecessor-version":[{"id":78726,"href":"https:\/\/zpsv-cz.webvalleypreview.com\/en\/wp-json\/wp\/v2\/pages\/5508\/revisions\/78726"}],"up":[{"embeddable":true,"href":"https:\/\/zpsv-cz.webvalleypreview.com\/en\/wp-json\/wp\/v2\/pages\/24"}],"wp:featuredmedia":[{"embeddable":true,"href":"https:\/\/zpsv-cz.webvalleypreview.com\/en\/wp-json\/wp\/v2\/media\/9715"}],"wp:attachment":[{"href":"https:\/\/zpsv-cz.webvalleypreview.com\/en\/wp-json\/wp\/v2\/media?parent=5508"}],"curies":[{"name":"wp","href":"https:\/\/api.w.org\/{rel}","templated":true}]}}