{"id":68,"date":"2019-01-18T14:16:12","date_gmt":"2019-01-18T13:16:12","guid":{"rendered":"https:\/\/zpsv.cz\/?page_id=68"},"modified":"2022-04-11T07:33:38","modified_gmt":"2022-04-11T05:33:38","slug":"kolejove-dopravni-stavby","status":"publish","type":"page","link":"https:\/\/zpsv-cz.webvalleypreview.com\/en\/kolejove-dopravni-stavby\/","title":{"rendered":"Railway <br>constructions"},"content":{"rendered":"<div class=\"fusion-fullwidth fullwidth-box nonhundred-percent-fullwidth non-hundred-percent-height-scrolling\"  style='background-color: rgba(255,255,255,0);background-position: center center;background-repeat: no-repeat;padding-top:0px;padding-right:0px;padding-bottom:0px;padding-left:0px;'><div class=\"fusion-builder-row fusion-row\"><div  class=\"fusion-layout-column fusion_builder_column fusion_builder_column_1_1  fusion-one-full fusion-column-first fusion-column-last 1_1\"  style='margin-top:0px;margin-bottom:0px;'>\r\n\t\t\t\t\t<div class=\"fusion-column-wrapper\" style=\"padding: 26px 38px 26px 34px;background-position:left top;background-repeat:no-repeat;-webkit-background-size:cover;-moz-background-size:cover;-o-background-size:cover;background-size:cover;\"   data-bg-url=\"\">\r\n\t\t\t\t\t\t<div class=\"fusion-text\"><p>Deliveries for railway constructions are the main program of the company, especially the production of rail supports (prestressed concrete sleepers) for railway and tram lines. The sleepers are designed and supplied both on the main corridor line and on the secondary lines throughout the Czech Republic, Slovakia and Bulgaria.<\/p>\n<p>The production range has been expanded by the production of Porr fixed track elements.<\/p>\n<p>This specific and demanding production is organized by:<\/p>\n<p>in two plants in the Czech Republic - Doloplazy and Uhersk\u00fd Ostroh in Moravia.<br \/>\nin the \u017dPSV a.s. \u010ca\u0148a in the Slovak Republic.<\/p>\n<p>The important range of products for railway constructions also includes prefabricated products for platforms (platform blocks L 130, platform edges H 130, tilting platform, platform type SUDOP), level crossings (BRENS), railway baths (VK-1,2,3), paving, covers, drainage, wires and other small elements of railway marking.<\/p>\n<\/div><div class=\"fusion-clearfix\"><\/div>\r\n\r\n\t\t\t\t\t<\/div>\r\n\t\t\t\t<\/div><\/div><\/div>","protected":false},"excerpt":{"rendered":"","protected":false},"author":1,"featured_media":9809,"parent":0,"menu_order":1,"comment_status":"closed","ping_status":"closed","template":"layouts\/page-katalog.php","meta":{"footnotes":""},"_links":{"self":[{"href":"https:\/\/zpsv-cz.webvalleypreview.com\/en\/wp-json\/wp\/v2\/pages\/68"}],"collection":[{"href":"https:\/\/zpsv-cz.webvalleypreview.com\/en\/wp-json\/wp\/v2\/pages"}],"about":[{"href":"https:\/\/zpsv-cz.webvalleypreview.com\/en\/wp-json\/wp\/v2\/types\/page"}],"author":[{"embeddable":true,"href":"https:\/\/zpsv-cz.webvalleypreview.com\/en\/wp-json\/wp\/v2\/users\/1"}],"replies":[{"embeddable":true,"href":"https:\/\/zpsv-cz.webvalleypreview.com\/en\/wp-json\/wp\/v2\/comments?post=68"}],"version-history":[{"count":0,"href":"https:\/\/zpsv-cz.webvalleypreview.com\/en\/wp-json\/wp\/v2\/pages\/68\/revisions"}],"wp:featuredmedia":[{"embeddable":true,"href":"https:\/\/zpsv-cz.webvalleypreview.com\/en\/wp-json\/wp\/v2\/media\/9809"}],"wp:attachment":[{"href":"https:\/\/zpsv-cz.webvalleypreview.com\/en\/wp-json\/wp\/v2\/media?parent=68"}],"curies":[{"name":"wp","href":"https:\/\/api.w.org\/{rel}","templated":true}]}}