{"id":9135,"date":"2019-02-19T10:44:19","date_gmt":"2019-02-19T09:44:19","guid":{"rendered":"https:\/\/zpsv.cz\/ostatni-prefabrikaty-pro-pozemni-stavby\/"},"modified":"2019-02-19T10:44:19","modified_gmt":"2019-02-19T09:44:19","slug":"ostatni-prefabrikaty-pro-pozemni-stavby","status":"publish","type":"page","link":"https:\/\/zpsv-cz.webvalleypreview.com\/en\/pozemni-stavby\/ostatni-prefabrikaty-pro-pozemni-stavby\/","title":{"rendered":"Ostatn\u00ed prefabrik\u00e1ty pro pozemn\u00ed stavby"},"content":{"rendered":"<h1>Ostatn\u00ed prefabrik\u00e1ty pro pozemn\u00ed stavby<\/h1>","protected":false},"excerpt":{"rendered":"<p>Ostatn\u00ed prefabrik\u00e1ty pro pozemn\u00ed stavby<\/p>","protected":false},"author":1,"featured_media":0,"parent":5588,"menu_order":0,"comment_status":"closed","ping_status":"closed","template":"layouts\/page-katalog.php","meta":{"footnotes":""},"_links":{"self":[{"href":"https:\/\/zpsv-cz.webvalleypreview.com\/en\/wp-json\/wp\/v2\/pages\/9135"}],"collection":[{"href":"https:\/\/zpsv-cz.webvalleypreview.com\/en\/wp-json\/wp\/v2\/pages"}],"about":[{"href":"https:\/\/zpsv-cz.webvalleypreview.com\/en\/wp-json\/wp\/v2\/types\/page"}],"author":[{"embeddable":true,"href":"https:\/\/zpsv-cz.webvalleypreview.com\/en\/wp-json\/wp\/v2\/users\/1"}],"replies":[{"embeddable":true,"href":"https:\/\/zpsv-cz.webvalleypreview.com\/en\/wp-json\/wp\/v2\/comments?post=9135"}],"version-history":[{"count":0,"href":"https:\/\/zpsv-cz.webvalleypreview.com\/en\/wp-json\/wp\/v2\/pages\/9135\/revisions"}],"up":[{"embeddable":true,"href":"https:\/\/zpsv-cz.webvalleypreview.com\/en\/wp-json\/wp\/v2\/pages\/5588"}],"wp:attachment":[{"href":"https:\/\/zpsv-cz.webvalleypreview.com\/en\/wp-json\/wp\/v2\/media?parent=9135"}],"curies":[{"name":"wp","href":"https:\/\/api.w.org\/{rel}","templated":true}]}}