{"id":96,"date":"2019-01-21T12:08:26","date_gmt":"2019-01-21T11:08:26","guid":{"rendered":"https:\/\/zpsv.cz\/?page_id=96"},"modified":"2019-09-13T09:37:55","modified_gmt":"2019-09-13T07:37:55","slug":"informace-pro-akcionare","status":"publish","type":"page","link":"https:\/\/zpsv-cz.webvalleypreview.com\/en\/ke-stazeni\/informace-pro-akcionare\/","title":{"rendered":"Information for former shareholders"},"content":{"rendered":"<div class=\"fusion-fullwidth fullwidth-box nonhundred-percent-fullwidth non-hundred-percent-height-scrolling\"  style='background-color: rgba(255,255,255,0);background-position: center center;background-repeat: no-repeat;padding-top:0px;padding-right:0px;padding-bottom:0px;padding-left:0px;'><div class=\"fusion-builder-row fusion-row\"><div  class=\"fusion-layout-column fusion_builder_column fusion_builder_column_1_4  fusion-one-fourth fusion-column-first 1_4\"  style='margin-top:0px;margin-bottom:20px;width:25%;width:calc(25% - ( ( 4% ) * 0.25 ) );margin-right: 4%;'>\r\n\t\t\t\t\t<div class=\"fusion-column-wrapper\" style=\"padding: 0px 0px 0px 0px;background-position:left top;background-repeat:no-repeat;-webkit-background-size:cover;-moz-background-size:cover;-o-background-size:cover;background-size:cover;\"   data-bg-url=\"\">\r\n\t\t\t\t\t\t<div class=\"fusion-text\"><div class=\"sidemenu\"><ul><li class=\"page_item page-item-20 page_item_has_children current_page_ancestor\"><ul class=\"children\"><li class=\"page_item page_item_has_children\"><a href=\"https:\/\/zpsv-cz.webvalleypreview.com\/en\/ke-stazeni\/ceniky\/\" class=\"\">Price lists<\/a><\/li><li class=\"page_item page_item_has_children\"><a href=\"https:\/\/zpsv-cz.webvalleypreview.com\/en\/ke-stazeni\/certifikaty\/\" class=\"\">Certifications<\/a><\/li><li class=\"page_item page_item_has_children  current_page_item\"><a href=\"https:\/\/zpsv-cz.webvalleypreview.com\/en\/ke-stazeni\/informace-pro-akcionare\/\" class=\"\">Information for former shareholders<\/a><\/li><li class=\"page_item page_item_has_children\"><a href=\"https:\/\/zpsv-cz.webvalleypreview.com\/en\/ke-stazeni\/katalogy\/\" class=\"\">Catalogues<\/a><\/li><li class=\"page_item page_item_has_children\"><a href=\"https:\/\/zpsv-cz.webvalleypreview.com\/en\/ke-stazeni\/konanos\/\" class=\"\">KoNaNos<\/a><\/li><li class=\"page_item page_item_has_children\"><a href=\"https:\/\/zpsv-cz.webvalleypreview.com\/en\/ke-stazeni\/letaky\/\" class=\"\">Leaflets<\/a><\/li><li class=\"page_item page_item_has_children\"><a href=\"https:\/\/zpsv-cz.webvalleypreview.com\/en\/ke-stazeni\/montazni-navody\/\" class=\"\">Mounting instructions<\/a><\/li><li class=\"page_item page_item_has_children\"><a href=\"https:\/\/zpsv-cz.webvalleypreview.com\/en\/ke-stazeni\/opz97\/\" class=\"\">OPZ 97<\/a><\/li><li class=\"page_item page_item_has_children\"><a href=\"https:\/\/zpsv-cz.webvalleypreview.com\/en\/ke-stazeni\/ostatni\/\" class=\"\">others<\/a><\/li><li class=\"page_item page_item_has_children\"><a href=\"https:\/\/zpsv-cz.webvalleypreview.com\/en\/ke-stazeni\/reklamacni-rad\/\" class=\"\">Complaints Procedure<\/a><\/li><li class=\"page_item page_item_has_children\"><a href=\"https:\/\/zpsv-cz.webvalleypreview.com\/en\/ke-stazeni\/technicke-podminky-dodaci\/\" class=\"\">TECHNICAL CONDITIONS OF DELIVERY<\/a><\/li><li class=\"page_item page_item_has_children\"><a href=\"https:\/\/zpsv-cz.webvalleypreview.com\/en\/ke-stazeni\/vseobecne-technicke-pozadavky\/\" class=\"\">General technical requirements<\/a><\/li><li class=\"page_item page_item_has_children\"><a href=\"https:\/\/zpsv-cz.webvalleypreview.com\/en\/ke-stazeni\/vyrobni-stitky\/\" class=\"\">Production labels<\/a><\/li><\/ul><\/li><\/ul><\/div>\n<\/div><div class=\"fusion-clearfix\"><\/div>\r\n\r\n\t\t\t\t\t<\/div>\r\n\t\t\t\t<\/div><div  class=\"fusion-layout-column fusion_builder_column fusion_builder_column_2_3  fusion-two-third fusion-column-last 2_3\"  style='margin-top:0px;margin-bottom:20px;width:66.66%;width:calc(66.66% - ( ( 4% ) * 0.6666 ) );'>\r\n\t\t\t\t\t<div class=\"fusion-column-wrapper\" style=\"padding: 0px 0px 0px 0px;background-position:left top;background-repeat:no-repeat;-webkit-background-size:cover;-moz-background-size:cover;-o-background-size:cover;background-size:cover;\"   data-bg-url=\"\">\r\n\t\t\t\t\t\t<div class=\"fusion-title title fusion-sep-none fusion-title-size-two\" style=\"margin-top:20px;margin-bottom:15px;\"><h2 class=\"title-heading-left\">INFORMATION FOR FORMER SHAREHOLDERS<\/h2><\/div><div class=\"fusion-clearfix\"><\/div>\r\n\r\n\t\t\t\t\t<\/div>\r\n\t\t\t\t<\/div><div  class=\"fusion-layout-column fusion_builder_column fusion_builder_column_1_2  fusion-one-half fusion-column-first 1_2\"  style='margin-top:0px;margin-bottom:20px;width:50%;width:calc(50% - ( ( 4% ) * 0.5 ) );margin-right: 4%;'>\r\n\t\t\t\t\t<div class=\"fusion-column-wrapper\" style=\"padding: 0px 0px 0px 0px;background-position:left top;background-repeat:no-repeat;-webkit-background-size:cover;-moz-background-size:cover;-o-background-size:cover;background-size:cover;\"   data-bg-url=\"\">\r\n\t\t\t\t\t\t<div class=\"fusion-text special-list\"><ul style=\"margin-left: 20px;\">\n<li><a href=\"https:\/\/zpsv-cz.webvalleypreview.com\/wp-content\/uploads\/2019\/02\/19-01-14-Ozna\u0301meni\u0301-o-uplatne\u030cni\u0301-pra\u0301va-na-dorovna\u0301ni\u0301.pdf\">19-01-14-Ozna\u0301meni\u0301 o uplatne\u030cni\u0301 pra\u0301va na dorovna\u0301ni\u0301<\/a><\/li>\n<li><a href=\"https:\/\/zpsv-cz.webvalleypreview.com\/wp-content\/uploads\/2019\/02\/18-11-15-Ozna\u0301meni\u0301-akciona\u0301r\u030cu\u030am-o-vy\u0301plate\u030c-protiplne\u030cni\u0301.pdf\">18-11-15-Ozna\u0301meni\u0301 akciona\u0301r\u030cu\u030am o vy\u0301plate\u030c protiplne\u030cni\u0301<\/a><\/li>\n<\/ul>\n<\/div><div class=\"fusion-text contact-item\"><\/div><div class=\"fusion-clearfix\"><\/div>\r\n\r\n\t\t\t\t\t<\/div>\r\n\t\t\t\t<\/div><div  class=\"fusion-layout-column fusion_builder_column fusion_builder_column_1_2  fusion-one-half fusion-column-last 1_2\"  style='margin-top:0px;margin-bottom:20px;width:50%;width:calc(50% - ( ( 4% ) * 0.5 ) );'>\r\n\t\t\t\t\t<div class=\"fusion-column-wrapper\" style=\"padding: 0px 0px 0px 0px;background-position:left top;background-repeat:no-repeat;-webkit-background-size:cover;-moz-background-size:cover;-o-background-size:cover;background-size:cover;\"   data-bg-url=\"\">\r\n\t\t\t\t\t\t<div class=\"fusion-text special-list\"><ul style=\"margin-left: 20px;\">\n<li><a href=\"https:\/\/zpsv-cz.webvalleypreview.com\/wp-content\/uploads\/2019\/03\/Z\u00e1pis-z-VH-\u017dPSV-a.s.-5.10.2018.pdf\">Z\u00e1pis z VH \u017dPSV a.s. 5.10.2018<\/a><\/li>\n<li><a href=\"https:\/\/zpsv-cz.webvalleypreview.com\/wp-content\/uploads\/2019\/04\/18-10-05-Ozn\u00e1men\u00ed-akcion\u00e1\u0159\u016fm-o-usnesen\u00ed-VH.pdf\">18-10-05-Ozn\u00e1men\u00ed akcion\u00e1\u0159\u016fm o usnesen\u00ed VH<\/a><\/li>\n<li><a href=\"https:\/\/zpsv-cz.webvalleypreview.com\/wp-content\/uploads\/2019\/04\/18-10-03-dopis-A-Benedikt.pdf\">18-10-03-dopis A Benedikt<\/a><\/li>\n<li><a href=\"https:\/\/zpsv-cz.webvalleypreview.com\/wp-content\/uploads\/2019\/04\/18-10-Ozn\u00e1men\u00ed-o-doru\u010den\u00ed-p\u00edsemnosti-k-z\u00e1le\u017eitostem-svolan\u00e9-valn\u00e9-hromady.pdf\">18-10-Ozn\u00e1men\u00ed o doru\u010den\u00ed p\u00edsemnosti k z\u00e1le\u017eitostem svolan\u00e9 valn\u00e9 hromady<\/a><\/li>\n<li><a href=\"https:\/\/zpsv-cz.webvalleypreview.com\/wp-content\/uploads\/2019\/04\/18-10-Informace-pro-akcionare-k-vyplate-protiplneni.pdf\">18-10-Informace pro akcionare k vyplate protiplneni<\/a><\/li>\n<li><a href=\"https:\/\/zpsv-cz.webvalleypreview.com\/wp-content\/uploads\/2019\/04\/18-10-\u017dPSV_Vzor-plne-moci-\u010cS.pdf\">18-10-\u017dPSV_Vzor plne moci \u010cS<\/a><\/li>\n<\/ul>\n<\/div><div class=\"fusion-text contact-item\"><\/div><div class=\"fusion-clearfix\"><\/div>\r\n\r\n\t\t\t\t\t<\/div>\r\n\t\t\t\t<\/div><div  class=\"fusion-layout-column fusion_builder_column fusion_builder_column_1_2  fusion-one-half fusion-column-first 1_2\"  style='margin-top:0px;margin-bottom:20px;width:50%;width:calc(50% - ( ( 4% ) * 0.5 ) );margin-right: 4%;'>\r\n\t\t\t\t\t<div class=\"fusion-column-wrapper\" style=\"padding: 0px 0px 0px 0px;background-position:left top;background-repeat:no-repeat;-webkit-background-size:cover;-moz-background-size:cover;-o-background-size:cover;background-size:cover;\"   data-bg-url=\"\">\r\n\t\t\t\t\t\t<div class=\"fusion-text special-list\"><ul style=\"margin-left: 20px;\">\n<li><a href=\"https:\/\/zpsv-cz.webvalleypreview.com\/wp-content\/uploads\/2019\/04\/Oslovovac\u00ed-dopis-FO_CIZ_ENG_201813187089_1.pdf\">Oslovovac\u00ed dopis FO_CIZ_ENG_2018(13187089_1)<\/a><\/li>\n<li><a href=\"https:\/\/zpsv-cz.webvalleypreview.com\/wp-content\/uploads\/2019\/04\/Oslovovac\u00ed-dopis-FO_\u017dPSV_201813187086_1.pdf\">Oslovovac\u00ed dopis FO_\u017dPSV_2018(13187086_1)<\/a><\/li>\n<li><a href=\"https:\/\/zpsv-cz.webvalleypreview.com\/wp-content\/uploads\/2019\/04\/Oslovovac\u00ed-dopis-PO_CIZ_ENG_\u017dPSV13187087_1.pdf\">Oslovovac\u00ed dopis PO_CIZ_ENG_\u017dPSV(13187087_1)<\/a><\/li>\n<li><a href=\"https:\/\/zpsv-cz.webvalleypreview.com\/wp-content\/uploads\/2019\/04\/Oslovovac\u00ed-dopis-PO_\u017dPSV13187088_1.pdf\">Oslovovac\u00ed dopis PO_\u017dPSV(13187088_1)<\/a><\/li>\n<\/ul>\n<\/div><div class=\"fusion-text contact-item\"><\/div><div class=\"fusion-clearfix\"><\/div>\r\n\r\n\t\t\t\t\t<\/div>\r\n\t\t\t\t<\/div><div  class=\"fusion-layout-column fusion_builder_column fusion_builder_column_1_2  fusion-one-half fusion-column-last 1_2\"  style='margin-top:0px;margin-bottom:20px;width:50%;width:calc(50% - ( ( 4% ) * 0.5 ) );'>\r\n\t\t\t\t\t<div class=\"fusion-column-wrapper\" style=\"padding: 0px 0px 0px 0px;background-position:left top;background-repeat:no-repeat;-webkit-background-size:cover;-moz-background-size:cover;-o-background-size:cover;background-size:cover;\"   data-bg-url=\"\">\r\n\t\t\t\t\t\t<div class=\"fusion-text special-list\"><ul style=\"margin-left: 20px;\">\n<li><a href=\"https:\/\/zpsv-cz.webvalleypreview.com\/wp-content\/uploads\/2019\/04\/18-09-protin\u00e1vrh-1-A.pdf\">18-09-protin\u00e1vrh 1-A<\/a><\/li>\n<li><a href=\"https:\/\/zpsv-cz.webvalleypreview.com\/wp-content\/uploads\/2019\/04\/18-09-Protin\u00e1vrh-2.pdf\">18-09-Protin\u00e1vrh 2<\/a><\/li>\n<li><a href=\"https:\/\/zpsv-cz.webvalleypreview.com\/wp-content\/uploads\/2019\/04\/18-10-Ozn\u00e1men\u00ed-akcion\u00e1\u0159\u016fm-k-VH-5.10.2018.pdf\">18-10-Ozn\u00e1men\u00ed akcion\u00e1\u0159\u016fm k VH 5.10.2018<\/a><\/li>\n<\/ul>\n<\/div><div class=\"fusion-text contact-item\"><\/div><div class=\"fusion-clearfix\"><\/div>\r\n\r\n\t\t\t\t\t<\/div>\r\n\t\t\t\t<\/div><div  class=\"fusion-layout-column fusion_builder_column fusion_builder_column_1_2  fusion-one-half fusion-column-first 1_2\"  style='margin-top:0px;margin-bottom:20px;width:50%;width:calc(50% - ( ( 4% ) * 0.5 ) );margin-right: 4%;'>\r\n\t\t\t\t\t<div class=\"fusion-column-wrapper\" style=\"padding: 0px 0px 0px 0px;background-position:left top;background-repeat:no-repeat;-webkit-background-size:cover;-moz-background-size:cover;-o-background-size:cover;background-size:cover;\"   data-bg-url=\"\">\r\n\t\t\t\t\t\t<div class=\"fusion-text special-list\"><ul style=\"margin-left: 20px;\">\n<li><a href=\"https:\/\/zpsv-cz.webvalleypreview.com\/wp-content\/uploads\/2019\/04\/18-09-Pozv\u00e1nka-na-VH-5-10-2018.pdf\">18-09-Pozv\u00e1nka na VH 5-10-2018<\/a><\/li>\n<\/ul>\n<\/div><div class=\"fusion-text contact-item\"><\/div><div class=\"fusion-clearfix\"><\/div>\r\n\r\n\t\t\t\t\t<\/div>\r\n\t\t\t\t<\/div><\/div><\/div>","protected":false},"excerpt":{"rendered":"","protected":false},"author":1,"featured_media":9719,"parent":20,"menu_order":71,"comment_status":"closed","ping_status":"closed","template":"","meta":{"footnotes":""},"_links":{"self":[{"href":"https:\/\/zpsv-cz.webvalleypreview.com\/en\/wp-json\/wp\/v2\/pages\/96"}],"collection":[{"href":"https:\/\/zpsv-cz.webvalleypreview.com\/en\/wp-json\/wp\/v2\/pages"}],"about":[{"href":"https:\/\/zpsv-cz.webvalleypreview.com\/en\/wp-json\/wp\/v2\/types\/page"}],"author":[{"embeddable":true,"href":"https:\/\/zpsv-cz.webvalleypreview.com\/en\/wp-json\/wp\/v2\/users\/1"}],"replies":[{"embeddable":true,"href":"https:\/\/zpsv-cz.webvalleypreview.com\/en\/wp-json\/wp\/v2\/comments?post=96"}],"version-history":[{"count":0,"href":"https:\/\/zpsv-cz.webvalleypreview.com\/en\/wp-json\/wp\/v2\/pages\/96\/revisions"}],"up":[{"embeddable":true,"href":"https:\/\/zpsv-cz.webvalleypreview.com\/en\/wp-json\/wp\/v2\/pages\/20"}],"wp:featuredmedia":[{"embeddable":true,"href":"https:\/\/zpsv-cz.webvalleypreview.com\/en\/wp-json\/wp\/v2\/media\/9719"}],"wp:attachment":[{"href":"https:\/\/zpsv-cz.webvalleypreview.com\/en\/wp-json\/wp\/v2\/media?parent=96"}],"curies":[{"name":"wp","href":"https:\/\/api.w.org\/{rel}","templated":true}]}}