{"id":9627,"date":"2019-03-02T16:59:59","date_gmt":"2019-03-02T15:59:59","guid":{"rendered":"https:\/\/zpsv.cz\/?page_id=9627"},"modified":"2024-02-15T13:19:38","modified_gmt":"2024-02-15T12:19:38","slug":"katalogy","status":"publish","type":"page","link":"https:\/\/zpsv-cz.webvalleypreview.com\/en\/ke-stazeni\/katalogy\/","title":{"rendered":"Catalogues"},"content":{"rendered":"<div class=\"fusion-fullwidth fullwidth-box nonhundred-percent-fullwidth non-hundred-percent-height-scrolling\"  style='background-color: rgba(255,255,255,0);background-position: center center;background-repeat: no-repeat;padding-top:0px;padding-right:0px;padding-bottom:0px;padding-left:0px;'><div class=\"fusion-builder-row fusion-row\"><div  class=\"fusion-layout-column fusion_builder_column fusion_builder_column_1_4  fusion-one-fourth fusion-column-first 1_4\"  style='margin-top:0px;margin-bottom:20px;width:25%;width:calc(25% - ( ( 4% + 4% + 4% ) * 0.25 ) );margin-right: 4%;'>\r\n\t\t\t\t\t<div class=\"fusion-column-wrapper\" style=\"padding: 0px 0px 0px 0px;background-position:left top;background-repeat:no-repeat;-webkit-background-size:cover;-moz-background-size:cover;-o-background-size:cover;background-size:cover;\"   data-bg-url=\"\">\r\n\t\t\t\t\t\t<div class=\"fusion-text\"><div class=\"sidemenu\"><ul><li class=\"page_item page-item-20 page_item_has_children current_page_ancestor\"><ul class=\"children\"><li class=\"page_item page_item_has_children\"><a href=\"https:\/\/zpsv-cz.webvalleypreview.com\/en\/ke-stazeni\/ceniky\/\" class=\"\">Price lists<\/a><\/li><li class=\"page_item page_item_has_children\"><a href=\"https:\/\/zpsv-cz.webvalleypreview.com\/en\/ke-stazeni\/certifikaty\/\" class=\"\">Certifications<\/a><\/li><li class=\"page_item page_item_has_children\"><a href=\"https:\/\/zpsv-cz.webvalleypreview.com\/en\/ke-stazeni\/informace-pro-akcionare\/\" class=\"\">Information for former shareholders<\/a><\/li><li class=\"page_item page_item_has_children  current_page_item\"><a href=\"https:\/\/zpsv-cz.webvalleypreview.com\/en\/ke-stazeni\/katalogy\/\" class=\"\">Catalogues<\/a><\/li><li class=\"page_item page_item_has_children\"><a href=\"https:\/\/zpsv-cz.webvalleypreview.com\/en\/ke-stazeni\/konanos\/\" class=\"\">KoNaNos<\/a><\/li><li class=\"page_item page_item_has_children\"><a href=\"https:\/\/zpsv-cz.webvalleypreview.com\/en\/ke-stazeni\/letaky\/\" class=\"\">Leaflets<\/a><\/li><li class=\"page_item page_item_has_children\"><a href=\"https:\/\/zpsv-cz.webvalleypreview.com\/en\/ke-stazeni\/montazni-navody\/\" class=\"\">Mounting instructions<\/a><\/li><li class=\"page_item page_item_has_children\"><a href=\"https:\/\/zpsv-cz.webvalleypreview.com\/en\/ke-stazeni\/opz97\/\" class=\"\">OPZ 97<\/a><\/li><li class=\"page_item page_item_has_children\"><a href=\"https:\/\/zpsv-cz.webvalleypreview.com\/en\/ke-stazeni\/ostatni\/\" class=\"\">others<\/a><\/li><li class=\"page_item page_item_has_children\"><a href=\"https:\/\/zpsv-cz.webvalleypreview.com\/en\/ke-stazeni\/reklamacni-rad\/\" class=\"\">Complaints Procedure<\/a><\/li><li class=\"page_item page_item_has_children\"><a href=\"https:\/\/zpsv-cz.webvalleypreview.com\/en\/ke-stazeni\/technicke-podminky-dodaci\/\" class=\"\">TECHNICAL CONDITIONS OF DELIVERY<\/a><\/li><li class=\"page_item page_item_has_children\"><a href=\"https:\/\/zpsv-cz.webvalleypreview.com\/en\/ke-stazeni\/vseobecne-technicke-pozadavky\/\" class=\"\">General technical requirements<\/a><\/li><li class=\"page_item page_item_has_children\"><a href=\"https:\/\/zpsv-cz.webvalleypreview.com\/en\/ke-stazeni\/vyrobni-stitky\/\" class=\"\">Production labels<\/a><\/li><\/ul><\/li><\/ul><\/div>\n<\/div><div class=\"fusion-clearfix\"><\/div>\r\n\r\n\t\t\t\t\t<\/div>\r\n\t\t\t\t<\/div><div  class=\"fusion-layout-column fusion_builder_column fusion_builder_column_1_4  fusion-one-fourth 1_4\"  style='margin-top:0px;margin-bottom:20px;width:25%;width:calc(25% - ( ( 4% + 4% + 4% ) * 0.25 ) );margin-right: 4%;'>\r\n\t\t\t\t\t<div class=\"fusion-column-wrapper\" style=\"padding: 0px 0px 0px 0px;background-position:left top;background-repeat:no-repeat;-webkit-background-size:cover;-moz-background-size:cover;-o-background-size:cover;background-size:cover;\"   data-bg-url=\"\">\r\n\t\t\t\t\t\t<div class=\"fusion-text\"><p><a href=\"https:\/\/zpsv-cz.webvalleypreview.com\/wp-content\/uploads\/2023\/04\/ZPSV-katalog-2022.pdf\"><img loading=\"lazy\" decoding=\"async\" class=\"size-full wp-image-10458 aligncenter\" src=\"https:\/\/zpsv-cz.webvalleypreview.com\/wp-content\/uploads\/2021\/10\/ZPSV-katalog-2021.jpg\" alt=\"\" width=\"200\" height=\"283\" \/><\/a><\/p>\n<\/div><div class=\"fusion-text\"><p style=\"text-align: center;\"><strong>Katalog betonov\u00fdch v\u00fdrobk\u016f (aktualizace 2022)<\/strong><\/p>\n<p style=\"text-align: center;\"><strong>\u017dPSV s.r.o.<\/strong><\/p>\n<\/div><div class=\"fusion-clearfix\"><\/div>\r\n\r\n\t\t\t\t\t<\/div>\r\n\t\t\t\t<\/div><div  class=\"fusion-layout-column fusion_builder_column fusion_builder_column_1_4  fusion-one-fourth 1_4\"  style='margin-top:0px;margin-bottom:20px;width:25%;width:calc(25% - ( ( 4% + 4% + 4% ) * 0.25 ) );margin-right: 4%;'>\r\n\t\t\t\t\t<div class=\"fusion-column-wrapper\" style=\"padding: 0px 0px 0px 0px;background-position:left top;background-repeat:no-repeat;-webkit-background-size:cover;-moz-background-size:cover;-o-background-size:cover;background-size:cover;\"   data-bg-url=\"\">\r\n\t\t\t\t\t\t<div class=\"fusion-text\"><p style=\"text-align: center;\"><a href=\"https:\/\/zpsv-cz.webvalleypreview.com\/wp-content\/uploads\/2023\/04\/ZPSV-prejezdove-konstrukce.pdf\"><img loading=\"lazy\" decoding=\"async\" class=\"size-full wp-image-111235 aligncenter\" src=\"https:\/\/zpsv-cz.webvalleypreview.com\/wp-content\/uploads\/2023\/04\/ZPSV-prejezdove-konstrukce-n.jpg\" alt=\"\" width=\"200\" height=\"283\" srcset=\"https:\/\/zpsv-cz.webvalleypreview.com\/wp-content\/uploads\/2023\/04\/ZPSV-prejezdove-konstrukce-n-8x12.jpg 8w, https:\/\/zpsv-cz.webvalleypreview.com\/wp-content\/uploads\/2023\/04\/ZPSV-prejezdove-konstrukce-n.jpg 200w\" sizes=\"(max-width: 200px) 100vw, 200px\" \/><\/a><\/p>\n<\/div><div class=\"fusion-text\"><p style=\"text-align: center;\"><strong>P\u0159ejezdov\u00e9 konstrukce<\/strong><\/p>\n<\/div><div class=\"fusion-clearfix\"><\/div>\r\n\r\n\t\t\t\t\t<\/div>\r\n\t\t\t\t<\/div><div  class=\"fusion-layout-column fusion_builder_column fusion_builder_column_1_4  fusion-one-fourth fusion-column-last 1_4\"  style='margin-top:0px;margin-bottom:20px;width:25%;width:calc(25% - ( ( 4% + 4% + 4% ) * 0.25 ) );'>\r\n\t\t\t\t\t<div class=\"fusion-column-wrapper\" style=\"padding: 0px 0px 0px 0px;background-position:left top;background-repeat:no-repeat;-webkit-background-size:cover;-moz-background-size:cover;-o-background-size:cover;background-size:cover;\"   data-bg-url=\"\">\r\n\t\t\t\t\t\t<div class=\"fusion-text\"><p><a href=\"https:\/\/zpsv-cz.webvalleypreview.com\/wp-content\/uploads\/2021\/09\/ZPSV-PROPUSTKY.pdf\"><img loading=\"lazy\" decoding=\"async\" class=\"size-full wp-image-41767 aligncenter\" src=\"https:\/\/zpsv-cz.webvalleypreview.com\/wp-content\/uploads\/2021\/09\/ZPSV-PROPUSTKY.jpg\" alt=\"\" width=\"200\" height=\"283\" srcset=\"https:\/\/zpsv-cz.webvalleypreview.com\/wp-content\/uploads\/2021\/09\/ZPSV-PROPUSTKY-8x12.jpg 8w, https:\/\/zpsv-cz.webvalleypreview.com\/wp-content\/uploads\/2021\/09\/ZPSV-PROPUSTKY.jpg 200w\" sizes=\"(max-width: 200px) 100vw, 200px\" \/><\/a><\/p>\n<\/div><div class=\"fusion-text\"><p style=\"text-align: center;\"><strong>PROPUSTKY pro \u017eelezni\u010dn\u00ed a silni\u010dn\u00ed stavby<\/strong><\/p>\n<\/div><div class=\"fusion-clearfix\"><\/div>\r\n\r\n\t\t\t\t\t<\/div>\r\n\t\t\t\t<\/div><div  class=\"fusion-layout-column fusion_builder_column fusion_builder_column_1_4  fusion-one-fourth fusion-column-first 1_4\"  style='margin-top:0px;margin-bottom:20px;width:25%;width:calc(25% - ( ( 4% + 4% + 4% ) * 0.25 ) );margin-right: 4%;'>\r\n\t\t\t\t\t<div class=\"fusion-column-wrapper\" style=\"padding: 0px 0px 0px 0px;background-position:left top;background-repeat:no-repeat;-webkit-background-size:cover;-moz-background-size:cover;-o-background-size:cover;background-size:cover;\"   data-bg-url=\"\">\r\n\t\t\t\t\t\t<div class=\"fusion-clearfix\"><\/div>\r\n\r\n\t\t\t\t\t<\/div>\r\n\t\t\t\t<\/div><div  class=\"fusion-layout-column fusion_builder_column fusion_builder_column_1_4  fusion-one-fourth 1_4\"  style='margin-top:0px;margin-bottom:20px;width:25%;width:calc(25% - ( ( 4% + 4% + 4% ) * 0.25 ) );margin-right: 4%;'>\r\n\t\t\t\t\t<div class=\"fusion-column-wrapper\" style=\"padding: 0px 0px 0px 0px;background-position:left top;background-repeat:no-repeat;-webkit-background-size:cover;-moz-background-size:cover;-o-background-size:cover;background-size:cover;\"   data-bg-url=\"\">\r\n\t\t\t\t\t\t<div class=\"fusion-text\"><p><a href=\"https:\/\/zpsv-cz.webvalleypreview.com\/wp-content\/uploads\/2021\/09\/ZPSV-PHS-KATALOG.pdf\">\u00a0<\/a><\/p>\n<p><a href=\"https:\/\/zpsv-cz.webvalleypreview.com\/wp-content\/uploads\/2021\/09\/ZPSV-PHS-KATALOG.pdf\">\u00a0<img loading=\"lazy\" decoding=\"async\" class=\"size-full wp-image-41765 aligncenter\" src=\"https:\/\/zpsv-cz.webvalleypreview.com\/wp-content\/uploads\/2021\/09\/ZPSV-PHS-KATALOG.jpg\" alt=\"\" width=\"283\" height=\"200\" srcset=\"https:\/\/zpsv-cz.webvalleypreview.com\/wp-content\/uploads\/2021\/09\/ZPSV-PHS-KATALOG-18x12.jpg 18w, https:\/\/zpsv-cz.webvalleypreview.com\/wp-content\/uploads\/2021\/09\/ZPSV-PHS-KATALOG-200x141.jpg 200w, https:\/\/zpsv-cz.webvalleypreview.com\/wp-content\/uploads\/2021\/09\/ZPSV-PHS-KATALOG.jpg 283w\" sizes=\"(max-width: 283px) 100vw, 283px\" \/><\/a><\/p>\n<p style=\"text-align: center;\"><strong>Protihlukov\u00e9 st\u011bny<\/strong><\/p>\n<\/div><div class=\"fusion-clearfix\"><\/div>\r\n\r\n\t\t\t\t\t<\/div>\r\n\t\t\t\t<\/div><div  class=\"fusion-layout-column fusion_builder_column fusion_builder_column_1_4  fusion-one-fourth 1_4\"  style='margin-top:0px;margin-bottom:20px;width:25%;width:calc(25% - ( ( 4% + 4% + 4% ) * 0.25 ) );margin-right: 4%;'>\r\n\t\t\t\t\t<div class=\"fusion-column-wrapper\" style=\"padding: 0px 0px 0px 0px;background-position:left top;background-repeat:no-repeat;-webkit-background-size:cover;-moz-background-size:cover;-o-background-size:cover;background-size:cover;\"   data-bg-url=\"\">\r\n\t\t\t\t\t\t<div class=\"fusion-text\"><p><a href=\"https:\/\/zpsv-cz.webvalleypreview.com\/wp-content\/uploads\/2021\/01\/KATALOG-POZEMNI-STAVBY-2020.pdf\"><img loading=\"lazy\" decoding=\"async\" class=\"size-full wp-image-11733 aligncenter\" src=\"https:\/\/zpsv-cz.webvalleypreview.com\/wp-content\/uploads\/2021\/01\/KATALOG-POZEMNI-STAVBY-2020.jpg\" alt=\"\" width=\"200\" height=\"283\" \/><\/a><\/p>\n<p style=\"text-align: center;\"><strong>Referen\u010dn\u00ed stavby 2020 &#8211; Pozemn\u00ed stavby<\/strong><\/p>\n<\/div><div class=\"fusion-clearfix\"><\/div>\r\n\r\n\t\t\t\t\t<\/div>\r\n\t\t\t\t<\/div><div  class=\"fusion-layout-column fusion_builder_column fusion_builder_column_1_4  fusion-one-fourth fusion-column-last 1_4\"  style='margin-top:0px;margin-bottom:20px;width:25%;width:calc(25% - ( ( 4% + 4% + 4% ) * 0.25 ) );'>\r\n\t\t\t\t\t<div class=\"fusion-column-wrapper\" style=\"padding: 0px 0px 0px 0px;background-position:left top;background-repeat:no-repeat;-webkit-background-size:cover;-moz-background-size:cover;-o-background-size:cover;background-size:cover;\"   data-bg-url=\"\">\r\n\t\t\t\t\t\t<div class=\"fusion-text\"><p><a href=\"https:\/\/zpsv-cz.webvalleypreview.com\/wp-content\/uploads\/2019\/12\/ZPSV-POZEMNI-STAVBY-2019.pdf\"><img loading=\"lazy\" decoding=\"async\" class=\"size-full wp-image-10792 aligncenter\" src=\"https:\/\/zpsv-cz.webvalleypreview.com\/wp-content\/uploads\/2019\/12\/ZPSV-POZEMNI-STAVBY-2019.jpg\" alt=\"\" width=\"200\" height=\"283\" \/><\/a><\/p>\n<p style=\"text-align: center;\"><strong>Referen\u010dn\u00ed stavby 2019 &#8211; Pozemn\u00ed stavby<\/strong><\/p>\n<\/div><div class=\"fusion-clearfix\"><\/div>\r\n\r\n\t\t\t\t\t<\/div>\r\n\t\t\t\t<\/div><div  class=\"fusion-layout-column fusion_builder_column fusion_builder_column_1_4  fusion-one-fourth fusion-column-first 1_4\"  style='margin-top:0px;margin-bottom:20px;width:25%;width:calc(25% - ( ( 4% + 4% + 4% ) * 0.25 ) );margin-right: 4%;'>\r\n\t\t\t\t\t<div class=\"fusion-column-wrapper\" style=\"padding: 0px 0px 0px 0px;background-position:left top;background-repeat:no-repeat;-webkit-background-size:cover;-moz-background-size:cover;-o-background-size:cover;background-size:cover;\"   data-bg-url=\"\">\r\n\t\t\t\t\t\t<div class=\"fusion-clearfix\"><\/div>\r\n\r\n\t\t\t\t\t<\/div>\r\n\t\t\t\t<\/div><div  class=\"fusion-layout-column fusion_builder_column fusion_builder_column_1_4  fusion-one-fourth 1_4\"  style='margin-top:0px;margin-bottom:20px;width:25%;width:calc(25% - ( ( 4% + 4% + 4% ) * 0.25 ) );margin-right: 4%;'>\r\n\t\t\t\t\t<div class=\"fusion-column-wrapper\" style=\"padding: 0px 0px 0px 0px;background-position:left top;background-repeat:no-repeat;-webkit-background-size:cover;-moz-background-size:cover;-o-background-size:cover;background-size:cover;\"   data-bg-url=\"\">\r\n\t\t\t\t\t\t<div class=\"fusion-text\"><p><a href=\"https:\/\/zpsv-cz.webvalleypreview.com\/wp-content\/uploads\/2019\/04\/ZPSV-POZEMNI-STAVBY-2018.pdf\"><img loading=\"lazy\" decoding=\"async\" class=\"size-full wp-image-10181 aligncenter\" src=\"https:\/\/zpsv-cz.webvalleypreview.com\/wp-content\/uploads\/2019\/04\/ico_ZPSV-POZEMNI-STAVBY-2018.jpg\" alt=\"\" width=\"200\" height=\"283\" \/><\/a><\/p>\n<\/div><div class=\"fusion-text\"><p style=\"text-align: center;\"><b>Reference Buildings 2018 - Building Constructions<\/b><\/p>\n<\/div><div class=\"fusion-clearfix\"><\/div>\r\n\r\n\t\t\t\t\t<\/div>\r\n\t\t\t\t<\/div><div  class=\"fusion-layout-column fusion_builder_column fusion_builder_column_1_4  fusion-one-fourth 1_4\"  style='margin-top:0px;margin-bottom:20px;width:25%;width:calc(25% - ( ( 4% + 4% + 4% ) * 0.25 ) );margin-right: 4%;'>\r\n\t\t\t\t\t<div class=\"fusion-column-wrapper\" style=\"padding: 0px 0px 0px 0px;background-position:left top;background-repeat:no-repeat;-webkit-background-size:cover;-moz-background-size:cover;-o-background-size:cover;background-size:cover;\"   data-bg-url=\"\">\r\n\t\t\t\t\t\t<div class=\"fusion-text\"><p style=\"text-align: center;\"><a href=\"https:\/\/zpsv-cz.webvalleypreview.com\/wp-content\/uploads\/2019\/07\/ZPSV-POZEMNI-STAVBY-2017.pdf\"><img loading=\"lazy\" decoding=\"async\" class=\"alignnone size-full wp-image-10539\" src=\"https:\/\/zpsv-cz.webvalleypreview.com\/wp-content\/uploads\/2019\/07\/ZPSV-POZEMNI-STAVBY-2017-n.jpg\" alt=\"\" width=\"200\" height=\"283\" \/><\/a><\/p>\n<\/div><div class=\"fusion-text\"><p style=\"text-align: center;\"><b>Referen\u010dn\u00ed stavby 2017 &#8211; Pozemn\u00ed stavby<\/b><\/p>\n<\/div><div class=\"fusion-clearfix\"><\/div>\r\n\r\n\t\t\t\t\t<\/div>\r\n\t\t\t\t<\/div><div  class=\"fusion-layout-column fusion_builder_column fusion_builder_column_1_4  fusion-one-fourth fusion-column-last 1_4\"  style='margin-top:0px;margin-bottom:20px;width:25%;width:calc(25% - ( ( 4% + 4% + 4% ) * 0.25 ) );'>\r\n\t\t\t\t\t<div class=\"fusion-column-wrapper\" style=\"padding: 0px 0px 0px 0px;background-position:left top;background-repeat:no-repeat;-webkit-background-size:cover;-moz-background-size:cover;-o-background-size:cover;background-size:cover;\"   data-bg-url=\"\">\r\n\t\t\t\t\t\t<div class=\"fusion-text\"><p style=\"text-align: center;\"><a href=\"https:\/\/zpsv-cz.webvalleypreview.com\/wp-content\/uploads\/2019\/07\/ZPSV-POZEMNI-STAVBY-2016.pdf\"><img loading=\"lazy\" decoding=\"async\" class=\"alignnone size-full wp-image-10541\" src=\"https:\/\/zpsv-cz.webvalleypreview.com\/wp-content\/uploads\/2019\/07\/ZPSV-POZEMNI-STAVBY-2016-n.jpg\" alt=\"\" width=\"200\" height=\"283\" \/><\/a><\/p>\n<\/div><div class=\"fusion-text\"><p style=\"text-align: center;\"><b>Referen\u010dn\u00ed stavby 2016 &#8211; Pozemn\u00ed stavby<\/b><\/p>\n<\/div><div class=\"fusion-clearfix\"><\/div>\r\n\r\n\t\t\t\t\t<\/div>\r\n\t\t\t\t<\/div><div  class=\"fusion-layout-column fusion_builder_column fusion_builder_column_1_4  fusion-one-fourth fusion-column-first 1_4\"  style='margin-top:0px;margin-bottom:20px;width:25%;width:calc(25% - ( ( 4% + 4% ) * 0.25 ) );margin-right: 4%;'>\r\n\t\t\t\t\t<div class=\"fusion-column-wrapper\" style=\"padding: 0px 0px 0px 0px;background-position:left top;background-repeat:no-repeat;-webkit-background-size:cover;-moz-background-size:cover;-o-background-size:cover;background-size:cover;\"   data-bg-url=\"\">\r\n\t\t\t\t\t\t<div class=\"fusion-clearfix\"><\/div>\r\n\r\n\t\t\t\t\t<\/div>\r\n\t\t\t\t<\/div><div  class=\"fusion-layout-column fusion_builder_column fusion_builder_column_1_4  fusion-one-fourth 1_4\"  style='margin-top:0px;margin-bottom:20px;width:25%;width:calc(25% - ( ( 4% + 4% ) * 0.25 ) );margin-right: 4%;'>\r\n\t\t\t\t\t<div class=\"fusion-column-wrapper\" style=\"padding: 0px 0px 0px 0px;background-position:left top;background-repeat:no-repeat;-webkit-background-size:cover;-moz-background-size:cover;-o-background-size:cover;background-size:cover;\"   data-bg-url=\"\">\r\n\t\t\t\t\t\t<div class=\"fusion-clearfix\"><\/div>\r\n\r\n\t\t\t\t\t<\/div>\r\n\t\t\t\t<\/div><div  class=\"fusion-layout-column fusion_builder_column fusion_builder_column_1_4  fusion-one-fourth fusion-column-last 1_4\"  style='margin-top:0px;margin-bottom:20px;width:25%;width:calc(25% - ( ( 4% + 4% ) * 0.25 ) );'>\r\n\t\t\t\t\t<div class=\"fusion-column-wrapper\" style=\"padding: 0px 0px 0px 0px;background-position:left top;background-repeat:no-repeat;-webkit-background-size:cover;-moz-background-size:cover;-o-background-size:cover;background-size:cover;\"   data-bg-url=\"\">\r\n\t\t\t\t\t\t<div class=\"fusion-clearfix\"><\/div>\r\n\r\n\t\t\t\t\t<\/div>\r\n\t\t\t\t<\/div><\/div><\/div>","protected":false},"excerpt":{"rendered":"","protected":false},"author":1,"featured_media":9717,"parent":20,"menu_order":10,"comment_status":"closed","ping_status":"closed","template":"","meta":{"footnotes":""},"_links":{"self":[{"href":"https:\/\/zpsv-cz.webvalleypreview.com\/en\/wp-json\/wp\/v2\/pages\/9627"}],"collection":[{"href":"https:\/\/zpsv-cz.webvalleypreview.com\/en\/wp-json\/wp\/v2\/pages"}],"about":[{"href":"https:\/\/zpsv-cz.webvalleypreview.com\/en\/wp-json\/wp\/v2\/types\/page"}],"author":[{"embeddable":true,"href":"https:\/\/zpsv-cz.webvalleypreview.com\/en\/wp-json\/wp\/v2\/users\/1"}],"replies":[{"embeddable":true,"href":"https:\/\/zpsv-cz.webvalleypreview.com\/en\/wp-json\/wp\/v2\/comments?post=9627"}],"version-history":[{"count":6,"href":"https:\/\/zpsv-cz.webvalleypreview.com\/en\/wp-json\/wp\/v2\/pages\/9627\/revisions"}],"predecessor-version":[{"id":141941,"href":"https:\/\/zpsv-cz.webvalleypreview.com\/en\/wp-json\/wp\/v2\/pages\/9627\/revisions\/141941"}],"up":[{"embeddable":true,"href":"https:\/\/zpsv-cz.webvalleypreview.com\/en\/wp-json\/wp\/v2\/pages\/20"}],"wp:featuredmedia":[{"embeddable":true,"href":"https:\/\/zpsv-cz.webvalleypreview.com\/en\/wp-json\/wp\/v2\/media\/9717"}],"wp:attachment":[{"href":"https:\/\/zpsv-cz.webvalleypreview.com\/en\/wp-json\/wp\/v2\/media?parent=9627"}],"curies":[{"name":"wp","href":"https:\/\/api.w.org\/{rel}","templated":true}]}}