{"id":9897,"date":"2019-03-18T13:17:20","date_gmt":"2019-03-18T12:17:20","guid":{"rendered":"https:\/\/zpsv.cz\/?page_id=9897"},"modified":"2019-04-17T08:38:53","modified_gmt":"2019-04-17T06:38:53","slug":"novinky","status":"publish","type":"page","link":"https:\/\/zpsv-cz.webvalleypreview.com\/en\/o-spolecnosti\/novinky\/","title":{"rendered":"News"},"content":{"rendered":"<div class=\"fusion-fullwidth fullwidth-box nonhundred-percent-fullwidth non-hundred-percent-height-scrolling\"  style='background-color: rgba(255,255,255,0);background-position: center center;background-repeat: no-repeat;padding-top:0px;padding-right:0px;padding-bottom:0px;padding-left:0px;'><div class=\"fusion-builder-row fusion-row\"><div  class=\"fusion-layout-column fusion_builder_column fusion_builder_column_1_1  fusion-one-full fusion-column-first fusion-column-last 1_1\"  style='margin-top:0px;margin-bottom:20px;'>\r\n\t\t\t\t\t<div class=\"fusion-column-wrapper\" style=\"padding: 0px 0px 0px 0px;background-position:left top;background-repeat:no-repeat;-webkit-background-size:cover;-moz-background-size:cover;-o-background-size:cover;background-size:cover;\"   data-bg-url=\"\">\r\n\t\t\t\t\t\t<div class=\"fusion-text\">\n<\/div><div class=\"fusion-title title fusion-sep-none fusion-title-size-one\" style=\"margin-top:20px;margin-bottom:15px;\"><h1 class=\"title-heading-left\">NEWS IN THE COMPANY<\/h1><\/div><div class=\"fusion-clearfix\"><\/div>\r\n\r\n\t\t\t\t\t<\/div>\r\n\t\t\t\t<\/div><div  class=\"fusion-layout-column fusion_builder_column fusion_builder_column_1_1  fusion-one-full fusion-column-first fusion-column-last 1_1\"  style='margin-top:0px;margin-bottom:20px;'>\r\n\t\t\t\t\t<div class=\"fusion-column-wrapper\" style=\"padding: 0px 0px 0px 0px;background-position:left top;background-repeat:no-repeat;-webkit-background-size:cover;-moz-background-size:cover;-o-background-size:cover;background-size:cover;\"   data-bg-url=\"\">\r\n\t\t\t\t\t\t<div class=\"fusion-recent-posts fusion-recent-posts-1 avada-container layout-thumbnails-on-side layout-columns-3\"><section class=\"fusion-columns columns fusion-columns-3 columns-3\"><article class=\"post fusion-column column col col-lg-4 col-md-4 col-sm-4\"><div class=\"fusion-flexslider flexslider floated-slideshow flexslider-hover-type-none\"><ul class=\"slides\"><li><a href=\"https:\/\/zpsv-cz.webvalleypreview.com\/en\/whistleblowing\/\" class=\"hover-type-none\" aria-label=\"INFORMACE PRO OZNAMOVATELE PROTIPR\u00c1VN\u00cdHO JEDN\u00c1N\u00cd (WHISTLEBLOWING)\"><img loading=\"lazy\" decoding=\"async\" src=\"https:\/\/zpsv-cz.webvalleypreview.com\/wp-content\/uploads\/2019\/01\/o-spolecnosti-ico-1.svg\" class=\"attachment-portfolio-five size-portfolio-five\" alt=\"\" height=\"117\" width=\"117\" \/><\/a><\/li><\/ul><\/div><div class=\"recent-posts-content\"><span class=\"vcard\" style=\"display: none;\"><span class=\"fn\"><a href=\"https:\/\/zpsv-cz.webvalleypreview.com\/en\/author\/novotny\/\" title=\"Posts by Novotny\" rel=\"author\">Novotny<\/a><\/span><\/span><span class=\"updated\" style=\"display:none;\">2023-08-03T09:10:33+02:00<\/span><h4 class=\"entry-title\"><a href=\"https:\/\/zpsv-cz.webvalleypreview.com\/en\/whistleblowing\/\">INFORMACE PRO OZNAMOVATELE PROTIPR\u00c1VN\u00cdHO JEDN\u00c1N\u00cd (WHISTLEBLOWING)<\/a><\/h4><p class=\"meta\"><span class=\"vcard\" style=\"display: none;\"><span class=\"fn\"><a href=\"https:\/\/zpsv-cz.webvalleypreview.com\/en\/author\/novotny\/\" title=\"Posts by Novotny\" rel=\"author\">Novotny<\/a><\/span><\/span><span class=\"updated\" style=\"display:none;\">2023-08-03T09:10:33+02:00<\/span><span>July 31st, 2023<\/span><span class=\"fusion-inline-sep\">|<\/span><\/p><p>INFORMACE PRO OZNAMOVATELE PROTIPR\u00c1VN\u00cdHO JEDN\u00c1N\u00cd (WHISTLEBLOWING) Obchodn\u00ed spole\u010dnost \u017dPSV s.r.o. je povinn\u00fdm subjektem, kter\u00fd mus\u00ed v\u00a0souladu se z\u00e1konem \u010d. 171\/2023 Sb. o ochran\u011b oznamovatel\u016f (d\u00e1le jen \u201ez\u00e1kon\u201c) zajistit p\u0159ij\u00edm\u00e1n\u00ed ozn\u00e1men\u00ed o mo\u017en\u00e9m protipr\u00e1vn\u00edm jedn\u00e1n\u00ed (whistleblowing). [...]<\/p><\/div><\/article><article class=\"post fusion-column column col col-lg-4 col-md-4 col-sm-4\"><div class=\"fusion-flexslider flexslider floated-slideshow flexslider-hover-type-none\"><ul class=\"slides\"><li><a href=\"https:\/\/zpsv-cz.webvalleypreview.com\/en\/zahajeni-stavby-rekonstrukce-letniho-fotbaloveho-stadionu-v-pardubicich\/\" class=\"hover-type-none\" aria-label=\"Commencement of construction of the reconstruction of the summer football stadium in Pardubice\"><img decoding=\"async\" src=\"https:\/\/zpsv-cz.webvalleypreview.com\/wp-content\/uploads\/2019\/01\/pozemni-stavby-ico.svg\" class=\"attachment-portfolio-five size-portfolio-five\" alt=\"\" height=\"110.226\" width=\"97.594\" \/><\/a><\/li><\/ul><\/div><div class=\"recent-posts-content\"><span class=\"vcard\" style=\"display: none;\"><span class=\"fn\"><a href=\"https:\/\/zpsv-cz.webvalleypreview.com\/en\/author\/novotny\/\" title=\"Posts by Novotny\" rel=\"author\">Novotny<\/a><\/span><\/span><span class=\"updated\" style=\"display:none;\">2021-12-17T13:50:37+01:00<\/span><h4 class=\"entry-title\"><a href=\"https:\/\/zpsv-cz.webvalleypreview.com\/en\/zahajeni-stavby-rekonstrukce-letniho-fotbaloveho-stadionu-v-pardubicich\/\">Commencement of construction of the reconstruction of the summer football stadium in Pardubice<\/a><\/h4><p class=\"meta\"><span class=\"vcard\" style=\"display: none;\"><span class=\"fn\"><a href=\"https:\/\/zpsv-cz.webvalleypreview.com\/en\/author\/novotny\/\" title=\"Posts by Novotny\" rel=\"author\">Novotny<\/a><\/span><\/span><span class=\"updated\" style=\"display:none;\">2021-12-17T13:50:37+01:00<\/span><span>December 16th, 2021<\/span><span class=\"fusion-inline-sep\">|<\/span><\/p><p>https:\/\/www.ceskatelevize.cz\/...\/1011837...\/221411000141213\/ &nbsp; 23:00 minuta &nbsp; 13.12. 2021 prob\u011bhlo slavnostn\u00ed ukotven\u00ed prvn\u00edho sloupu na nov\u00e9 severn\u00ed tribun\u011b Letn\u00edho stadionu za \u00fa\u010dasti prim\u00e1tora m\u011bsta Pardubice, p. Charv\u00e1ta, gener\u00e1ln\u00edho \u0159editele spole\u010dnosti PORR a.s., p. \u010c\u00ed\u017eka a p\u0159edsedy Fotbalov\u00e9 [...]<\/p><\/div><\/article><article class=\"post fusion-column column col col-lg-4 col-md-4 col-sm-4\"><div class=\"fusion-flexslider flexslider floated-slideshow flexslider-hover-type-none\"><ul class=\"slides\"><li><a href=\"https:\/\/zpsv-cz.webvalleypreview.com\/en\/cenik-2021\/\" class=\"hover-type-none\" aria-label=\"Informativn\u00ed cen\u00edk 2021\"><img loading=\"lazy\" decoding=\"async\" src=\"https:\/\/zpsv-cz.webvalleypreview.com\/wp-content\/uploads\/2019\/01\/o-spolecnosti-ico-1.svg\" class=\"attachment-portfolio-five size-portfolio-five\" alt=\"\" height=\"117\" width=\"117\" \/><\/a><\/li><\/ul><\/div><div class=\"recent-posts-content\"><span class=\"vcard\" style=\"display: none;\"><span class=\"fn\"><a href=\"https:\/\/zpsv-cz.webvalleypreview.com\/en\/author\/novotny\/\" title=\"Posts by Novotny\" rel=\"author\">Novotny<\/a><\/span><\/span><span class=\"updated\" style=\"display:none;\">2021-06-11T10:58:06+02:00<\/span><h4 class=\"entry-title\"><a href=\"https:\/\/zpsv-cz.webvalleypreview.com\/en\/cenik-2021\/\">Informativn\u00ed cen\u00edk 2021<\/a><\/h4><p class=\"meta\"><span class=\"vcard\" style=\"display: none;\"><span class=\"fn\"><a href=\"https:\/\/zpsv-cz.webvalleypreview.com\/en\/author\/novotny\/\" title=\"Posts by Novotny\" rel=\"author\">Novotny<\/a><\/span><\/span><span class=\"updated\" style=\"display:none;\">2021-06-11T10:58:06+02:00<\/span><span>1. \u010dervna 2021<\/span><span class=\"fusion-inline-sep\">|<\/span><\/p><p>Aktu\u00e1ln\u00ed cen\u00edk betonov\u00fdch v\u00fdrobk\u016f \u017dPSV<\/p><\/div><\/article><article class=\"post fusion-column column col col-lg-4 col-md-4 col-sm-4\"><div class=\"fusion-flexslider flexslider floated-slideshow flexslider-hover-type-none\"><ul class=\"slides\"><li><a href=\"https:\/\/zpsv-cz.webvalleypreview.com\/en\/reference-pozemni-stavby-2020\/\" class=\"hover-type-none\" aria-label=\"Referen\u010dn\u00ed stavby 2020 &#8211; Pozemn\u00ed stavby\"><img decoding=\"async\" src=\"https:\/\/zpsv-cz.webvalleypreview.com\/wp-content\/uploads\/2019\/01\/pozemni-stavby-ico.svg\" class=\"attachment-portfolio-five size-portfolio-five\" alt=\"\" height=\"110.226\" width=\"97.594\" \/><\/a><\/li><\/ul><\/div><div class=\"recent-posts-content\"><span class=\"vcard\" style=\"display: none;\"><span class=\"fn\"><a href=\"https:\/\/zpsv-cz.webvalleypreview.com\/en\/author\/novotny\/\" title=\"Posts by Novotny\" rel=\"author\">Novotny<\/a><\/span><\/span><span class=\"updated\" style=\"display:none;\">2021-03-05T11:48:14+01:00<\/span><h4 class=\"entry-title\"><a href=\"https:\/\/zpsv-cz.webvalleypreview.com\/en\/reference-pozemni-stavby-2020\/\">Referen\u010dn\u00ed stavby 2020 &#8211; Pozemn\u00ed stavby<\/a><\/h4><p class=\"meta\"><span class=\"vcard\" style=\"display: none;\"><span class=\"fn\"><a href=\"https:\/\/zpsv-cz.webvalleypreview.com\/en\/author\/novotny\/\" title=\"Posts by Novotny\" rel=\"author\">Novotny<\/a><\/span><\/span><span class=\"updated\" style=\"display:none;\">2021-03-05T11:48:14+01:00<\/span><span>January 8th, 2021<\/span><span class=\"fusion-inline-sep\">|<\/span><\/p><p>&nbsp; &nbsp; Nov\u00fd katalog referen\u010dn\u00edch pozemn\u00edch staveb<\/p><\/div><\/article><article class=\"post fusion-column column col col-lg-4 col-md-4 col-sm-4\"><div class=\"fusion-flexslider flexslider floated-slideshow flexslider-hover-type-none\"><ul class=\"slides\"><li><a href=\"https:\/\/zpsv-cz.webvalleypreview.com\/en\/its-cup-2019-2\/\" class=\"hover-type-none\" aria-label=\"Referen\u010dn\u00ed stavby 2019 &#8211; Pozemn\u00ed stavby\"><img decoding=\"async\" src=\"https:\/\/zpsv-cz.webvalleypreview.com\/wp-content\/uploads\/2019\/01\/pozemni-stavby-ico.svg\" class=\"attachment-portfolio-five size-portfolio-five\" alt=\"\" height=\"110.226\" width=\"97.594\" \/><\/a><\/li><\/ul><\/div><div class=\"recent-posts-content\"><span class=\"vcard\" style=\"display: none;\"><span class=\"fn\"><a href=\"https:\/\/zpsv-cz.webvalleypreview.com\/en\/author\/novotny\/\" title=\"Posts by Novotny\" rel=\"author\">Novotny<\/a><\/span><\/span><span class=\"updated\" style=\"display:none;\">2021-03-05T11:47:06+01:00<\/span><h4 class=\"entry-title\"><a href=\"https:\/\/zpsv-cz.webvalleypreview.com\/en\/its-cup-2019-2\/\">Referen\u010dn\u00ed stavby 2019 &#8211; Pozemn\u00ed stavby<\/a><\/h4><p class=\"meta\"><span class=\"vcard\" style=\"display: none;\"><span class=\"fn\"><a href=\"https:\/\/zpsv-cz.webvalleypreview.com\/en\/author\/novotny\/\" title=\"Posts by Novotny\" rel=\"author\">Novotny<\/a><\/span><\/span><span class=\"updated\" style=\"display:none;\">2021-03-05T11:47:06+01:00<\/span><span>December 18th, 2019<\/span><span class=\"fusion-inline-sep\">|<\/span><\/p><p>&nbsp; &nbsp; Nov\u00fd katalog referen\u010dn\u00edch pozemn\u00edch staveb<\/p><\/div><\/article><article class=\"post fusion-column column col col-lg-4 col-md-4 col-sm-4\"><div class=\"fusion-flexslider flexslider floated-slideshow flexslider-hover-type-none\"><ul class=\"slides\"><li><a href=\"https:\/\/zpsv-cz.webvalleypreview.com\/en\/slavnostni-otevreni-ostrava-airport-multimodal-park-i-etapa\/\" class=\"hover-type-none\" aria-label=\"Slavnostn\u00ed otev\u0159en\u00ed Ostrava Airport Multimodal Park I. Etapa\"><img decoding=\"async\" src=\"https:\/\/zpsv-cz.webvalleypreview.com\/wp-content\/uploads\/2019\/01\/pozemni-stavby-ico.svg\" class=\"attachment-portfolio-five size-portfolio-five\" alt=\"\" height=\"110.226\" width=\"97.594\" \/><\/a><\/li><\/ul><\/div><div class=\"recent-posts-content\"><span class=\"vcard\" style=\"display: none;\"><span class=\"fn\"><a href=\"https:\/\/zpsv-cz.webvalleypreview.com\/en\/author\/novotny\/\" title=\"Posts by Novotny\" rel=\"author\">Novotny<\/a><\/span><\/span><span class=\"updated\" style=\"display:none;\">2021-03-05T11:49:37+01:00<\/span><h4 class=\"entry-title\"><a href=\"https:\/\/zpsv-cz.webvalleypreview.com\/en\/slavnostni-otevreni-ostrava-airport-multimodal-park-i-etapa\/\">Slavnostn\u00ed otev\u0159en\u00ed Ostrava Airport Multimodal Park I. Etapa<\/a><\/h4><p class=\"meta\"><span class=\"vcard\" style=\"display: none;\"><span class=\"fn\"><a href=\"https:\/\/zpsv-cz.webvalleypreview.com\/en\/author\/novotny\/\" title=\"Posts by Novotny\" rel=\"author\">Novotny<\/a><\/span><\/span><span class=\"updated\" style=\"display:none;\">2021-03-05T11:49:37+01:00<\/span><span>June 27th, 2019<\/span><span class=\"fusion-inline-sep\">|<\/span><\/p><p>Dne 20.6.2019 n\u00e1m bylo ct\u00ed z\u00fa\u010dastnit se slavnostn\u00edho otev\u0159en\u00ed I. Etapy logistick\u00e9ho centra Ostrava Airport Multimodal Park. Po \u00favodn\u00edm proslovu pana Petra Kaliny \u2013 statut\u00e1rn\u00edho \u0159editele spole\u010dnosti Concens Investments jsme m\u011bli mo\u017enost shl\u00e9dnout kr\u00e1tk\u00e9 video [...]<\/p><\/div><\/article><\/section><\/div><div class=\"fusion-clearfix\"><\/div>\r\n\r\n\t\t\t\t\t<\/div>\r\n\t\t\t\t<\/div><\/div><\/div>","protected":false},"excerpt":{"rendered":"","protected":false},"author":1,"featured_media":9719,"parent":14,"menu_order":6,"comment_status":"closed","ping_status":"closed","template":"","meta":{"footnotes":""},"_links":{"self":[{"href":"https:\/\/zpsv-cz.webvalleypreview.com\/en\/wp-json\/wp\/v2\/pages\/9897"}],"collection":[{"href":"https:\/\/zpsv-cz.webvalleypreview.com\/en\/wp-json\/wp\/v2\/pages"}],"about":[{"href":"https:\/\/zpsv-cz.webvalleypreview.com\/en\/wp-json\/wp\/v2\/types\/page"}],"author":[{"embeddable":true,"href":"https:\/\/zpsv-cz.webvalleypreview.com\/en\/wp-json\/wp\/v2\/users\/1"}],"replies":[{"embeddable":true,"href":"https:\/\/zpsv-cz.webvalleypreview.com\/en\/wp-json\/wp\/v2\/comments?post=9897"}],"version-history":[{"count":0,"href":"https:\/\/zpsv-cz.webvalleypreview.com\/en\/wp-json\/wp\/v2\/pages\/9897\/revisions"}],"up":[{"embeddable":true,"href":"https:\/\/zpsv-cz.webvalleypreview.com\/en\/wp-json\/wp\/v2\/pages\/14"}],"wp:featuredmedia":[{"embeddable":true,"href":"https:\/\/zpsv-cz.webvalleypreview.com\/en\/wp-json\/wp\/v2\/media\/9719"}],"wp:attachment":[{"href":"https:\/\/zpsv-cz.webvalleypreview.com\/en\/wp-json\/wp\/v2\/media?parent=9897"}],"curies":[{"name":"wp","href":"https:\/\/api.w.org\/{rel}","templated":true}]}}