{"id":9901,"date":"2019-03-18T13:29:26","date_gmt":"2019-03-18T12:29:26","guid":{"rendered":"https:\/\/zpsv.cz\/?page_id=9901"},"modified":"2021-01-05T14:07:50","modified_gmt":"2021-01-05T13:07:50","slug":"letaky","status":"publish","type":"page","link":"https:\/\/zpsv-cz.webvalleypreview.com\/en\/ke-stazeni\/letaky\/","title":{"rendered":"Leaflets"},"content":{"rendered":"<div class=\"fusion-fullwidth fullwidth-box nonhundred-percent-fullwidth non-hundred-percent-height-scrolling\"  style='background-color: rgba(255,255,255,0);background-position: center center;background-repeat: no-repeat;padding-top:0px;padding-right:0px;padding-bottom:0px;padding-left:0px;'><div class=\"fusion-builder-row fusion-row\"><div  class=\"fusion-layout-column fusion_builder_column fusion_builder_column_1_4  fusion-one-fourth fusion-column-first 1_4\"  style='margin-top:0px;margin-bottom:20px;width:25%;width:calc(25% - ( ( 4% + 4% + 4% ) * 0.25 ) );margin-right: 4%;'>\r\n\t\t\t\t\t<div class=\"fusion-column-wrapper\" style=\"padding: 0px 0px 0px 0px;background-position:left top;background-repeat:no-repeat;-webkit-background-size:cover;-moz-background-size:cover;-o-background-size:cover;background-size:cover;\"   data-bg-url=\"\">\r\n\t\t\t\t\t\t<div class=\"fusion-text\"><div class=\"sidemenu\"><ul><li class=\"page_item page-item-20 page_item_has_children current_page_ancestor\"><ul class=\"children\"><li class=\"page_item page_item_has_children\"><a href=\"https:\/\/zpsv-cz.webvalleypreview.com\/en\/ke-stazeni\/ceniky\/\" class=\"\">Price lists<\/a><\/li><li class=\"page_item page_item_has_children\"><a href=\"https:\/\/zpsv-cz.webvalleypreview.com\/en\/ke-stazeni\/certifikaty\/\" class=\"\">Certifications<\/a><\/li><li class=\"page_item page_item_has_children\"><a href=\"https:\/\/zpsv-cz.webvalleypreview.com\/en\/ke-stazeni\/informace-pro-akcionare\/\" class=\"\">Information for former shareholders<\/a><\/li><li class=\"page_item page_item_has_children\"><a href=\"https:\/\/zpsv-cz.webvalleypreview.com\/en\/ke-stazeni\/katalogy\/\" class=\"\">Catalogues<\/a><\/li><li class=\"page_item page_item_has_children\"><a href=\"https:\/\/zpsv-cz.webvalleypreview.com\/en\/ke-stazeni\/konanos\/\" class=\"\">KoNaNos<\/a><\/li><li class=\"page_item page_item_has_children  current_page_item\"><a href=\"https:\/\/zpsv-cz.webvalleypreview.com\/en\/ke-stazeni\/letaky\/\" class=\"\">Leaflets<\/a><\/li><li class=\"page_item page_item_has_children\"><a href=\"https:\/\/zpsv-cz.webvalleypreview.com\/en\/ke-stazeni\/montazni-navody\/\" class=\"\">Mounting instructions<\/a><\/li><li class=\"page_item page_item_has_children\"><a href=\"https:\/\/zpsv-cz.webvalleypreview.com\/en\/ke-stazeni\/opz97\/\" class=\"\">OPZ 97<\/a><\/li><li class=\"page_item page_item_has_children\"><a href=\"https:\/\/zpsv-cz.webvalleypreview.com\/en\/ke-stazeni\/ostatni\/\" class=\"\">others<\/a><\/li><li class=\"page_item page_item_has_children\"><a href=\"https:\/\/zpsv-cz.webvalleypreview.com\/en\/ke-stazeni\/reklamacni-rad\/\" class=\"\">Complaints Procedure<\/a><\/li><li class=\"page_item page_item_has_children\"><a href=\"https:\/\/zpsv-cz.webvalleypreview.com\/en\/ke-stazeni\/technicke-podminky-dodaci\/\" class=\"\">TECHNICAL CONDITIONS OF DELIVERY<\/a><\/li><li class=\"page_item page_item_has_children\"><a href=\"https:\/\/zpsv-cz.webvalleypreview.com\/en\/ke-stazeni\/vseobecne-technicke-pozadavky\/\" class=\"\">General technical requirements<\/a><\/li><li class=\"page_item page_item_has_children\"><a href=\"https:\/\/zpsv-cz.webvalleypreview.com\/en\/ke-stazeni\/vyrobni-stitky\/\" class=\"\">Production labels<\/a><\/li><\/ul><\/li><\/ul><\/div>\n<\/div><div class=\"fusion-clearfix\"><\/div>\r\n\r\n\t\t\t\t\t<\/div>\r\n\t\t\t\t<\/div><div  class=\"fusion-layout-column fusion_builder_column fusion_builder_column_1_4  fusion-one-fourth 1_4\"  style='margin-top:0px;margin-bottom:20px;width:25%;width:calc(25% - ( ( 4% + 4% + 4% ) * 0.25 ) );margin-right: 4%;'>\r\n\t\t\t\t\t<div class=\"fusion-column-wrapper\" style=\"padding: 0px 0px 0px 0px;background-position:left top;background-repeat:no-repeat;-webkit-background-size:cover;-moz-background-size:cover;-o-background-size:cover;background-size:cover;\"   data-bg-url=\"\">\r\n\t\t\t\t\t\t<div class=\"fusion-text\"><p><a href=\"https:\/\/zpsv-cz.webvalleypreview.com\/wp-content\/uploads\/2020\/10\/ZPSV-PROTIHLUKOVA-OPATRENI-2020.pdf\"><img loading=\"lazy\" decoding=\"async\" class=\"size-full wp-image-11564 aligncenter\" src=\"https:\/\/zpsv-cz.webvalleypreview.com\/wp-content\/uploads\/2020\/10\/ZPSV-PROTIHLUKOVA-OPATRENI-2020-n.jpg\" alt=\"\" width=\"200\" height=\"283\" \/><\/a><\/p>\n<\/div><div class=\"fusion-text\"><p style=\"text-align: center;\">Protihlukov\u00e1 opat\u0159en\u00ed<\/p>\n<\/div><div class=\"fusion-clearfix\"><\/div>\r\n\r\n\t\t\t\t\t<\/div>\r\n\t\t\t\t<\/div><div  class=\"fusion-layout-column fusion_builder_column fusion_builder_column_1_4  fusion-one-fourth 1_4\"  style='margin-top:0px;margin-bottom:20px;width:25%;width:calc(25% - ( ( 4% + 4% + 4% ) * 0.25 ) );margin-right: 4%;'>\r\n\t\t\t\t\t<div class=\"fusion-column-wrapper\" style=\"padding: 0px 0px 0px 0px;background-position:left top;background-repeat:no-repeat;-webkit-background-size:cover;-moz-background-size:cover;-o-background-size:cover;background-size:cover;\"   data-bg-url=\"\">\r\n\t\t\t\t\t\t<div class=\"fusion-text hide-en\"><p style=\"text-align: center;\"><a href=\"https:\/\/zpsv-cz.webvalleypreview.com\/wp-content\/uploads\/2019\/06\/ZPSV-PROFIL-2019-CZ.pdf\"><img loading=\"lazy\" decoding=\"async\" class=\"alignnone size-full wp-image-10449\" src=\"https:\/\/zpsv-cz.webvalleypreview.com\/wp-content\/uploads\/2019\/06\/ZPSV-PROFIL-2019-CZ-n.jpg\" alt=\"\" width=\"283\" height=\"283\" srcset=\"https:\/\/zpsv-cz.webvalleypreview.com\/wp-content\/uploads\/2019\/06\/ZPSV-PROFIL-2019-CZ-n-66x66.jpg 66w, https:\/\/zpsv-cz.webvalleypreview.com\/wp-content\/uploads\/2019\/06\/ZPSV-PROFIL-2019-CZ-n-150x150.jpg 150w, https:\/\/zpsv-cz.webvalleypreview.com\/wp-content\/uploads\/2019\/06\/ZPSV-PROFIL-2019-CZ-n-200x200.jpg 200w, https:\/\/zpsv-cz.webvalleypreview.com\/wp-content\/uploads\/2019\/06\/ZPSV-PROFIL-2019-CZ-n.jpg 283w\" sizes=\"(max-width: 283px) 100vw, 283px\" \/><\/a><\/p>\n<\/div><div class=\"fusion-text hide-en\"><p style=\"text-align: center;\"><strong>Company profile - EN<\/strong><\/p>\n<\/div><div class=\"fusion-clearfix\"><\/div>\r\n\r\n\t\t\t\t\t<\/div>\r\n\t\t\t\t<\/div><div  class=\"fusion-layout-column fusion_builder_column fusion_builder_column_1_4  fusion-one-fourth fusion-column-last 1_4\"  style='margin-top:0px;margin-bottom:20px;width:25%;width:calc(25% - ( ( 4% + 4% + 4% ) * 0.25 ) );'>\r\n\t\t\t\t\t<div class=\"fusion-column-wrapper\" style=\"padding: 0px 0px 0px 0px;background-position:left top;background-repeat:no-repeat;-webkit-background-size:cover;-moz-background-size:cover;-o-background-size:cover;background-size:cover;\"   data-bg-url=\"\">\r\n\t\t\t\t\t\t<div class=\"fusion-text hide-cz\"><p><a href=\"https:\/\/zpsv-cz.webvalleypreview.com\/wp-content\/uploads\/2020\/05\/ZPSV-PROFILE-2019-EN.pdf\"><img loading=\"lazy\" decoding=\"async\" class=\"size-full wp-image-11202 aligncenter\" src=\"https:\/\/zpsv-cz.webvalleypreview.com\/wp-content\/uploads\/2020\/05\/ZPSV-PROFILE-2019-EN-n.jpg\" alt=\"\" width=\"200\" height=\"200\" srcset=\"https:\/\/zpsv-cz.webvalleypreview.com\/wp-content\/uploads\/2020\/05\/ZPSV-PROFILE-2019-EN-n-66x66.jpg 66w, https:\/\/zpsv-cz.webvalleypreview.com\/wp-content\/uploads\/2020\/05\/ZPSV-PROFILE-2019-EN-n-150x150.jpg 150w, https:\/\/zpsv-cz.webvalleypreview.com\/wp-content\/uploads\/2020\/05\/ZPSV-PROFILE-2019-EN-n.jpg 200w\" sizes=\"(max-width: 200px) 100vw, 200px\" \/><\/a><\/p>\n<\/div><div class=\"fusion-text hide-cz\"><p style=\"text-align: center;\"><strong>Company profile &#8211; EN<\/strong><\/p>\n<\/div><div class=\"fusion-clearfix\"><\/div>\r\n\r\n\t\t\t\t\t<\/div>\r\n\t\t\t\t<\/div><div  class=\"fusion-layout-column fusion_builder_column fusion_builder_column_1_4  fusion-one-fourth fusion-column-first 1_4\"  style='margin-top:0px;margin-bottom:20px;width:25%;width:calc(25% - ( ( 4% + 4% + 4% ) * 0.25 ) );margin-right: 4%;'>\r\n\t\t\t\t\t<div class=\"fusion-column-wrapper\" style=\"padding: 0px 0px 0px 0px;background-position:left top;background-repeat:no-repeat;-webkit-background-size:cover;-moz-background-size:cover;-o-background-size:cover;background-size:cover;\"   data-bg-url=\"\">\r\n\t\t\t\t\t\t<div class=\"fusion-clearfix\"><\/div>\r\n\r\n\t\t\t\t\t<\/div>\r\n\t\t\t\t<\/div><div  class=\"fusion-layout-column fusion_builder_column fusion_builder_column_1_4  fusion-one-fourth 1_4\"  style='margin-top:0px;margin-bottom:20px;width:25%;width:calc(25% - ( ( 4% + 4% + 4% ) * 0.25 ) );margin-right: 4%;'>\r\n\t\t\t\t\t<div class=\"fusion-column-wrapper\" style=\"padding: 0px 0px 0px 0px;background-position:left top;background-repeat:no-repeat;-webkit-background-size:cover;-moz-background-size:cover;-o-background-size:cover;background-size:cover;\"   data-bg-url=\"\">\r\n\t\t\t\t\t\t<div class=\"fusion-text\"><p><a href=\"https:\/\/zpsv-cz.webvalleypreview.com\/wp-content\/uploads\/2020\/12\/Betonove-prazce-ZPSV.pdf\"><img loading=\"lazy\" decoding=\"async\" class=\"size-full wp-image-11666 aligncenter\" src=\"https:\/\/zpsv-cz.webvalleypreview.com\/wp-content\/uploads\/2020\/12\/Betonove-prazce-ZPSV.jpg\" alt=\"\" width=\"200\" height=\"283\" \/><\/a><\/p>\n<\/div><div class=\"fusion-text\"><p style=\"text-align: center;\">Betonov\u00e9 pra\u017ece<\/p>\n<\/div><div class=\"fusion-clearfix\"><\/div>\r\n\r\n\t\t\t\t\t<\/div>\r\n\t\t\t\t<\/div><div  class=\"fusion-layout-column fusion_builder_column fusion_builder_column_1_4  fusion-one-fourth 1_4\"  style='margin-top:0px;margin-bottom:20px;width:25%;width:calc(25% - ( ( 4% + 4% + 4% ) * 0.25 ) );margin-right: 4%;'>\r\n\t\t\t\t\t<div class=\"fusion-column-wrapper\" style=\"padding: 0px 0px 0px 0px;background-position:left top;background-repeat:no-repeat;-webkit-background-size:cover;-moz-background-size:cover;-o-background-size:cover;background-size:cover;\"   data-bg-url=\"\">\r\n\t\t\t\t\t\t<div class=\"fusion-text\"><p><a href=\"https:\/\/zpsv-cz.webvalleypreview.com\/wp-content\/uploads\/2020\/12\/Betonove-nastupistni-pristresky-ZPSV.pdf\"><img loading=\"lazy\" decoding=\"async\" class=\"size-full wp-image-11664 aligncenter\" src=\"https:\/\/zpsv-cz.webvalleypreview.com\/wp-content\/uploads\/2020\/12\/Betonove-nastupistni-pristresky-ZPSV.jpg\" alt=\"\" width=\"200\" height=\"283\" \/><\/a><\/p>\n<\/div><div class=\"fusion-text\"><p style=\"text-align: center;\">Betonov\u00e9 n\u00e1stupi\u0161tn\u00ed p\u0159\u00edst\u0159e\u0161ky<\/p>\n<\/div><div class=\"fusion-clearfix\"><\/div>\r\n\r\n\t\t\t\t\t<\/div>\r\n\t\t\t\t<\/div><div  class=\"fusion-layout-column fusion_builder_column fusion_builder_column_1_4  fusion-one-fourth fusion-column-last 1_4\"  style='margin-top:0px;margin-bottom:20px;width:25%;width:calc(25% - ( ( 4% + 4% + 4% ) * 0.25 ) );'>\r\n\t\t\t\t\t<div class=\"fusion-column-wrapper\" style=\"padding: 0px 0px 0px 0px;background-position:left top;background-repeat:no-repeat;-webkit-background-size:cover;-moz-background-size:cover;-o-background-size:cover;background-size:cover;\"   data-bg-url=\"\">\r\n\t\t\t\t\t\t<div class=\"fusion-text\"><p><a href=\"https:\/\/zpsv-cz.webvalleypreview.com\/wp-content\/uploads\/2021\/01\/ZPSV-nadrze.pdf\"><img loading=\"lazy\" decoding=\"async\" class=\"size-full wp-image-11687 aligncenter\" src=\"https:\/\/zpsv-cz.webvalleypreview.com\/wp-content\/uploads\/2021\/01\/ZPSV-nadrze.jpg\" alt=\"\" width=\"200\" height=\"283\" \/><\/a><\/p>\n<\/div><div class=\"fusion-text\"><p style=\"text-align: center;\">N\u00e1dr\u017ee<\/p>\n<\/div><div class=\"fusion-clearfix\"><\/div>\r\n\r\n\t\t\t\t\t<\/div>\r\n\t\t\t\t<\/div><div  class=\"fusion-layout-column fusion_builder_column fusion_builder_column_1_4  fusion-one-fourth fusion-column-first 1_4\"  style='margin-top:0px;margin-bottom:20px;width:25%;width:calc(25% - ( ( 4% + 4% + 4% ) * 0.25 ) );margin-right: 4%;'>\r\n\t\t\t\t\t<div class=\"fusion-column-wrapper\" style=\"padding: 0px 0px 0px 0px;background-position:left top;background-repeat:no-repeat;-webkit-background-size:cover;-moz-background-size:cover;-o-background-size:cover;background-size:cover;\"   data-bg-url=\"\">\r\n\t\t\t\t\t\t<div class=\"fusion-clearfix\"><\/div>\r\n\r\n\t\t\t\t\t<\/div>\r\n\t\t\t\t<\/div><div  class=\"fusion-layout-column fusion_builder_column fusion_builder_column_1_4  fusion-one-fourth 1_4\"  style='margin-top:0px;margin-bottom:20px;width:25%;width:calc(25% - ( ( 4% + 4% + 4% ) * 0.25 ) );margin-right: 4%;'>\r\n\t\t\t\t\t<div class=\"fusion-column-wrapper\" style=\"padding: 0px 0px 0px 0px;background-position:left top;background-repeat:no-repeat;-webkit-background-size:cover;-moz-background-size:cover;-o-background-size:cover;background-size:cover;\"   data-bg-url=\"\">\r\n\t\t\t\t\t\t<div class=\"fusion-text\"><p style=\"text-align: center;\"><a href=\"https:\/\/zpsv-cz.webvalleypreview.com\/wp-content\/uploads\/2021\/01\/ZPSV-mostni-konstrukce.pdf\"><img loading=\"lazy\" decoding=\"async\" class=\"alignnone size-full wp-image-11690\" src=\"https:\/\/zpsv-cz.webvalleypreview.com\/wp-content\/uploads\/2021\/01\/ZPSV-mostni-konstrukce.jpg\" alt=\"\" width=\"200\" height=\"283\" \/><\/a><\/p>\n<\/div><div class=\"fusion-text\"><p style=\"text-align: center;\">Mostn\u00ed konstrukce<\/p>\n<\/div><div class=\"fusion-clearfix\"><\/div>\r\n\r\n\t\t\t\t\t<\/div>\r\n\t\t\t\t<\/div><div  class=\"fusion-layout-column fusion_builder_column fusion_builder_column_1_4  fusion-one-fourth 1_4\"  style='margin-top:0px;margin-bottom:20px;width:25%;width:calc(25% - ( ( 4% + 4% + 4% ) * 0.25 ) );margin-right: 4%;'>\r\n\t\t\t\t\t<div class=\"fusion-column-wrapper\" style=\"padding: 0px 0px 0px 0px;background-position:left top;background-repeat:no-repeat;-webkit-background-size:cover;-moz-background-size:cover;-o-background-size:cover;background-size:cover;\"   data-bg-url=\"\">\r\n\t\t\t\t\t\t<div class=\"fusion-text\"><p><a href=\"https:\/\/zpsv-cz.webvalleypreview.com\/wp-content\/uploads\/2021\/01\/ZPSV-mphs-velox.pdf\"><img loading=\"lazy\" decoding=\"async\" class=\"size-full wp-image-11692 aligncenter\" src=\"https:\/\/zpsv-cz.webvalleypreview.com\/wp-content\/uploads\/2021\/01\/ZPSV-mphs-velox.jpg\" alt=\"\" width=\"200\" height=\"283\" \/><\/a><\/p>\n<\/div><div class=\"fusion-text\"><p style=\"text-align: center;\">Mobiln\u00ed protihlukov\u00e9 st\u011bny<\/p>\n<\/div><div class=\"fusion-clearfix\"><\/div>\r\n\r\n\t\t\t\t\t<\/div>\r\n\t\t\t\t<\/div><div  class=\"fusion-layout-column fusion_builder_column fusion_builder_column_1_4  fusion-one-fourth fusion-column-last 1_4\"  style='margin-top:0px;margin-bottom:20px;width:25%;width:calc(25% - ( ( 4% + 4% + 4% ) * 0.25 ) );'>\r\n\t\t\t\t\t<div class=\"fusion-column-wrapper\" style=\"padding: 0px 0px 0px 0px;background-position:left top;background-repeat:no-repeat;-webkit-background-size:cover;-moz-background-size:cover;-o-background-size:cover;background-size:cover;\"   data-bg-url=\"\">\r\n\t\t\t\t\t\t<div class=\"fusion-text\"><p><a href=\"https:\/\/zpsv-cz.webvalleypreview.com\/wp-content\/uploads\/2021\/01\/ZPSV-nastupiste-umsteiger-plus-2000.pdf\"><img loading=\"lazy\" decoding=\"async\" class=\"size-full wp-image-11694 aligncenter\" src=\"https:\/\/zpsv-cz.webvalleypreview.com\/wp-content\/uploads\/2021\/01\/ZPSV-nastupiste-umsteiger-plus-2000.jpg\" alt=\"\" width=\"200\" height=\"283\" \/><\/a><\/p>\n<\/div><div class=\"fusion-text\"><p style=\"text-align: center;\">N\u00e1stupi\u0161t\u011b Umsteiger Plus 2000<\/p>\n<\/div><div class=\"fusion-clearfix\"><\/div>\r\n\r\n\t\t\t\t\t<\/div>\r\n\t\t\t\t<\/div><\/div><\/div>","protected":false},"excerpt":{"rendered":"","protected":false},"author":1,"featured_media":9717,"parent":20,"menu_order":21,"comment_status":"closed","ping_status":"closed","template":"","meta":{"footnotes":""},"_links":{"self":[{"href":"https:\/\/zpsv-cz.webvalleypreview.com\/en\/wp-json\/wp\/v2\/pages\/9901"}],"collection":[{"href":"https:\/\/zpsv-cz.webvalleypreview.com\/en\/wp-json\/wp\/v2\/pages"}],"about":[{"href":"https:\/\/zpsv-cz.webvalleypreview.com\/en\/wp-json\/wp\/v2\/types\/page"}],"author":[{"embeddable":true,"href":"https:\/\/zpsv-cz.webvalleypreview.com\/en\/wp-json\/wp\/v2\/users\/1"}],"replies":[{"embeddable":true,"href":"https:\/\/zpsv-cz.webvalleypreview.com\/en\/wp-json\/wp\/v2\/comments?post=9901"}],"version-history":[{"count":0,"href":"https:\/\/zpsv-cz.webvalleypreview.com\/en\/wp-json\/wp\/v2\/pages\/9901\/revisions"}],"up":[{"embeddable":true,"href":"https:\/\/zpsv-cz.webvalleypreview.com\/en\/wp-json\/wp\/v2\/pages\/20"}],"wp:featuredmedia":[{"embeddable":true,"href":"https:\/\/zpsv-cz.webvalleypreview.com\/en\/wp-json\/wp\/v2\/media\/9717"}],"wp:attachment":[{"href":"https:\/\/zpsv-cz.webvalleypreview.com\/en\/wp-json\/wp\/v2\/media?parent=9901"}],"curies":[{"name":"wp","href":"https:\/\/api.w.org\/{rel}","templated":true}]}}